{"id":11800,"date":"2023-01-19T09:25:51","date_gmt":"2023-01-19T08:25:51","guid":{"rendered":"https:\/\/www.eberle.at\/?page_id=11800"},"modified":"2023-01-30T12:05:33","modified_gmt":"2023-01-30T11:05:33","slug":"digitale-innovation","status":"publish","type":"page","link":"https:\/\/www.eberle.at\/de\/unternehmen\/karriere\/digitale-innovation\/","title":{"rendered":"Digitale Innovation"},"content":{"rendered":"<div class=\"wpb-content-wrapper\"><h1 class=\"seo-page-title\">Digitale Innovation<\/h1><p>[vc_row][vc_column]<div class=\"carousel\">\r\n        <ul class=\"carousel__items\">\r\n\t\t\t\t<li>\r\n\t\t\t\t\t<img decoding=\"async\" data-src=\"https:\/\/www.eberle.at\/wp-content\/uploads\/2023\/01\/1920_400_Lehre_Banner01.jpg\" src=\"data:image\/svg+xml;base64,PHN2ZyB3aWR0aD0iMSIgaGVpZ2h0PSIxIiB4bWxucz0iaHR0cDovL3d3dy53My5vcmcvMjAwMC9zdmciPjwvc3ZnPg==\" class=\"lazyload\" style=\"--smush-placeholder-width: 1920px; --smush-placeholder-aspect-ratio: 1920\/400;\" \/>\r\n                    \r\n\t\t\t\t<\/li>\r\n        <\/ul>\r\n        <\/div>[\/vc_column][\/vc_row][vc_row][vc_column]<h1 class=\"page-title\">Digitale Innovation<\/h1>[\/vc_column][\/vc_row][vc_row][vc_column][vc_column_text]<\/p>\n<h3><strong>Neuer Studiengang Informatik &#8211; Digital Innovation<\/strong><\/h3>\n<p>Fach- und F\u00fchrungskr\u00e4fte in der Informatik (oder an der Schnittstelle zwischen Informatik und Wirtschaft), die die digitale Transformation begleiten und deren Chancen n\u00fctzen, sind aktuell rar am Arbeitsmarkt.\u00a0Und auch in den n\u00e4chsten Jahren wird die Nachfrage nach Informatikerinnen bzw. Informatikern weiter steigen. Die beruflichen Perspektiven in nahezu allen Sparten werden immer vielf\u00e4ltiger.<\/p>\n<p><strong>Ist das Studium das richtige f\u00fcr Sie?<\/strong><\/p>\n<ul>\n<li><i class=\"fa fa-arrow-right\"><\/i>Sie haben Interesse an digitalen Innovations- und Transformationsprozessen?<\/li>\n<li>Sie sind kreativ, haben Ideen und m\u00f6chten diese auch umsetzen?<\/li>\n<li>\u200b\u200b\u200b\u200b\u200bSie haben schon einmal daran gedacht, ein Startup oder Spinnoff zu gr\u00fcnden?<\/li>\n<li>\u200b\u200b\u200b\u200bSie m\u00f6chten gerne in einer Schnittstellenfunktion zwischen Informatik und Betriebswirtschaft agieren?<\/li>\n<\/ul>\n<p>Dann ist dieses interdisziplin\u00e4re berufsbegleitende Bachelorstudium ideal f\u00fcr Sie, um zuk\u00fcnftig digitale Innovationen und Transformationsprozesse in Unternehmen zu erkennen, zu unterst\u00fctzen, deren Folgen absch\u00e4tzen und diese partizipativ zu implementieren.<\/p>\n<p><a href=\"https:\/\/www.fhv.at\/studium\/technik\/informatik-digital-innovation-bsc\/\">https:\/\/www.fhv.at\/studium\/technik\/informatik-digital-innovation-bsc\/<\/a><\/p>\n<p>&nbsp;<\/p>\n<p><iframe title=\"Informatik \u2013 Digital Innovation an der FHV \u2013 Vorarlberg University of Applied Sciences studieren\" width=\"525\" height=\"295\" data-src=\"https:\/\/www.youtube.com\/embed\/S0GR-e2r2P4?feature=oembed\" frameborder=\"0\" allow=\"accelerometer; autoplay; clipboard-write; encrypted-media; gyroscope; picture-in-picture; web-share\" referrerpolicy=\"strict-origin-when-cross-origin\" allowfullscreen src=\"data:image\/svg+xml;base64,PHN2ZyB3aWR0aD0iMSIgaGVpZ2h0PSIxIiB4bWxucz0iaHR0cDovL3d3dy53My5vcmcvMjAwMC9zdmciPjwvc3ZnPg==\" class=\"lazyload\" data-load-mode=\"1\"><\/iframe><\/p>\n<\/div>","protected":false},"excerpt":{"rendered":"<p>Digitale Innovation[vc_row][vc_column][\/vc_column][\/vc_row][vc_row][vc_column][\/vc_column][\/vc_row][vc_row][vc_column][vc_column_text] Neuer Studiengang Informatik &#8211; Digital Innovation Fach- und F\u00fchrungskr\u00e4fte in der Informatik (oder an der Schnittstelle zwischen Informatik und Wirtschaft), die die digitale Transformation begleiten und deren Chancen n\u00fctzen, sind aktuell rar am Arbeitsmarkt.\u00a0Und auch in den n\u00e4chsten Jahren wird die Nachfrage nach Informatikerinnen bzw. Informatikern weiter steigen. Die beruflichen Perspektiven in nahezu [&hellip;]<\/p>\n","protected":false},"author":10,"featured_media":11807,"parent":4552,"menu_order":0,"comment_status":"closed","ping_status":"closed","template":"","meta":{"footnotes":""},"class_list":["post-11800","page","type-page","status-publish","has-post-thumbnail","hentry"],"_links":{"self":[{"href":"https:\/\/www.eberle.at\/de\/wp-json\/wp\/v2\/pages\/11800","targetHints":{"allow":["GET"]}}],"collection":[{"href":"https:\/\/www.eberle.at\/de\/wp-json\/wp\/v2\/pages"}],"about":[{"href":"https:\/\/www.eberle.at\/de\/wp-json\/wp\/v2\/types\/page"}],"author":[{"embeddable":true,"href":"https:\/\/www.eberle.at\/de\/wp-json\/wp\/v2\/users\/10"}],"replies":[{"embeddable":true,"href":"https:\/\/www.eberle.at\/de\/wp-json\/wp\/v2\/comments?post=11800"}],"version-history":[{"count":5,"href":"https:\/\/www.eberle.at\/de\/wp-json\/wp\/v2\/pages\/11800\/revisions"}],"predecessor-version":[{"id":12487,"href":"https:\/\/www.eberle.at\/de\/wp-json\/wp\/v2\/pages\/11800\/revisions\/12487"}],"up":[{"embeddable":true,"href":"https:\/\/www.eberle.at\/de\/wp-json\/wp\/v2\/pages\/4552"}],"wp:featuredmedia":[{"embeddable":true,"href":"https:\/\/www.eberle.at\/de\/wp-json\/wp\/v2\/media\/11807"}],"wp:attachment":[{"href":"https:\/\/www.eberle.at\/de\/wp-json\/wp\/v2\/media?parent=11800"}],"curies":[{"name":"wp","href":"https:\/\/api.w.org\/{rel}","templated":true}]}}