{"id":1410,"date":"2017-10-20T15:16:00","date_gmt":"2017-10-20T13:16:00","guid":{"rendered":"https:\/\/www.eberle.at\/?page_id=1410"},"modified":"2026-04-07T07:15:54","modified_gmt":"2026-04-07T06:15:54","slug":"ftl","status":"publish","type":"page","link":"https:\/\/www.eberle.at\/de\/produkte\/ftl\/","title":{"rendered":"FTL"},"content":{"rendered":"<div class=\"wpb-content-wrapper\"><h1 class=\"seo-page-title\">FTL<\/h1><p>[vc_row el_class=&#8220;full-width&#8220;][vc_column]<div class=\"carousel\">\r\n        <ul class=\"carousel__items\">\r\n\t\t\t\t<li>\r\n\t\t\t\t\t<img decoding=\"async\" data-src=\"https:\/\/www.eberle.at\/wp-content\/uploads\/2017\/10\/FTS_outdoor_1920_400.jpg\" src=\"data:image\/svg+xml;base64,PHN2ZyB3aWR0aD0iMSIgaGVpZ2h0PSIxIiB4bWxucz0iaHR0cDovL3d3dy53My5vcmcvMjAwMC9zdmciPjwvc3ZnPg==\" class=\"lazyload\" style=\"--smush-placeholder-width: 1920px; --smush-placeholder-aspect-ratio: 1920\/400;\" \/>\r\n                    \r\n\t\t\t\t<\/li>\r\n        <\/ul>\r\n        <\/div>[\/vc_column][\/vc_row][vc_row el_class=&#8220;card&#8220;][vc_column width=&#8220;1\/3&#8243; offset=&#8220;vc_col-md-12&#8243;][vc_column_text]<\/p>\n<h3>Automatisiert Transporte \u2022 Regelt Zutritte \u2022 Optimiert Prozesse<\/h3>\n<p>[\/vc_column_text][\/vc_column][vc_column width=&#8220;1\/3&#8243;][vc_column_text]Die Fahrerlose Transport L\u00f6sung \u2014 FTL von Eberle steuert autonome Transportroboter und automatisiert so Transportaufgaben in der Intralogistik. FTL erm\u00f6glicht eine automatische Kommunikation zwischen Transportrobotern, der Geb\u00e4udeinfrastruktur, den Fertigungseinrichtungen wie Maschinen und Anlagen sowie der Unternehmensleitebene (Enterprise-Resource-Planning \u2014 ERP).[\/vc_column_text][\/vc_column][vc_column width=&#8220;1\/3&#8243;][vc_column_text]FTL erh\u00f6ht die Reichweite von fahrerlosen Transportrobotern. Durch dynamische Fahrauftr\u00e4ge steuert es die optimale Auslastung der gesamten Flotte. Das Managementsystem FTL garantiert als Leitprogramm einen sicheren und stabilen Ablauf in der Transportkette und steuert automatisch Transportauftr\u00e4ge, Abwicklungen und Zutrittsberechtigungen der Roboter in den einzelnen Bereichen.[\/vc_column_text][\/vc_column][\/vc_row][vc_row][vc_column]\r\n\t\t\t<div class=\"eas_separator\">\r\n\t\t\t\t<hr\/>\r\n\t\t\t\t<div>\r\n\t\t\t\t\t<h2 class=\"u_text-center h1\">Fahrerlose Transport L\u00f6sung<\/h2>\r\n\t\t\t\t<\/div>\r\n\t\t\t<\/div>[\/vc_column][\/vc_row][vc_row][vc_column width=&#8220;1\/3&#8243; offset=&#8220;vc_col-md-12&#8243;]\r\n\t\t\t<div class=\"card\">\r\n\t\t\t\t<div class=\"s_richtext\">\r\n\t\t\t\t\t<h3>Autonome fahrerlose Transportsysteme<\/h3>\n\r\n\t\t\t\t<\/div>\r\n\t\t\t<\/div>[\/vc_column][vc_column width=&#8220;1\/3&#8243;][vc_single_image image=&#8220;18616&#8243; img_size=&#8220;full&#8220; css=&#8220;&#8220;][\/vc_column][vc_column width=&#8220;1\/3&#8243;]\r\n\t\t\t<div class=\"card\">\r\n\t\t\t\t<div class=\"s_richtext\">\r\n\t\t\t\t\t<p>Basis einer jeden FTL-L\u00f6sung sind autonom navigierende Transportroboter. Diese sind in der Lage, sich selbstst\u00e4ndig anhand von Umgebungsstrukturen zu orientieren und erkennen \u00fcber die integrierte Sensorik Hindernisse im Fahrweg. Die Transportroboter errechnen eigenst\u00e4ndig ihre Position und planen die Route zum Ziel automatisch. Transportroboter entlasten Mitarbeiter und machen die Intralogistik effizient und hoch verf\u00fcgbar.<\/p>\n\r\n\t\t\t\t<\/div>\r\n\t\t\t<\/div>[\/vc_column][\/vc_row][vc_row][vc_column width=&#8220;1\/3&#8243; offset=&#8220;vc_col-md-12&#8243;]\r\n\t\t\t<div class=\"card\">\r\n\t\t\t\t<div class=\"s_richtext\">\r\n\t\t\t\t\t<h3>FTL macht den Weg frei<\/h3>\n\r\n\t\t\t\t<\/div>\r\n\t\t\t<\/div>[\/vc_column][vc_column width=&#8220;1\/3&#8243;][vc_single_image image=&#8220;18622&#8243; img_size=&#8220;full&#8220; css=&#8220;&#8220;][\/vc_column][vc_column width=&#8220;1\/3&#8243;]\r\n\t\t\t<div class=\"card\">\r\n\t\t\t\t<div class=\"s_richtext\">\r\n\t\t\t\t\t<p>Autonome Transportroboter navigieren zwar selbstst\u00e4ndig, k\u00f6nnen jedoch standardm\u00e4\u00dfig keine baulichen Hindernisse wie Schleusen, T\u00fcren, Tore oder Aufz\u00fcge \u00fcberwinden. F\u00fcr die Kommunikation zwischen Transportroboter und baulicher Barriere ben\u00f6tigt es ein \u00fcbergeordnetes Managementsystem, welches beispielsweise T\u00fcren \u00f6ffnet und den Zutritt regelt.<\/p>\n<p>Die Fahrerlose Transport L\u00f6sung \u2014 FTL von Eberle stellt die Kommunikation zwischen Transportroboter und baulicher Barriere her. FTL erh\u00f6ht somit die Reichweite von Transportrobotern \u00fcber Schleusen, Zug\u00e4nge und Etagen hinweg.<\/p>\n\r\n\t\t\t\t<\/div>\r\n\t\t\t<\/div>[\/vc_column][\/vc_row][vc_row][vc_column width=&#8220;1\/3&#8243; offset=&#8220;vc_col-md-12&#8243;]\r\n\t\t\t<div class=\"card\">\r\n\t\t\t\t<div class=\"s_richtext\">\r\n\t\t\t\t\t<h3>Automatisierter Materialfluss<\/h3>\n\r\n\t\t\t\t<\/div>\r\n\t\t\t<\/div>[\/vc_column][vc_column width=&#8220;1\/3&#8243;][vc_single_image image=&#8220;18628&#8243; img_size=&#8220;full&#8220; css=&#8220;&#8220;][\/vc_column][vc_column width=&#8220;1\/3&#8243;]\r\n\t\t\t<div class=\"card\">\r\n\t\t\t\t<div class=\"s_richtext\">\r\n\t\t\t\t\t<p>F\u00fcr die Be- und Entladung von Maschinen stellt FTL die Schnittstelle zur automatisierten Verkettung f\u00fcr die Materialflusssteuerung bereit. Beim Erreichen einer Losgr\u00f6\u00dfe sendet beispielsweise die Maschine den Auftrag zum Abtransport der Ware an das FTL-System. Dieses pr\u00fcft, welcher Transportroboter aus der Flotte in n\u00e4chster N\u00e4he zur Verf\u00fcgung steht und \u00fcbermittelt ihm den Fahrauftrag.<\/p>\n<p>FTL sorgt f\u00fcr fl\u00fcssige Transporte, vermeidet Staubildung und garantiert fortlaufend die Materialverf\u00fcgbarkeit an der Maschine. Dadurch erh\u00f6ht FTL den Autonomiegrad von Anlagen. Die durchg\u00e4ngige und automatische Datenaufzeichnung macht Transportvorg\u00e4nge transparent und nachvollziehbar.<\/p>\n\r\n\t\t\t\t<\/div>\r\n\t\t\t<\/div>[\/vc_column][\/vc_row][vc_row][vc_column width=&#8220;1\/3&#8243; offset=&#8220;vc_col-md-12&#8243;]\r\n\t\t\t<div class=\"card\">\r\n\t\t\t\t<div class=\"s_richtext\">\r\n\t\t\t\t\t<h3>control &#8211; Roboter mobil anfordern<\/h3>\n\r\n\t\t\t\t<\/div>\r\n\t\t\t<\/div>[\/vc_column][vc_column width=&#8220;1\/3&#8243;][vc_single_image image=&#8220;18688&#8243; img_size=&#8220;full&#8220; css=&#8220;&#8220;][\/vc_column][vc_column width=&#8220;1\/3&#8243;]\r\n\t\t\t<div class=\"card\">\r\n\t\t\t\t<div class=\"s_richtext\">\r\n\t\t\t\t\t<p>Bei Handarbeitspl\u00e4tzen oder sporadisch ben\u00f6tigten Transporten bietet FTL in Kombination mit dem control die M\u00f6glichkeit, einen Transportroboter mittels mobiler Ger\u00e4te anzufordern. So kann etwa ein Mitarbeiter \u00fcber die Webanwendung control am Handy die Abholposition eingeben und eine Route festlegen. FTL nimmt den Transportauftrag entgegen und organisiert die Abholung.<\/p>\n<p>FTL macht Transportroboter flexibel und garantiert einen optimierten Materialfluss am Arbeitsplatz. Automatisierte Anlieferungen und Abtransporte entlasten die Mitarbeiter und schaffen Ressourcen f\u00fcr die Kernaufgaben des Personals.<\/p>\n\r\n\t\t\t\t<\/div>\r\n\t\t\t<\/div>[\/vc_column][\/vc_row][vc_row][vc_column width=&#8220;1\/3&#8243; offset=&#8220;vc_col-md-12&#8243;]\r\n\t\t\t<div class=\"card\">\r\n\t\t\t\t<div class=\"s_richtext\">\r\n\t\t\t\t\t<h3>Vertikale Integration f\u00fcr FTL<\/h3>\n\r\n\t\t\t\t<\/div>\r\n\t\t\t<\/div>[\/vc_column][vc_column width=&#8220;1\/3&#8243;][vc_single_image image=&#8220;12350&#8243; img_size=&#8220;full&#8220;][\/vc_column][vc_column width=&#8220;1\/3&#8243;]\r\n\t\t\t<div class=\"card\">\r\n\t\t\t\t<div class=\"s_richtext\">\r\n\t\t\t\t\t<p>Die IoT-Plattform control verkn\u00fcpft die Fahrerlose Transport L\u00f6sung FTL mit der Unternehmensleitebene (Enterprise-Resource-Planning \u2014 ERP). Das control dient einerseits als Datenschnittstelle zwischen ERP und FTL und erm\u00f6glicht andererseits auch die manuelle Eingabe von Transportauftr\u00e4gen. Das control \u00fcbernimmt die operativen Roboterdaten vom FTL und speichert diese fortlaufend und durchg\u00e4ngig f\u00fcr die Betriebsdatenerfassung. Unternehmensweit stehen \u00fcber die Webapplikation control Informationen zu Transportauftr\u00e4gen, Status, Wartungsinformationen usw. jederzeit zur Verf\u00fcgung.<\/p>\n<p>control und FTL automatisieren die Intralogistik von der obersten Unternehmensebene weg. Transportaufgaben werden damit durchg\u00e4ngig transparent und beispielsweise direkt mit der Auftragsbearbeitung verkn\u00fcpfbar. Transportvorg\u00e4nge in der Intralogistik sind jederzeit nachvollziehbar.<\/p>\n\r\n\t\t\t\t<\/div>\r\n\t\t\t<\/div>[\/vc_column][\/vc_row][vc_row][vc_column width=&#8220;1\/3&#8243; offset=&#8220;vc_col-md-12&#8243;]\r\n\t\t\t<div class=\"card\">\r\n\t\t\t\t<div class=\"s_richtext\">\r\n\t\t\t\t\t<h3>Demovideo<\/h3>\n\r\n\t\t\t\t<\/div>\r\n\t\t\t<\/div>[\/vc_column][vc_column width=&#8220;1\/3&#8243;][vc_video link=&#8220;https:\/\/youtu.be\/bbOY6mv48VM&#8220;][\/vc_column][vc_column width=&#8220;1\/3&#8243;]\r\n\t\t\t<div class=\"card\">\r\n\t\t\t\t<div class=\"s_richtext\">\r\n\t\t\t\t\t<p>FTL, FTS und control in der praktischen Anwendung. FTL managt den automatischen Abtransport von Material sowie die Navigation \u00fcber mehrere Stockwerke und den Betriebshof im Au\u00dfenbereich.<\/p>\n\r\n\t\t\t\t<\/div>\r\n\t\t\t<\/div>[\/vc_column][\/vc_row]<\/p>\n<\/div>","protected":false},"excerpt":{"rendered":"<p>FTL[vc_row el_class=&#8220;full-width&#8220;][vc_column][\/vc_column][\/vc_row][vc_row el_class=&#8220;card&#8220;][vc_column width=&#8220;1\/3&#8243; offset=&#8220;vc_col-md-12&#8243;][vc_column_text] Automatisiert Transporte \u2022 Regelt Zutritte \u2022 Optimiert Prozesse [\/vc_column_text][\/vc_column][vc_column width=&#8220;1\/3&#8243;][vc_column_text]Die Fahrerlose Transport L\u00f6sung \u2014 FTL von Eberle steuert autonome Transportroboter und automatisiert so Transportaufgaben in der Intralogistik. FTL erm\u00f6glicht eine automatische Kommunikation zwischen Transportrobotern, der Geb\u00e4udeinfrastruktur, den Fertigungseinrichtungen wie Maschinen und Anlagen sowie der Unternehmensleitebene (Enterprise-Resource-Planning \u2014 ERP).[\/vc_column_text][\/vc_column][vc_column width=&#8220;1\/3&#8243;][vc_column_text]FTL erh\u00f6ht [&hellip;]<\/p>\n","protected":false},"author":1,"featured_media":0,"parent":239,"menu_order":60,"comment_status":"closed","ping_status":"closed","template":"","meta":{"footnotes":""},"class_list":["post-1410","page","type-page","status-publish","hentry"],"_links":{"self":[{"href":"https:\/\/www.eberle.at\/de\/wp-json\/wp\/v2\/pages\/1410","targetHints":{"allow":["GET"]}}],"collection":[{"href":"https:\/\/www.eberle.at\/de\/wp-json\/wp\/v2\/pages"}],"about":[{"href":"https:\/\/www.eberle.at\/de\/wp-json\/wp\/v2\/types\/page"}],"author":[{"embeddable":true,"href":"https:\/\/www.eberle.at\/de\/wp-json\/wp\/v2\/users\/1"}],"replies":[{"embeddable":true,"href":"https:\/\/www.eberle.at\/de\/wp-json\/wp\/v2\/comments?post=1410"}],"version-history":[{"count":21,"href":"https:\/\/www.eberle.at\/de\/wp-json\/wp\/v2\/pages\/1410\/revisions"}],"predecessor-version":[{"id":18690,"href":"https:\/\/www.eberle.at\/de\/wp-json\/wp\/v2\/pages\/1410\/revisions\/18690"}],"up":[{"embeddable":true,"href":"https:\/\/www.eberle.at\/de\/wp-json\/wp\/v2\/pages\/239"}],"wp:attachment":[{"href":"https:\/\/www.eberle.at\/de\/wp-json\/wp\/v2\/media?parent=1410"}],"curies":[{"name":"wp","href":"https:\/\/api.w.org\/{rel}","templated":true}]}}