{"id":17086,"date":"2024-06-05T07:22:05","date_gmt":"2024-06-05T06:22:05","guid":{"rendered":"https:\/\/www.eberle.at\/service-2\/"},"modified":"2024-06-10T06:41:47","modified_gmt":"2024-06-10T05:41:47","slug":"hirnerai","status":"publish","type":"page","link":"https:\/\/www.eberle.at\/de\/hirnerai\/","title":{"rendered":"Hirnerai"},"content":{"rendered":"<div class=\"wpb-content-wrapper\"><h1 class=\"seo-page-title\">Hirnerai<\/h1><p>[vc_row el_class=&#8220;full-width&#8220;][vc_column][vc_single_image image=&#8220;17091&#8243; img_size=&#8220;full&#8220; alignment=&#8220;center&#8220; css=&#8220;&#8220;][\/vc_column][\/vc_row][vc_row][vc_column]\r\n\t\t\t<div class=\"eas_separator\">\r\n\t\t\t\t<hr\/>\r\n\t\t\t\t<div>\r\n\t\t\t\t\t<h2 class=\"u_text-center h1\">Hirnerai - unsere Ideenschmiede<\/h2>\r\n\t\t\t\t<\/div>\r\n\t\t\t<\/div>[\/vc_column][\/vc_row][vc_row el_class=&#8220;card&#8220;][vc_column][vc_column_text css=&#8220;.vc_custom_1717570437681{border-top-width: 10px !important;border-bottom-width: 10px !important;padding-top: 10px !important;padding-bottom: 10px !important;}&#8220;]Sie steht als selbstbewusster eigener Bauk\u00f6rper positioniert, dient als Umschlagplatz f\u00fcr Gedanken und Ankerpunkt f\u00fcr experimentelle Forschung und Entwicklung. Die Nutzung als Ort des Lernens wird unterst\u00fctzt durch die Vernetzung mit der <a href=\"https:\/\/www.vactory.at\/\" target=\"_blank\" rel=\"noopener\">FHV Digital Factory<\/a> und renommierten Forschungszentren.[\/vc_column_text][vc_column_text css=&#8220;&#8220;]<\/p>\n<p>Hier sehen Sie, was sich aktuell in unserer hirnerai bewegt<\/p>\n<h2><a href=\"https:\/\/hirnerai.at\/\" target=\"_blank\" rel=\"noopener\"><strong>hirnerai.at<\/strong><\/a><\/h2>\n<p>[\/vc_column_text][\/vc_column][\/vc_row]<\/p>\n<\/div>","protected":false},"excerpt":{"rendered":"<p>Hirnerai[vc_row el_class=&#8220;full-width&#8220;][vc_column][vc_single_image image=&#8220;17091&#8243; img_size=&#8220;full&#8220; alignment=&#8220;center&#8220; css=&#8220;&#8220;][\/vc_column][\/vc_row][vc_row][vc_column][\/vc_column][\/vc_row][vc_row el_class=&#8220;card&#8220;][vc_column][vc_column_text css=&#8220;.vc_custom_1717570437681{border-top-width: 10px !important;border-bottom-width: 10px !important;padding-top: 10px !important;padding-bottom: 10px !important;}&#8220;]Sie steht als selbstbewusster eigener Bauk\u00f6rper positioniert, dient als Umschlagplatz f\u00fcr Gedanken und Ankerpunkt f\u00fcr experimentelle Forschung und Entwicklung. Die Nutzung als Ort des Lernens wird unterst\u00fctzt durch die Vernetzung mit der FHV Digital Factory und renommierten Forschungszentren.[\/vc_column_text][vc_column_text css=&#8220;&#8220;] Hier [&hellip;]<\/p>\n","protected":false},"author":10,"featured_media":0,"parent":0,"menu_order":86,"comment_status":"closed","ping_status":"closed","template":"","meta":{"footnotes":""},"class_list":["post-17086","page","type-page","status-publish","hentry"],"_links":{"self":[{"href":"https:\/\/www.eberle.at\/de\/wp-json\/wp\/v2\/pages\/17086","targetHints":{"allow":["GET"]}}],"collection":[{"href":"https:\/\/www.eberle.at\/de\/wp-json\/wp\/v2\/pages"}],"about":[{"href":"https:\/\/www.eberle.at\/de\/wp-json\/wp\/v2\/types\/page"}],"author":[{"embeddable":true,"href":"https:\/\/www.eberle.at\/de\/wp-json\/wp\/v2\/users\/10"}],"replies":[{"embeddable":true,"href":"https:\/\/www.eberle.at\/de\/wp-json\/wp\/v2\/comments?post=17086"}],"version-history":[{"count":8,"href":"https:\/\/www.eberle.at\/de\/wp-json\/wp\/v2\/pages\/17086\/revisions"}],"predecessor-version":[{"id":17122,"href":"https:\/\/www.eberle.at\/de\/wp-json\/wp\/v2\/pages\/17086\/revisions\/17122"}],"wp:attachment":[{"href":"https:\/\/www.eberle.at\/de\/wp-json\/wp\/v2\/media?parent=17086"}],"curies":[{"name":"wp","href":"https:\/\/api.w.org\/{rel}","templated":true}]}}