{"id":17327,"date":"2024-12-03T14:54:56","date_gmt":"2024-12-03T13:54:56","guid":{"rendered":"https:\/\/www.eberle.at\/?page_id=17327"},"modified":"2026-02-10T14:46:27","modified_gmt":"2026-02-10T13:46:27","slug":"mbm","status":"publish","type":"page","link":"https:\/\/www.eberle.at\/de\/unternehmen\/mbm\/","title":{"rendered":"mbm"},"content":{"rendered":"<div class=\"wpb-content-wrapper\"><h1 class=\"seo-page-title\">mbm<\/h1><p>[vc_row el_class=&#8220;full-width&#8220;][vc_column][vc_single_image image=&#8220;17427&#8243; img_size=&#8220;full&#8220; alignment=&#8220;center&#8220; css=&#8220;&#8220;][\/vc_column][\/vc_row][vc_row][vc_column]\r\n\t\t\t<div class=\"eas_separator\">\r\n\t\t\t\t<hr\/>\r\n\t\t\t\t<div>\r\n\t\t\t\t\t<h2 class=\"u_text-center h1\">mbm- eine Marke von Eberle Automatische Systeme<\/h2>\r\n\t\t\t\t<\/div>\r\n\t\t\t<\/div>[\/vc_column][\/vc_row][vc_row el_class=&#8220;card&#8220;][vc_column][vc_column_text css=&#8220;.vc_custom_1732796138235{border-top-width: 10px !important;border-bottom-width: 10px !important;padding-top: 10px !important;padding-bottom: 10px !important;}&#8220;]<strong>mbm\u00a0<\/strong>ist der Spezialist f\u00fcr automatisierte Gehrungsschnitte und baut daf\u00fcr Gehrungs- und Doppelgehrungss\u00e4gen. Zuverl\u00e4ssigkeit und Pr\u00e4zision mit der Leidenschaft zum perfekten Schnitt zeichnet\u00a0<strong>mbm- Maschinen<\/strong>\u00a0besonders aus. Im Laufe der Zeit wurde das Portfolio um weitere Maschinen- und Automatisierungsl\u00f6sungen erweitert. So hat sich\u00a0<strong>mbm\u00a0<\/strong>zum Komplettl\u00f6sungsanbieter f\u00fcr die industrielle Produktion von S\u00e4rgen etabliert.<\/p>\n<p>Mit der \u00dcbernahme durch Eberle Automatische Systeme GmbH &amp; Co KG aus Dornbirn im Jahr 2023 wurde das Angebot um digitale Industrie 4.0 L\u00f6sungen erweitert. Das verbindet nun den bew\u00e4hrten zuverl\u00e4ssigen Maschinenbau mit modernen Softwarel\u00f6sungen f\u00fcr eine sichere, effiziente und ressourcenoptimierte Produktion.[\/vc_column_text][vc_column_text css=&#8220;&#8220;]Hier sehen Sie, was uns im Moment bei mbm besch\u00e4ftig<\/p>\n<h1><a href=\"https:\/\/mbm.at\/\" target=\"_blank\" rel=\"noopener\">mbm.at<\/a><\/h1>\n<p>[\/vc_column_text][\/vc_column][\/vc_row][vc_row][vc_column][vc_single_image image=&#8220;17348&#8243; img_size=&#8220;250*100&#8243; alignment=&#8220;right&#8220; css=&#8220;&#8220;][\/vc_column][\/vc_row]<\/p>\n<\/div>","protected":false},"excerpt":{"rendered":"<p>mbm[vc_row el_class=&#8220;full-width&#8220;][vc_column][vc_single_image image=&#8220;17427&#8243; img_size=&#8220;full&#8220; alignment=&#8220;center&#8220; css=&#8220;&#8220;][\/vc_column][\/vc_row][vc_row][vc_column][\/vc_column][\/vc_row][vc_row el_class=&#8220;card&#8220;][vc_column][vc_column_text css=&#8220;.vc_custom_1732796138235{border-top-width: 10px !important;border-bottom-width: 10px !important;padding-top: 10px !important;padding-bottom: 10px !important;}&#8220;]mbm\u00a0ist der Spezialist f\u00fcr automatisierte Gehrungsschnitte und baut daf\u00fcr Gehrungs- und Doppelgehrungss\u00e4gen. Zuverl\u00e4ssigkeit und Pr\u00e4zision mit der Leidenschaft zum perfekten Schnitt zeichnet\u00a0mbm- Maschinen\u00a0besonders aus. Im Laufe der Zeit wurde das Portfolio um weitere Maschinen- und Automatisierungsl\u00f6sungen erweitert. So hat sich\u00a0mbm\u00a0zum [&hellip;]<\/p>\n","protected":false},"author":10,"featured_media":0,"parent":233,"menu_order":86,"comment_status":"closed","ping_status":"closed","template":"","meta":{"footnotes":""},"class_list":["post-17327","page","type-page","status-publish","hentry"],"_links":{"self":[{"href":"https:\/\/www.eberle.at\/de\/wp-json\/wp\/v2\/pages\/17327","targetHints":{"allow":["GET"]}}],"collection":[{"href":"https:\/\/www.eberle.at\/de\/wp-json\/wp\/v2\/pages"}],"about":[{"href":"https:\/\/www.eberle.at\/de\/wp-json\/wp\/v2\/types\/page"}],"author":[{"embeddable":true,"href":"https:\/\/www.eberle.at\/de\/wp-json\/wp\/v2\/users\/10"}],"replies":[{"embeddable":true,"href":"https:\/\/www.eberle.at\/de\/wp-json\/wp\/v2\/comments?post=17327"}],"version-history":[{"count":10,"href":"https:\/\/www.eberle.at\/de\/wp-json\/wp\/v2\/pages\/17327\/revisions"}],"predecessor-version":[{"id":18309,"href":"https:\/\/www.eberle.at\/de\/wp-json\/wp\/v2\/pages\/17327\/revisions\/18309"}],"up":[{"embeddable":true,"href":"https:\/\/www.eberle.at\/de\/wp-json\/wp\/v2\/pages\/233"}],"wp:attachment":[{"href":"https:\/\/www.eberle.at\/de\/wp-json\/wp\/v2\/media?parent=17327"}],"curies":[{"name":"wp","href":"https:\/\/api.w.org\/{rel}","templated":true}]}}