{"id":231,"date":"2017-09-04T13:49:52","date_gmt":"2017-09-04T13:49:52","guid":{"rendered":"http:\/\/www.eberle.at\/?page_id=231"},"modified":"2026-03-31T08:22:57","modified_gmt":"2026-03-31T07:22:57","slug":"start","status":"publish","type":"page","link":"https:\/\/www.eberle.at\/de\/","title":{"rendered":"Start"},"content":{"rendered":"<div class=\"wpb-content-wrapper\"><h1 class=\"seo-page-title\">Start<\/h1><p>[vc_row el_class=&#8220;full-width&#8220;][vc_column]<div class=\"carousel\">\r\n        <ul class=\"carousel__items\">\r\n\t\t\t\t<li>\r\n\t\t\t\t\t<img decoding=\"async\" data-src=\"https:\/\/www.eberle.at\/wp-content\/uploads\/2017\/09\/7.-Automatisierung-ist-unsere-Welt.jpg\" src=\"data:image\/svg+xml;base64,PHN2ZyB3aWR0aD0iMSIgaGVpZ2h0PSIxIiB4bWxucz0iaHR0cDovL3d3dy53My5vcmcvMjAwMC9zdmciPjwvc3ZnPg==\" class=\"lazyload\" style=\"--smush-placeholder-width: 1920px; --smush-placeholder-aspect-ratio: 1920\/500;\" \/>\r\n                    <div class=\"carousel__text\">\r\n                    <h3>Automatisierung ist unsere Welt <\/h3>\r\n                    <\/div>\r\n\t\t\t\t<\/li>\r\n\t\t\t\t<li>\r\n\t\t\t\t\t<img decoding=\"async\" data-src=\"https:\/\/www.eberle.at\/wp-content\/uploads\/2017\/09\/1.-Wir-liefern-L\u00f6sungen-f\u00fcr-Industrie-4.0.jpg\" src=\"data:image\/svg+xml;base64,PHN2ZyB3aWR0aD0iMSIgaGVpZ2h0PSIxIiB4bWxucz0iaHR0cDovL3d3dy53My5vcmcvMjAwMC9zdmciPjwvc3ZnPg==\" class=\"lazyload\" style=\"--smush-placeholder-width: 1920px; --smush-placeholder-aspect-ratio: 1920\/500;\" \/>\r\n                    <div class=\"carousel__text\">\r\n                    <h3>Wir liefern L\u00f6sungen f\u00fcr Industrie 4.0 <\/h3>\r\n                    <\/div>\r\n\t\t\t\t<\/li>\r\n\t\t\t\t<li>\r\n\t\t\t\t\t<img decoding=\"async\" data-src=\"https:\/\/www.eberle.at\/wp-content\/uploads\/2017\/09\/2.-mit-klarem-Fokus-und-Pr\u00e4zision.jpg\" src=\"data:image\/svg+xml;base64,PHN2ZyB3aWR0aD0iMSIgaGVpZ2h0PSIxIiB4bWxucz0iaHR0cDovL3d3dy53My5vcmcvMjAwMC9zdmciPjwvc3ZnPg==\" class=\"lazyload\" style=\"--smush-placeholder-width: 1920px; --smush-placeholder-aspect-ratio: 1920\/500;\" \/>\r\n                    <div class=\"carousel__text\">\r\n                    <h3>mit klarem Fokus und Pr\u00e4zision <\/h3>\r\n                    <\/div>\r\n\t\t\t\t<\/li>\r\n\t\t\t\t<li>\r\n\t\t\t\t\t<img decoding=\"async\" data-src=\"https:\/\/www.eberle.at\/wp-content\/uploads\/2024\/06\/1920_500_Mitarbeiter_2024.png\" src=\"data:image\/svg+xml;base64,PHN2ZyB3aWR0aD0iMSIgaGVpZ2h0PSIxIiB4bWxucz0iaHR0cDovL3d3dy53My5vcmcvMjAwMC9zdmciPjwvc3ZnPg==\" class=\"lazyload\" style=\"--smush-placeholder-width: 1920px; --smush-placeholder-aspect-ratio: 1920\/500;\" \/>\r\n                    <div class=\"carousel__text\">\r\n                    <h3>mit einem motivierten Team <\/h3>\r\n                    <\/div>\r\n\t\t\t\t<\/li>\r\n\t\t\t\t<li>\r\n\t\t\t\t\t<img decoding=\"async\" data-src=\"https:\/\/www.eberle.at\/wp-content\/uploads\/2017\/09\/4.-als-treibende-Kraft-in-Projekten.jpg\" src=\"data:image\/svg+xml;base64,PHN2ZyB3aWR0aD0iMSIgaGVpZ2h0PSIxIiB4bWxucz0iaHR0cDovL3d3dy53My5vcmcvMjAwMC9zdmciPjwvc3ZnPg==\" class=\"lazyload\" style=\"--smush-placeholder-width: 1920px; --smush-placeholder-aspect-ratio: 1920\/500;\" \/>\r\n                    <div class=\"carousel__text\">\r\n                    <h3>als treibende Kraft in Projekten <\/h3>\r\n                    <\/div>\r\n\t\t\t\t<\/li>\r\n\t\t\t\t<li>\r\n\t\t\t\t\t<img decoding=\"async\" data-src=\"https:\/\/www.eberle.at\/wp-content\/uploads\/2017\/09\/5.-mit-standardisierten-Modulen.jpg\" src=\"data:image\/svg+xml;base64,PHN2ZyB3aWR0aD0iMSIgaGVpZ2h0PSIxIiB4bWxucz0iaHR0cDovL3d3dy53My5vcmcvMjAwMC9zdmciPjwvc3ZnPg==\" class=\"lazyload\" style=\"--smush-placeholder-width: 1920px; --smush-placeholder-aspect-ratio: 1920\/500;\" \/>\r\n                    <div class=\"carousel__text\">\r\n                    <h3>mit standardisierten Modulen <\/h3>\r\n                    <\/div>\r\n\t\t\t\t<\/li>\r\n        <\/ul>\r\n        <\/div>[\/vc_column][\/vc_row][vc_row][vc_column][\/vc_column][\/vc_row][vc_row][vc_column]\r\n\t\t\t<div class=\"eas_separator\">\r\n\t\t\t\t<hr\/>\r\n\t\t\t\t<div>\r\n\t\t\t\t\t<h2 class=\"u_text-center h1\"><\/h2>\r\n\t\t\t\t<\/div>\r\n\t\t\t<\/div>[\/vc_column][vc_column]<h1 class=\"page-title\">Wir sind Ihr Partner f\u00fcr die anspruchsvolle Automatisierungstechnik<\/h1>[\/vc_column][vc_column width=&#8220;1\/3&#8243;]\r\n\t\t\t<div class=\"s_richtext\">\r\n\t\t\t\t<h2 class=\"h1\"><a href=\"https:\/\/www.eberle.at\/de\/loesungen\/roboterautomation\/\"  title=\"Roboterautomation\" class=\"link\">Roboterautomation<\/a><\/h2>\r\n\t\t\t\t<p>Mensch Roboter Kollaboration \u2022 Palettieranlagen \u2022 Maschinenverkettung \u2022 Griff in die Kiste \u2022 Transportroboter<\/p>\r\n\t\t\t<\/div>[\/vc_column][vc_column width=&#8220;1\/3&#8243;]\r\n\t\t\t<div class=\"s_richtext\">\r\n\t\t\t\t<h2 class=\"h1\"><a href=\"https:\/\/www.eberle.at\/de\/loesungen\/maschinenbau\/\"  title=\"Maschinenbau\" class=\"link\">Maschinenbau<\/a><\/h2>\r\n\t\t\t\t<p>Sondermaschinen \u2022 Anlagenbau \u2022 Anlagentuning \u2022 Dosiertechnik \u2022 Retrofit \u2022 4D Planung<\/p>\r\n\t\t\t<\/div>[\/vc_column][vc_column width=&#8220;1\/3&#8243;]\r\n\t\t\t<div class=\"s_richtext\">\r\n\t\t\t\t<h2 class=\"h1\"><a href=\"https:\/\/www.eberle.at\/de\/loesungen\/sps-systemtechnik\/\"  title=\"SPS Systemtechnik\" class=\"link\">SPS Systemtechnik<\/a><\/h2>\r\n\t\t\t\t<p>Elektroplanung \u2022 SPS Software \u2022 Safety Software \u2022 Servoantriebe \u2022 Verteiler- und Schaltanlagenbau \u2022 Inbetriebnahme<\/p>\r\n\t\t\t<\/div>[\/vc_column][vc_column width=&#8220;1\/3&#8243;]\r\n\t\t\t<div class=\"s_richtext\">\r\n\t\t\t\t<h2 class=\"h1\"><a href=\"https:\/\/www.eberle.at\/de\/loesungen\/industrielle-bildverarbeitung\/\"  title=\"Industrielle Bildverarbeitung\" class=\"link\">Industrielle Bildverarbeitung<\/a><\/h2>\r\n\t\t\t\t<p>Qualit\u00e4tskontrolle \u2022 Objekterkennung \u2022 Objektvermessung \u2022 Oberfl\u00e4cheninspektion \u2022 Augmented Reality<\/p>\r\n\t\t\t<\/div>[\/vc_column][vc_column width=&#8220;1\/3&#8243;]\r\n\t\t\t<div class=\"s_richtext\">\r\n\t\t\t\t<h2 class=\"h1\"><a href=\"https:\/\/www.eberle.at\/de\/loesungen\/prozess-monitoring-scada\/\"  title=\"Prozess Monitoring \u2014 SCADA\" class=\"link\">Prozess Monitoring \u2014 SCADA<\/a><\/h2>\r\n\t\t\t\t<p>Monitoring \u2022 Big-Data \u2022 Remote L\u00f6sungen \u2022 3D Visualisierung \u2022 HMI<\/p>\r\n\t\t\t<\/div>[\/vc_column][vc_column width=&#8220;1\/3&#8243;]\r\n\t\t\t<div class=\"s_richtext\">\r\n\t\t\t\t<h2 class=\"h1\"><a href=\"https:\/\/www.eberle.at\/de\/loesungen\/it-loesungen\/\"  title=\"IT L\u00f6sungen\" class=\"link\">IT L\u00f6sungen<\/a><\/h2>\r\n\t\t\t\t<p>Industrie 4.0 \u2022 Software \u2022 Hardware \u2022 Leitsysteme \u2022 Cloud L\u00f6sungen \u2022 Virtuelle Inbetriebnahme<\/p>\r\n\t\t\t<\/div>[\/vc_column][\/vc_row][vc_row][vc_column]\r\n\t\t\t<div class=\"eas_separator\">\r\n\t\t\t\t<hr\/>\r\n\t\t\t\t<div>\r\n\t\t\t\t\t<h2 class=\"u_text-center h1\">Aktuelles<\/h2>\r\n\t\t\t\t<\/div>\r\n\t\t\t<\/div>[\/vc_column][\/vc_row][vc_row][vc_column width=&#8220;1\/3&#8243;]<a href=\"https:\/\/www.eberle.at\/de\/aktuelles\/aktivitaet-gemeinde-gaschurn\/\" class=\"card card--hoverable\" >\r\n\t\t\t\t\t<div class=\"card__image-container\">\r\n\t\t\t\t\t\t<img decoding=\"async\" data-src=\"https:\/\/www.eberle.at\/wp-content\/uploads\/2026\/02\/1920_500_Titelbild_Aktivitaet_Gaschurn.png\" class=\"attachment-post-thumbnail size-post-thumbnail wp-post-image lazyload\" alt=\"\" data-srcset=\"https:\/\/www.eberle.at\/wp-content\/uploads\/2026\/02\/1920_500_Titelbild_Aktivitaet_Gaschurn.png 1920w, https:\/\/www.eberle.at\/wp-content\/uploads\/2026\/02\/1920_500_Titelbild_Aktivitaet_Gaschurn-300x78.png 300w, https:\/\/www.eberle.at\/wp-content\/uploads\/2026\/02\/1920_500_Titelbild_Aktivitaet_Gaschurn-1024x267.png 1024w, https:\/\/www.eberle.at\/wp-content\/uploads\/2026\/02\/1920_500_Titelbild_Aktivitaet_Gaschurn-768x200.png 768w, https:\/\/www.eberle.at\/wp-content\/uploads\/2026\/02\/1920_500_Titelbild_Aktivitaet_Gaschurn-1536x400.png 1536w\" data-sizes=\"100vw\" src=\"data:image\/svg+xml;base64,PHN2ZyB3aWR0aD0iMSIgaGVpZ2h0PSIxIiB4bWxucz0iaHR0cDovL3d3dy53My5vcmcvMjAwMC9zdmciPjwvc3ZnPg==\" style=\"--smush-placeholder-width: 1920px; --smush-placeholder-aspect-ratio: 1920\/500;\" \/>\r\n\t\t\t\t\t<\/div>\r\n\t\t\t\t\t<h2>Aktivit\u00e4t Gemeinde Gaschurn<\/h2>\r\n\t\t\t\t\t<p>2026-02-10 - Arbeit und Vergn\u00fcgen \u2013 alles zu seiner Zeit!\r\nErstens haben wir genug. Damit auch das Zweite nicht zu kurz kommt, wollen wir alle 96 Gemeinden Vorarlbergs erkunden.\r\nDieses Mal viel das Los auf die Gemeinde Gaschurn-Partenen. Wir machten uns vergangen Samstag auf den Weg zur Silvretta-Skisafari. [&nbsp;...&nbsp;]<\/p>\r\n\t\t\t\t<\/a>[\/vc_column][vc_column width=&#8220;1\/3&#8243;]<a href=\"https:\/\/www.eberle.at\/de\/aktuelles\/lange-nacht-der-forschung-24-april-2026-2\/\" class=\"card card--hoverable\" >\r\n\t\t\t\t\t<div class=\"card__image-container\">\r\n\t\t\t\t\t\t<img decoding=\"async\" data-src=\"https:\/\/www.eberle.at\/wp-content\/uploads\/2026\/05\/1920_500_Titelbild_LNF26_BY_MICHAEL_NUSSBAUMER.png\" class=\"attachment-post-thumbnail size-post-thumbnail wp-post-image lazyload\" alt=\"BY_MICHAEL_NUSSBAUMER\" data-srcset=\"https:\/\/www.eberle.at\/wp-content\/uploads\/2026\/05\/1920_500_Titelbild_LNF26_BY_MICHAEL_NUSSBAUMER.png 1920w, https:\/\/www.eberle.at\/wp-content\/uploads\/2026\/05\/1920_500_Titelbild_LNF26_BY_MICHAEL_NUSSBAUMER-300x78.png 300w, https:\/\/www.eberle.at\/wp-content\/uploads\/2026\/05\/1920_500_Titelbild_LNF26_BY_MICHAEL_NUSSBAUMER-1024x267.png 1024w, https:\/\/www.eberle.at\/wp-content\/uploads\/2026\/05\/1920_500_Titelbild_LNF26_BY_MICHAEL_NUSSBAUMER-768x200.png 768w, https:\/\/www.eberle.at\/wp-content\/uploads\/2026\/05\/1920_500_Titelbild_LNF26_BY_MICHAEL_NUSSBAUMER-1536x400.png 1536w\" data-sizes=\"100vw\" src=\"data:image\/svg+xml;base64,PHN2ZyB3aWR0aD0iMSIgaGVpZ2h0PSIxIiB4bWxucz0iaHR0cDovL3d3dy53My5vcmcvMjAwMC9zdmciPjwvc3ZnPg==\" style=\"--smush-placeholder-width: 1920px; --smush-placeholder-aspect-ratio: 1920\/500;\" \/>\r\n\t\t\t\t\t<\/div>\r\n\t\t\t\t\t<h2>Lange Nacht der Forschung 24. April 2026<\/h2>\r\n\t\t\t\t\t<p>2026-05-05 - Was f\u00fcr ein Abend!\r\nDanke an die rund 800 Besucherinnen und Besucher, die uns bei der Lange Nacht der Forschung an unserem Standort besucht haben. [&nbsp;...&nbsp;]<\/p>\r\n\t\t\t\t<\/a>[\/vc_column][vc_column width=&#8220;1\/3&#8243;]<a href=\"https:\/\/www.eberle.at\/de\/aktuelles\/ki-trifft-kaeseproduktion-effizienz-neu-gedacht\/\" class=\"card card--hoverable\" >\r\n\t\t\t\t\t<div class=\"card__image-container\">\r\n\t\t\t\t\t\t<img decoding=\"async\" data-src=\"https:\/\/www.eberle.at\/wp-content\/uploads\/2026\/03\/1920_500_Titelbild_Success_Story_Kaeseinspektion.png\" class=\"attachment-post-thumbnail size-post-thumbnail wp-post-image lazyload\" alt=\"\" data-srcset=\"https:\/\/www.eberle.at\/wp-content\/uploads\/2026\/03\/1920_500_Titelbild_Success_Story_Kaeseinspektion.png 1920w, https:\/\/www.eberle.at\/wp-content\/uploads\/2026\/03\/1920_500_Titelbild_Success_Story_Kaeseinspektion-300x78.png 300w, https:\/\/www.eberle.at\/wp-content\/uploads\/2026\/03\/1920_500_Titelbild_Success_Story_Kaeseinspektion-1024x267.png 1024w, https:\/\/www.eberle.at\/wp-content\/uploads\/2026\/03\/1920_500_Titelbild_Success_Story_Kaeseinspektion-768x200.png 768w, https:\/\/www.eberle.at\/wp-content\/uploads\/2026\/03\/1920_500_Titelbild_Success_Story_Kaeseinspektion-1536x400.png 1536w\" data-sizes=\"100vw\" src=\"data:image\/svg+xml;base64,PHN2ZyB3aWR0aD0iMSIgaGVpZ2h0PSIxIiB4bWxucz0iaHR0cDovL3d3dy53My5vcmcvMjAwMC9zdmciPjwvc3ZnPg==\" style=\"--smush-placeholder-width: 1920px; --smush-placeholder-aspect-ratio: 1920\/500;\" \/>\r\n\t\t\t\t\t<\/div>\r\n\t\t\t\t\t<h2>KI trifft K\u00e4seproduktion: Effizienz neu gedacht<\/h2>\r\n\t\t\t\t\t<p>2026-03-26 - Die Lebensmittelindustrie profitiert erheblich von den rasanten Entwicklungen im Bereich der K\u00fcnstlichen Intelligenz (KI). Besonders wertvoll f\u00fcr Lebensmittelproduzenten ist die Kombination von KI mit industrieller Bildverarbeitung (Machine Vision), die die Automatisierung v\u00f6llig neuer Anwendungen erm\u00f6glicht und die Produktivit\u00e4t deutlich steigert \u2013 insbesondere in der Qualit\u00e4tssicherung.  [&nbsp;...&nbsp;]<\/p>\r\n\t\t\t\t<\/a>[\/vc_column][vc_column width=&#8220;1\/3&#8243;]<a href=\"https:\/\/www.eberle.at\/de\/aktuelles\/projektausschreibungen\/\" class=\"card card--hoverable\" >\r\n\t\t\t\t\t<div class=\"card__image-container\">\r\n\t\t\t\t\t\t<img decoding=\"async\" data-src=\"https:\/\/www.eberle.at\/wp-content\/uploads\/2020\/02\/580_151_Projektausschreibungen.jpg\" class=\"attachment-post-thumbnail size-post-thumbnail wp-post-image lazyload\" alt=\"\" data-srcset=\"https:\/\/www.eberle.at\/wp-content\/uploads\/2020\/02\/580_151_Projektausschreibungen.jpg 580w, https:\/\/www.eberle.at\/wp-content\/uploads\/2020\/02\/580_151_Projektausschreibungen-300x78.jpg 300w\" data-sizes=\"100vw\" src=\"data:image\/svg+xml;base64,PHN2ZyB3aWR0aD0iMSIgaGVpZ2h0PSIxIiB4bWxucz0iaHR0cDovL3d3dy53My5vcmcvMjAwMC9zdmciPjwvc3ZnPg==\" style=\"--smush-placeholder-width: 580px; --smush-placeholder-aspect-ratio: 580\/151;\" \/>\r\n\t\t\t\t\t<\/div>\r\n\t\t\t\t\t<h2>Projektausschreibungen<\/h2>\r\n\t\t\t\t\t<p>2020-02-05 - Spannende Herausforderung f\u00fcr Sch\u00fcler und Studenten! Interessante Projektarbeiten f\u00fcr Abschlu\u00df-, Bachelor- oder Masterarbeit stehen bereit! [&nbsp;...&nbsp;]<\/p>\r\n\t\t\t\t<\/a>[\/vc_column][vc_column width=&#8220;1\/3&#8243;]\r\n\t\t\t<a href=\"https:\/\/www.eberle.at\/de\/unternehmen\/karriere\/\" class=\"card card--hoverable\">\r\n\t\t\t\t<div class=\"card__image-container\">\r\n\t\t\t\t\t<img decoding=\"async\" data-src=\"https:\/\/www.eberle.at\/wp-content\/uploads\/2020\/07\/580_151_Offene-Stellen.jpg\" src=\"data:image\/svg+xml;base64,PHN2ZyB3aWR0aD0iMSIgaGVpZ2h0PSIxIiB4bWxucz0iaHR0cDovL3d3dy53My5vcmcvMjAwMC9zdmciPjwvc3ZnPg==\" class=\"lazyload\" style=\"--smush-placeholder-width: 580px; --smush-placeholder-aspect-ratio: 580\/151;\" \/>\r\n\t\t\t\t<\/div>\r\n\t\t\t\t<h2>Wir wachsen weiter<\/h2>\r\n\t\t\t\t<p>Leidenschaft trifft Innovation. Das macht Freude und bringt uns gemeinsam perfekt in Stellung.<\/p>\r\n\t\t\t\t<h2>Dein Talent ist Deine Chance!<\/h2>\r\n\t\t\t\t<p>Details und Info unter: www.eberle.at\/unternehmen\/karriere<\/p>\r\n\t\t\t<\/a>[\/vc_column][vc_column width=&#8220;1\/3&#8243;]\r\n\t\t\t<a href=\"https:\/\/www.eberle.at\/de\/produkte\/ftl\/\" class=\"card card--hoverable\" >\r\n\t\t\t\t<div class=\"card__image-container\">\r\n\t\t\t\t\t<img decoding=\"async\" data-src=\"https:\/\/www.eberle.at\/wp-content\/uploads\/2026\/03\/1920_500_FTL_Logo_Neu-scaled.jpg\" src=\"data:image\/svg+xml;base64,PHN2ZyB3aWR0aD0iMSIgaGVpZ2h0PSIxIiB4bWxucz0iaHR0cDovL3d3dy53My5vcmcvMjAwMC9zdmciPjwvc3ZnPg==\" class=\"lazyload\" style=\"--smush-placeholder-width: 2560px; --smush-placeholder-aspect-ratio: 2560\/667;\" \/>\r\n\t\t\t\t<\/div>\r\n\t\t\t\t<h2>FTL - Mobiler Transportroboter<\/h2>\r\n\t\t\t\t<p>Ein intelligentes, fahrerloses und automatisch gesteuertes Transportsystem, eingesetzt f\u00fcr den Materialtransport, mit einer Nutzlast von bis zu 60 kg. [&nbsp;...&nbsp;]<\/p>\r\n\t\t\t<\/a>[\/vc_column][vc_column width=&#8220;1\/3&#8243;]\r\n\t\t\t<a href=\"https:\/\/www.eberle.at\/de\/produkte\/control\/\" class=\"card card--hoverable\" >\r\n\t\t\t\t<div class=\"card__image-container\">\r\n\t\t\t\t\t<img decoding=\"async\" data-src=\"https:\/\/www.eberle.at\/wp-content\/uploads\/2020\/07\/580_151_MCC.jpg\" src=\"data:image\/svg+xml;base64,PHN2ZyB3aWR0aD0iMSIgaGVpZ2h0PSIxIiB4bWxucz0iaHR0cDovL3d3dy53My5vcmcvMjAwMC9zdmciPjwvc3ZnPg==\" class=\"lazyload\" style=\"--smush-placeholder-width: 580px; --smush-placeholder-aspect-ratio: 580\/151;\" \/>\r\n\t\t\t\t<\/div>\r\n\t\t\t\t<h2>control - die Cloud-L\u00f6sung f\u00fcr Prozess Monitoring<\/h2>\r\n\t\t\t\t<p>control wird eingesetzt, wenn Daten sicher und verl\u00e4sslich visualisiert oder gemanagt werden m\u00fcssen. Ortsunabh\u00e4ngig, immer und \u00fcberall verf\u00fcgbar. [&nbsp;...&nbsp;]<\/p>\r\n\t\t\t<\/a>[\/vc_column][vc_column width=&#8220;1\/3&#8243;]\r\n\t\t\t<a href=\"https:\/\/www.eberle.at\/de\/produkte\/storage\/\" class=\"card card--hoverable\" target=\"_blank\">\r\n\t\t\t\t<div class=\"card__image-container\">\r\n\t\t\t\t\t<img decoding=\"async\" data-src=\"https:\/\/www.eberle.at\/wp-content\/uploads\/2017\/09\/SMS.jpg\" src=\"data:image\/svg+xml;base64,PHN2ZyB3aWR0aD0iMSIgaGVpZ2h0PSIxIiB4bWxucz0iaHR0cDovL3d3dy53My5vcmcvMjAwMC9zdmciPjwvc3ZnPg==\" class=\"lazyload\" style=\"--smush-placeholder-width: 1920px; --smush-placeholder-aspect-ratio: 1920\/500;\" \/>\r\n\t\t\t\t<\/div>\r\n\t\t\t\t<h2>storage - Verwaltet \u2022 Kontrolliert \u2022 Versendet<\/h2>\r\n\t\t\t\t<p>Das storage Management System von Eberle ist ein skalierbares und intelligentes Lagerverwaltungssystem. [&nbsp;...&nbsp;]<\/p>\r\n\t\t\t<\/a>[\/vc_column][vc_column width=&#8220;1\/3&#8243;]\r\n\t\t\t<a href=\"https:\/\/www.eberle.at\/de\/produkte\/twin\/\" class=\"card card--hoverable\" >\r\n\t\t\t\t<div class=\"card__image-container\">\r\n\t\t\t\t\t<img decoding=\"async\" data-src=\"https:\/\/www.eberle.at\/wp-content\/uploads\/2020\/07\/580_151_Banner3.png\" src=\"data:image\/svg+xml;base64,PHN2ZyB3aWR0aD0iMSIgaGVpZ2h0PSIxIiB4bWxucz0iaHR0cDovL3d3dy53My5vcmcvMjAwMC9zdmciPjwvc3ZnPg==\" class=\"lazyload\" style=\"--smush-placeholder-width: 580px; --smush-placeholder-aspect-ratio: 580\/151;\" \/>\r\n\t\t\t\t<\/div>\r\n\t\t\t\t<h2>Simulationssoftware twin<\/h2>\r\n\t\t\t\t<p>Virtuelle Inbetriebnahme, Optimierung, Simulation - hier sind sie richtig! Mit unserer innovativen Simulationssoftware twin werden digitale Fabriken real. [&nbsp;...&nbsp;]<\/p>\r\n\t\t\t<\/a>[\/vc_column][\/vc_row]<\/p>\n<\/div>","protected":false},"excerpt":{"rendered":"<p>Projektausschreibungen[vc_row el_class=&#8220;full-width&#8220;][vc_column][\/vc_column][\/vc_row][vc_row][vc_column][\/vc_column][\/vc_row][vc_row][vc_column][\/vc_column][vc_column][\/vc_column][vc_column width=&#8220;1\/3&#8243;][\/vc_column][vc_column width=&#8220;1\/3&#8243;][\/vc_column][vc_column width=&#8220;1\/3&#8243;][\/vc_column][vc_column width=&#8220;1\/3&#8243;][\/vc_column][vc_column width=&#8220;1\/3&#8243;][\/vc_column][vc_column width=&#8220;1\/3&#8243;][\/vc_column][\/vc_row][vc_row][vc_column][\/vc_column][\/vc_row][vc_row][vc_column width=&#8220;1\/3&#8243;][\/vc_column][vc_column width=&#8220;1\/3&#8243;][\/vc_column][vc_column width=&#8220;1\/3&#8243;][\/vc_column][vc_column width=&#8220;1\/3&#8243;][\/vc_column][vc_column width=&#8220;1\/3&#8243;][\/vc_column][vc_column width=&#8220;1\/3&#8243;][\/vc_column][vc_column width=&#8220;1\/3&#8243;][\/vc_column][vc_column width=&#8220;1\/3&#8243;][\/vc_column][vc_column width=&#8220;1\/3&#8243;][\/vc_column][\/vc_row]<\/p>\n","protected":false},"author":1,"featured_media":0,"parent":0,"menu_order":22,"comment_status":"closed","ping_status":"closed","template":"","meta":{"footnotes":""},"class_list":["post-231","page","type-page","status-publish","hentry"],"_links":{"self":[{"href":"https:\/\/www.eberle.at\/de\/wp-json\/wp\/v2\/pages\/231","targetHints":{"allow":["GET"]}}],"collection":[{"href":"https:\/\/www.eberle.at\/de\/wp-json\/wp\/v2\/pages"}],"about":[{"href":"https:\/\/www.eberle.at\/de\/wp-json\/wp\/v2\/types\/page"}],"author":[{"embeddable":true,"href":"https:\/\/www.eberle.at\/de\/wp-json\/wp\/v2\/users\/1"}],"replies":[{"embeddable":true,"href":"https:\/\/www.eberle.at\/de\/wp-json\/wp\/v2\/comments?post=231"}],"version-history":[{"count":141,"href":"https:\/\/www.eberle.at\/de\/wp-json\/wp\/v2\/pages\/231\/revisions"}],"predecessor-version":[{"id":18685,"href":"https:\/\/www.eberle.at\/de\/wp-json\/wp\/v2\/pages\/231\/revisions\/18685"}],"wp:attachment":[{"href":"https:\/\/www.eberle.at\/de\/wp-json\/wp\/v2\/media?parent=231"}],"curies":[{"name":"wp","href":"https:\/\/api.w.org\/{rel}","templated":true}]}}