{"id":233,"date":"2017-09-04T13:50:15","date_gmt":"2017-09-04T13:50:15","guid":{"rendered":"http:\/\/www.eberle.at\/?page_id=233"},"modified":"2024-12-03T14:56:00","modified_gmt":"2024-12-03T13:56:00","slug":"unternehmen","status":"publish","type":"page","link":"https:\/\/www.eberle.at\/de\/unternehmen\/","title":{"rendered":"Unternehmen"},"content":{"rendered":"<div class=\"wpb-content-wrapper\"><h1 class=\"seo-page-title\">Unternehmen<\/h1><p>[vc_row el_class=&#8220;full-width&#8220;][vc_column][vc_single_image image=&#8220;11640&#8243; img_size=&#8220;full&#8220;][\/vc_column][\/vc_row][vc_row el_class=&#8220;card&#8220;][vc_column width=&#8220;1\/3&#8243;][vc_column_text]Eberle Automatische Systeme wurde 1997 von Ing. Martin Eberle gegr\u00fcndet und seither laufend erweitert. Eberle besch\u00e4ftigt rund 45 ausgewiesene Spezialisten aus den Fachbereichen Elektrotechnik, Mechatronik und Informatik. Der Firmensitz in Dornbirn bietet Platz f\u00fcr das technische B\u00fcro, ein Labor f\u00fcr Bildverarbeitung und Robotertechnik sowie ein Schulungszentrum. In der Werkstatt werden Maschinen und Anlagen vollst\u00e4ndig aufgebaut und in Betrieb genommen.[\/vc_column_text][\/vc_column][vc_column width=&#8220;1\/3&#8243;][vc_column_text]Das Unternehmen gliedert sich in die Bereiche Automatisierungstechnik, Bildverarbeitung, IT und Software. Jeder Bereich f\u00fchrt eigenst\u00e4ndig Entwicklungsprojekte durch. Im Verbund der Abteilungen entstehen dann &#8222;Turnkey-L\u00f6sungen&#8220; aus einer Hand.[\/vc_column_text][\/vc_column][vc_column width=&#8220;1\/3&#8243;][vc_column_text]Die neueste Auszeichnung die wir erhalten haben, ist der KMU-Preis f\u00fcr &#8222;Unternehmer des Jahres 2022&#8220;.<\/p>\n<p class=\"bodytext\">Automatisierung ist unsere Welt &#8211; Innovation ist unsere Leidenschaft!<\/p>\n<p><a href=\"https:\/\/www.eberle.at\/wp-content\/uploads\/2024\/04\/unser_Basecamp_unsere_Zukunft.pdf\" target=\"_blank\" rel=\"noopener\">Unser Basecamp &#8211; Brosch\u00fcre<\/a>[\/vc_column_text][\/vc_column][\/vc_row][vc_row][vc_column]\r\n\t\t\t<div class=\"eas_separator\">\r\n\t\t\t\t<hr\/>\r\n\t\t\t\t<div>\r\n\t\t\t\t\t<h2 class=\"u_text-center h1\">Eberle in Bild und Ton<\/h2>\r\n\t\t\t\t<\/div>\r\n\t\t\t<\/div>[\/vc_column][\/vc_row][vc_row][vc_column width=&#8220;1\/3&#8243;][vc_video link=&#8220;https:\/\/youtu.be\/34M50947Vfk&#8220; title=&#8220;Imagefilm&#8220;][\/vc_column][vc_column width=&#8220;1\/3&#8243;][vc_video link=&#8220;https:\/\/youtu.be\/wHDIlqitbBU&#8220; title=&#8220;Innovationspreis 2014&#8243;][\/vc_column][vc_column width=&#8220;1\/3&#8243;][vc_video link=&#8220;https:\/\/youtu.be\/VlvjQLxAW08&#8243; title=&#8220;Econovius 2015&#8243;][\/vc_column][\/vc_row][vc_row][vc_column]\r\n\t\t\t<div class=\"eas_separator\">\r\n\t\t\t\t<hr\/>\r\n\t\t\t\t<div>\r\n\t\t\t\t\t<h2 class=\"u_text-center h1\">Partner<\/h2>\r\n\t\t\t\t<\/div>\r\n\t\t\t<\/div>[\/vc_column][\/vc_row][vc_row][vc_column width=&#8220;1\/3&#8243;]\r\n\t\t\t<a href=\"https:\/\/www.eberle.at\/de\/unternehmen\/siemens-solution-partner\/\" class=\"card card--hoverable\" >\r\n\t\t\t\t<div class=\"card__image-container\">\r\n\t\t\t\t\t<img decoding=\"async\" data-src=\"https:\/\/www.eberle.at\/wp-content\/uploads\/2019\/10\/1920_400_Banner_Siemens.jpg\" src=\"data:image\/svg+xml;base64,PHN2ZyB3aWR0aD0iMSIgaGVpZ2h0PSIxIiB4bWxucz0iaHR0cDovL3d3dy53My5vcmcvMjAwMC9zdmciPjwvc3ZnPg==\" class=\"lazyload\" style=\"--smush-placeholder-width: 1920px; --smush-placeholder-aspect-ratio: 1920\/400;\" \/>\r\n\t\t\t\t<\/div>\r\n\t\t\t\t<h2>Eberle ist mit Siemens intelligent vernetzt<\/h2>\r\n\t\t\t\t<p>Mit dem gr\u00f6\u00dften Technologiekonzern Europas besteht eine langj\u00e4hrige Partnerschaft. [&nbsp;...&nbsp;]<\/p>\r\n\t\t\t<\/a>[\/vc_column][vc_column width=&#8220;1\/3&#8243;]\r\n\t\t\t<a href=\"https:\/\/www.eberle.at\/de\/unternehmen\/mvtec-certified-integration-partner\/\" class=\"card card--hoverable\" >\r\n\t\t\t\t<div class=\"card__image-container\">\r\n\t\t\t\t\t<img decoding=\"async\" data-src=\"https:\/\/www.eberle.at\/wp-content\/uploads\/2019\/10\/1920_400_Banner_MVTec.jpg\" src=\"data:image\/svg+xml;base64,PHN2ZyB3aWR0aD0iMSIgaGVpZ2h0PSIxIiB4bWxucz0iaHR0cDovL3d3dy53My5vcmcvMjAwMC9zdmciPjwvc3ZnPg==\" class=\"lazyload\" style=\"--smush-placeholder-width: 1920px; --smush-placeholder-aspect-ratio: 1920\/400;\" \/>\r\n\t\t\t\t<\/div>\r\n\t\t\t\t<h2>Bildverarbeitungs-Know-how geb\u00fcndelt<\/h2>\r\n\t\t\t\t<p>Als zertifizierter Integrationspartner von MVTec ziehen wir mit dem f\u00fchrenden internationalen Software-Hersteller f\u00fcr die industrielle Bildverarbeitung an einem Strang. [&nbsp;...&nbsp;]<\/p>\r\n\t\t\t<\/a>[\/vc_column][vc_column width=&#8220;1\/3&#8243;]\r\n\t\t\t<a href=\"https:\/\/www.eberle.at\/de\/unternehmen\/kassow-robots-partner\/\" class=\"card card--hoverable\" >\r\n\t\t\t\t<div class=\"card__image-container\">\r\n\t\t\t\t\t<img decoding=\"async\" data-src=\"https:\/\/www.eberle.at\/wp-content\/uploads\/2019\/10\/1920_400_Banner_Kassow.jpg\" src=\"data:image\/svg+xml;base64,PHN2ZyB3aWR0aD0iMSIgaGVpZ2h0PSIxIiB4bWxucz0iaHR0cDovL3d3dy53My5vcmcvMjAwMC9zdmciPjwvc3ZnPg==\" class=\"lazyload\" style=\"--smush-placeholder-width: 1920px; --smush-placeholder-aspect-ratio: 1920\/400;\" \/>\r\n\t\t\t\t<\/div>\r\n\t\t\t\t<h2>Starke Partner: Kassow Robots &amp; Eberle Automatische Systeme<\/h2>\r\n\t\t\t\t<p>Als erster \u00f6sterreichischer Systemintegrator pflegen wir eine strategische Partnerschaft mit Kassow Robots - f\u00fcr mehr Flexibili\u00e4t in der Automatisierung! [&nbsp;...&nbsp;]<\/p>\r\n\t\t\t<\/a>[\/vc_column][\/vc_row][vc_row][vc_column width=&#8220;1\/3&#8243;]\r\n\t\t\t<a href=\"https:\/\/www.eberle.at\/de\/unternehmen\/kuka_systempartner\/\" class=\"card card--hoverable\" >\r\n\t\t\t\t<div class=\"card__image-container\">\r\n\t\t\t\t\t<img decoding=\"async\" data-src=\"https:\/\/www.eberle.at\/wp-content\/uploads\/2020\/02\/1920_500_KUKA_Systempartner_Banner.png\" src=\"data:image\/svg+xml;base64,PHN2ZyB3aWR0aD0iMSIgaGVpZ2h0PSIxIiB4bWxucz0iaHR0cDovL3d3dy53My5vcmcvMjAwMC9zdmciPjwvc3ZnPg==\" class=\"lazyload\" style=\"--smush-placeholder-width: 1920px; --smush-placeholder-aspect-ratio: 1920\/400;\" \/>\r\n\t\t\t\t<\/div>\r\n\t\t\t\t<h2>KUKA Systempartnerschaft<\/h2>\r\n\t\t\t\t<p>KUKA und Eberle - Leidenschaft verbindet! Eine starke Partnerschaft f\u00fcr High-End-Automatisierungsl\u00f6sungen. [&nbsp;...&nbsp;]<\/p>\r\n\t\t\t<\/a>[\/vc_column][\/vc_row]<\/p>\n<\/div>","protected":false},"excerpt":{"rendered":"<p>Unternehmen[vc_row el_class=&#8220;full-width&#8220;][vc_column][vc_single_image image=&#8220;11640&#8243; img_size=&#8220;full&#8220;][\/vc_column][\/vc_row][vc_row el_class=&#8220;card&#8220;][vc_column width=&#8220;1\/3&#8243;][vc_column_text]Eberle Automatische Systeme wurde 1997 von Ing. Martin Eberle gegr\u00fcndet und seither laufend erweitert. Eberle besch\u00e4ftigt rund 45 ausgewiesene Spezialisten aus den Fachbereichen Elektrotechnik, Mechatronik und Informatik. Der Firmensitz in Dornbirn bietet Platz f\u00fcr das technische B\u00fcro, ein Labor f\u00fcr Bildverarbeitung und Robotertechnik sowie ein Schulungszentrum. In der Werkstatt werden [&hellip;]<\/p>\n","protected":false},"author":1,"featured_media":0,"parent":0,"menu_order":32,"comment_status":"closed","ping_status":"closed","template":"","meta":{"footnotes":""},"class_list":["post-233","page","type-page","status-publish","hentry"],"_links":{"self":[{"href":"https:\/\/www.eberle.at\/de\/wp-json\/wp\/v2\/pages\/233","targetHints":{"allow":["GET"]}}],"collection":[{"href":"https:\/\/www.eberle.at\/de\/wp-json\/wp\/v2\/pages"}],"about":[{"href":"https:\/\/www.eberle.at\/de\/wp-json\/wp\/v2\/types\/page"}],"author":[{"embeddable":true,"href":"https:\/\/www.eberle.at\/de\/wp-json\/wp\/v2\/users\/1"}],"replies":[{"embeddable":true,"href":"https:\/\/www.eberle.at\/de\/wp-json\/wp\/v2\/comments?post=233"}],"version-history":[{"count":33,"href":"https:\/\/www.eberle.at\/de\/wp-json\/wp\/v2\/pages\/233\/revisions"}],"predecessor-version":[{"id":16895,"href":"https:\/\/www.eberle.at\/de\/wp-json\/wp\/v2\/pages\/233\/revisions\/16895"}],"wp:attachment":[{"href":"https:\/\/www.eberle.at\/de\/wp-json\/wp\/v2\/media?parent=233"}],"curies":[{"name":"wp","href":"https:\/\/api.w.org\/{rel}","templated":true}]}}