{"id":235,"date":"2017-09-04T13:50:30","date_gmt":"2017-09-04T13:50:30","guid":{"rendered":"http:\/\/www.eberle.at\/?page_id=235"},"modified":"2023-02-09T09:16:36","modified_gmt":"2023-02-09T08:16:36","slug":"loesungen","status":"publish","type":"page","link":"https:\/\/www.eberle.at\/de\/loesungen\/","title":{"rendered":"L\u00f6sungen"},"content":{"rendered":"<div class=\"wpb-content-wrapper\"><h1 class=\"seo-page-title\">L\u00f6sungen<\/h1><p>[vc_row el_class=&#8220;full-width&#8220;][vc_column][vc_single_image image=&#8220;11583&#8243; img_size=&#8220;full&#8220;][\/vc_column][\/vc_row][vc_row el_class=&#8220;card&#8220;][vc_column width=&#8220;1\/3&#8243;][vc_column_text]Wir sind ein Systemhaus f\u00fcr innovative Automatisierungstechnik und liefern Komplettl\u00f6sungen unabh\u00e4ngig von Branchen und Anwendungsbereichen.[\/vc_column_text][\/vc_column][vc_column width=&#8220;1\/3&#8243;][vc_column_text]Unser Leistungsspektrum reicht von Maschinenbau\u00a0\u00fcber Steuerungs- und Leitsystemtechnik bis zu\u00a0Gesamtl\u00f6sungen f\u00fcr eine automatisierte Fertigung. Wir sehen unsere Kunden als Partner mit all Ihren Bed\u00fcrfnissen und bilden nachhaltige Seilschaften.[\/vc_column_text][\/vc_column][vc_column width=&#8220;1\/3&#8243;][vc_column_text]Als Profis begleiten wir Sie mit Verstand und\u00a0Kompetenz auch noch weit \u00fcber das Projektende hinaus.[\/vc_column_text][\/vc_column][\/vc_row][vc_row][vc_column]\r\n\t\t\t<div class=\"eas_separator\">\r\n\t\t\t\t<hr\/>\r\n\t\t\t\t<div>\r\n\t\t\t\t\t<h2 class=\"u_text-center h1\">Kompetenzen<\/h2>\r\n\t\t\t\t<\/div>\r\n\t\t\t<\/div>[\/vc_column][\/vc_row][vc_row el_class=&#8220;l_row&#8220;][vc_column width=&#8220;1\/3&#8243;]\r\n\t\t\t<a href=\"https:\/\/www.eberle.at\/de\/loesungen\/roboterautomation\/\" class=\"card card--hoverable\" >\r\n\t\t\t\t<div class=\"card__image-container\">\r\n\t\t\t\t\t<img decoding=\"async\" data-src=\"https:\/\/www.eberle.at\/wp-content\/uploads\/2017\/09\/Roboterautomation.jpg\" src=\"data:image\/svg+xml;base64,PHN2ZyB3aWR0aD0iMSIgaGVpZ2h0PSIxIiB4bWxucz0iaHR0cDovL3d3dy53My5vcmcvMjAwMC9zdmciPjwvc3ZnPg==\" class=\"lazyload\" style=\"--smush-placeholder-width: 1920px; --smush-placeholder-aspect-ratio: 1920\/500;\" \/>\r\n\t\t\t\t<\/div>\r\n\t\t\t\t<h2>Roboterautomation<\/h2>\r\n\t\t\t\t<p>In der Roboterautomation haben wir langj\u00e4hrige Erfahrung und bieten branchen\u00fcbergreifende L\u00f6sungen an. Ob in einem Pick &amp; Place-Szenario oder bei der Palettierung, f\u00fcr den Einsatz von Robotik ergibt sich eine Vielzahl von Anwendungen.<br \/>\nWir erwecken Roboter zum Leben und geben ihnen die n\u00f6tige Intelligenz, um ihre volle Leistungsf\u00e4higkeit zu entfalten. [&nbsp;...&nbsp;]<\/p>\r\n\t\t\t<\/a>[\/vc_column][vc_column width=&#8220;1\/3&#8243;]\r\n\t\t\t<a href=\"https:\/\/www.eberle.at\/de\/loesungen\/maschinenbau\/\" class=\"card card--hoverable\" >\r\n\t\t\t\t<div class=\"card__image-container\">\r\n\t\t\t\t\t<img decoding=\"async\" data-src=\"https:\/\/www.eberle.at\/wp-content\/uploads\/2017\/09\/Maschinenbau.jpg\" src=\"data:image\/svg+xml;base64,PHN2ZyB3aWR0aD0iMSIgaGVpZ2h0PSIxIiB4bWxucz0iaHR0cDovL3d3dy53My5vcmcvMjAwMC9zdmciPjwvc3ZnPg==\" class=\"lazyload\" style=\"--smush-placeholder-width: 1920px; --smush-placeholder-aspect-ratio: 1920\/500;\" \/>\r\n\t\t\t\t<\/div>\r\n\t\t\t\t<h2>Maschinenbau<\/h2>\r\n\t\t\t\t<p>Spezielle individuelle Konzepte liefern wir im Sondermaschinenbau - ma\u00dfgeschneidert und passgenau f\u00fcr die geforderte Anwendung. Unser Fachwissen in den einzelnen Bereichen und Ebenen sowie unsere Erfahrung in unterschiedlichsten Branchen gibt uns die M\u00f6glichkeit, verschiedene Techniken zu kombinieren. So spannen wir beispielsweise standardisierte Spritzgussmaschinen mit selbst entwickelten roboterbasierten Vereinzelungssystemen zusammen. [&nbsp;...&nbsp;]<\/p>\r\n\t\t\t<\/a>[\/vc_column][vc_column width=&#8220;1\/3&#8243;]\r\n\t\t\t<a href=\"https:\/\/www.eberle.at\/de\/loesungen\/sps-systemtechnik\/\" class=\"card card--hoverable\" >\r\n\t\t\t\t<div class=\"card__image-container\">\r\n\t\t\t\t\t<img decoding=\"async\" data-src=\"https:\/\/www.eberle.at\/wp-content\/uploads\/2017\/09\/SPS-Systemtechnik.jpg\" src=\"data:image\/svg+xml;base64,PHN2ZyB3aWR0aD0iMSIgaGVpZ2h0PSIxIiB4bWxucz0iaHR0cDovL3d3dy53My5vcmcvMjAwMC9zdmciPjwvc3ZnPg==\" class=\"lazyload\" style=\"--smush-placeholder-width: 1920px; --smush-placeholder-aspect-ratio: 1920\/500;\" \/>\r\n\t\t\t\t<\/div>\r\n\t\t\t\t<h2>SPS Systemtechnik<\/h2>\r\n\t\t\t\t<p>Basis einer Automatisierungsl\u00f6sung ist die Feldebene mit Ihren Sensoren, Aktoren und der Speicher-Programmierbaren-Steuerung (SPS). Klare Strukturen, einheitliche Standards und Know-how sind f\u00fcr eine erfolgreiche L\u00f6sung entscheidend. Wir planen und bauen die n\u00f6tige Infrastruktur hausintern und bilden damit ein solides Fundament f\u00fcr jedes Projekt. [&nbsp;...&nbsp;]<\/p>\r\n\t\t\t<\/a>[\/vc_column][vc_column width=&#8220;1\/3&#8243;]\r\n\t\t\t<a href=\"https:\/\/www.eberle.at\/de\/loesungen\/it-loesungen\/\" class=\"card card--hoverable\" >\r\n\t\t\t\t<div class=\"card__image-container\">\r\n\t\t\t\t\t<img decoding=\"async\" data-src=\"https:\/\/www.eberle.at\/wp-content\/uploads\/2017\/09\/it_loesungen_1920_400.png\" src=\"data:image\/svg+xml;base64,PHN2ZyB3aWR0aD0iMSIgaGVpZ2h0PSIxIiB4bWxucz0iaHR0cDovL3d3dy53My5vcmcvMjAwMC9zdmciPjwvc3ZnPg==\" class=\"lazyload\" style=\"--smush-placeholder-width: 1920px; --smush-placeholder-aspect-ratio: 1920\/400;\" \/>\r\n\t\t\t\t<\/div>\r\n\t\t\t\t<h2>IT L\u00f6sungen<\/h2>\r\n\t\t\t\t<p>Unsere Softwareabteilung entwickelt skalierbare L\u00f6sungen auf Basis standardisierter Prozesse. Vollumf\u00e4nglich und anwenderfreundlich vom HMI bis zu kompletten MES-L\u00f6sungen. Bereits bei der Konstruktion setzen wir auf modellbasierte Virtualisierung, um einen realistischen Blick auf das Endprodukt zu erreichen. Speziell daf\u00fcr entwickelte Verfahren erm\u00f6glichen es uns, die realen Softwaremodule schon in der Entwicklungszeit umfangreich zu testen. [&nbsp;...&nbsp;]<\/p>\r\n\t\t\t<\/a>[\/vc_column][vc_column width=&#8220;1\/3&#8243;]\r\n\t\t\t<a href=\"https:\/\/www.eberle.at\/de\/loesungen\/prozess-monitoring-scada\/\" class=\"card card--hoverable\" >\r\n\t\t\t\t<div class=\"card__image-container\">\r\n\t\t\t\t\t<img decoding=\"async\" data-src=\"https:\/\/www.eberle.at\/wp-content\/uploads\/2023\/01\/1920_400_prozess_monitoring.png\" src=\"data:image\/svg+xml;base64,PHN2ZyB3aWR0aD0iMSIgaGVpZ2h0PSIxIiB4bWxucz0iaHR0cDovL3d3dy53My5vcmcvMjAwMC9zdmciPjwvc3ZnPg==\" class=\"lazyload\" style=\"--smush-placeholder-width: 1920px; --smush-placeholder-aspect-ratio: 1920\/400;\" \/>\r\n\t\t\t\t<\/div>\r\n\t\t\t\t<h2>Prozess Monitoring - SCADA<\/h2>\r\n\t\t\t\t<p>Monitoring und Management im automatisierten Betrieb bieten die M\u00f6glichkeit, von au\u00dfen in den Prozess einzugreifen. Wichtig sind hier eine vollumf\u00e4ngliche Visualisierung und historische Aufzeichnung der Daten. Nur wer auf repr\u00e4sentative Werte zur\u00fcckgreifen kann, kann in der Folge entsprechend die Weichen stellen. Unsere fertig entwickelten Standardl\u00f6sungen lassen sich weit skalieren und individuell anpassen. SCADA-L\u00f6sungen bieten einen Gesamt\u00fcberblick \u00fcber die Fertigungsprozesse. Eberle Cloud-Services machen die Daten hochverf\u00fcgbar und mit stabilen Datenbanken historisch abrufbar. Somit werden Prozesse \u00fcbersichtlich und nachvollziehbar. [&nbsp;...&nbsp;]<\/p>\r\n\t\t\t<\/a>[\/vc_column][vc_column width=&#8220;1\/3&#8243;]\r\n\t\t\t<a href=\"https:\/\/www.eberle.at\/de\/loesungen\/industrielle-bildverarbeitung\/\" class=\"card card--hoverable\" >\r\n\t\t\t\t<div class=\"card__image-container\">\r\n\t\t\t\t\t<img decoding=\"async\" data-src=\"https:\/\/www.eberle.at\/wp-content\/uploads\/2017\/09\/industrielle-bildverarbeitung.jpg\" src=\"data:image\/svg+xml;base64,PHN2ZyB3aWR0aD0iMSIgaGVpZ2h0PSIxIiB4bWxucz0iaHR0cDovL3d3dy53My5vcmcvMjAwMC9zdmciPjwvc3ZnPg==\" class=\"lazyload\" style=\"--smush-placeholder-width: 1920px; --smush-placeholder-aspect-ratio: 1920\/500;\" \/>\r\n\t\t\t\t<\/div>\r\n\t\t\t\t<h2>Industrielle Bildverarbeitung<\/h2>\r\n\t\t\t\t<p>Die industrielle Bildverarbeitung ist heute ein Schl\u00fcsselbereich in der Automatisierungstechnik. Hochaufl\u00f6sende Kameras verleihen den Maschinen eine Sehkraft, die das menschliche Auge bei Weitem \u00fcbertrifft.<\/p>\n<p>In der Verarbeitung der digitalen Bilddaten machen wir gro\u00dfe Fortschritte und k\u00f6nnen in Unternehmensbereichen wie etwa der Qualit\u00e4tskontrolle zuverl\u00e4ssiger als der Mensch arbeiten. In Kombination mit Robotern entstehen h\u00f6chsteffektive Systeme mit hohen Taktraten. [&nbsp;...&nbsp;]<\/p>\r\n\t\t\t<\/a>[\/vc_column][\/vc_row]<\/p>\n<\/div>","protected":false},"excerpt":{"rendered":"<p>L\u00f6sungen[vc_row el_class=&#8220;full-width&#8220;][vc_column][vc_single_image image=&#8220;11583&#8243; img_size=&#8220;full&#8220;][\/vc_column][\/vc_row][vc_row el_class=&#8220;card&#8220;][vc_column width=&#8220;1\/3&#8243;][vc_column_text]Wir sind ein Systemhaus f\u00fcr innovative Automatisierungstechnik und liefern Komplettl\u00f6sungen unabh\u00e4ngig von Branchen und Anwendungsbereichen.[\/vc_column_text][\/vc_column][vc_column width=&#8220;1\/3&#8243;][vc_column_text]Unser Leistungsspektrum reicht von Maschinenbau\u00a0\u00fcber Steuerungs- und Leitsystemtechnik bis zu\u00a0Gesamtl\u00f6sungen f\u00fcr eine automatisierte Fertigung. Wir sehen unsere Kunden als Partner mit all Ihren Bed\u00fcrfnissen und bilden nachhaltige Seilschaften.[\/vc_column_text][\/vc_column][vc_column width=&#8220;1\/3&#8243;][vc_column_text]Als Profis begleiten wir Sie mit Verstand [&hellip;]<\/p>\n","protected":false},"author":1,"featured_media":0,"parent":0,"menu_order":48,"comment_status":"closed","ping_status":"closed","template":"","meta":{"footnotes":""},"class_list":["post-235","page","type-page","status-publish","hentry"],"_links":{"self":[{"href":"https:\/\/www.eberle.at\/de\/wp-json\/wp\/v2\/pages\/235","targetHints":{"allow":["GET"]}}],"collection":[{"href":"https:\/\/www.eberle.at\/de\/wp-json\/wp\/v2\/pages"}],"about":[{"href":"https:\/\/www.eberle.at\/de\/wp-json\/wp\/v2\/types\/page"}],"author":[{"embeddable":true,"href":"https:\/\/www.eberle.at\/de\/wp-json\/wp\/v2\/users\/1"}],"replies":[{"embeddable":true,"href":"https:\/\/www.eberle.at\/de\/wp-json\/wp\/v2\/comments?post=235"}],"version-history":[{"count":19,"href":"https:\/\/www.eberle.at\/de\/wp-json\/wp\/v2\/pages\/235\/revisions"}],"predecessor-version":[{"id":13229,"href":"https:\/\/www.eberle.at\/de\/wp-json\/wp\/v2\/pages\/235\/revisions\/13229"}],"wp:attachment":[{"href":"https:\/\/www.eberle.at\/de\/wp-json\/wp\/v2\/media?parent=235"}],"curies":[{"name":"wp","href":"https:\/\/api.w.org\/{rel}","templated":true}]}}