{"id":239,"date":"2017-09-04T13:51:19","date_gmt":"2017-09-04T13:51:19","guid":{"rendered":"http:\/\/www.eberle.at\/?page_id=239"},"modified":"2023-01-30T09:29:29","modified_gmt":"2023-01-30T08:29:29","slug":"produkte","status":"publish","type":"page","link":"https:\/\/www.eberle.at\/de\/produkte\/","title":{"rendered":"Produkte"},"content":{"rendered":"<div class=\"wpb-content-wrapper\"><h1 class=\"seo-page-title\">Produkte<\/h1><p>[vc_row el_class=&#8220;full-width&#8220;][vc_column][vc_single_image image=&#8220;12441&#8243; img_size=&#8220;full&#8220;][\/vc_column][\/vc_row][vc_row el_class=&#8220;card&#8220;][vc_column width=&#8220;1\/3&#8243;][vc_column_text]Seit rund 20 Jahren entwickeln wir Automatisierungsl\u00f6sungen auf Basis standardisierter Verfahren.[\/vc_column_text][\/vc_column][vc_column width=&#8220;1\/3&#8243;][vc_column_text]Diese L\u00f6sungen sind skalierbar und basieren im Kern auf selbstentwickelten Produkten.[\/vc_column_text][\/vc_column][vc_column width=&#8220;1\/3&#8243;][vc_column_text]Unsere Arbeiten sind\u00a0Bausteine\u00a0f\u00fcr Industrie 4.0\u00a0und revolutionieren die digitale Smart Factory.[\/vc_column_text][\/vc_column][\/vc_row][vc_row][vc_column]\r\n\t\t\t<div class=\"eas_separator\">\r\n\t\t\t\t<hr\/>\r\n\t\t\t\t<div>\r\n\t\t\t\t\t<h2 class=\"u_text-center h1\"><\/h2>\r\n\t\t\t\t<\/div>\r\n\t\t\t<\/div>[\/vc_column][\/vc_row][vc_row][vc_column width=&#8220;1\/3&#8243;]\r\n\t\t\t<a href=\"https:\/\/www.eberle.at\/de\/produkte\/control\/\" class=\"card card--hoverable\" >\r\n\t\t\t\t<div class=\"card__image-container\">\r\n\t\t\t\t\t<img decoding=\"async\" data-src=\"https:\/\/www.eberle.at\/wp-content\/uploads\/2017\/09\/MCC.jpg\" src=\"data:image\/svg+xml;base64,PHN2ZyB3aWR0aD0iMSIgaGVpZ2h0PSIxIiB4bWxucz0iaHR0cDovL3d3dy53My5vcmcvMjAwMC9zdmciPjwvc3ZnPg==\" class=\"lazyload\" style=\"--smush-placeholder-width: 1920px; --smush-placeholder-aspect-ratio: 1920\/500;\" \/>\r\n\t\t\t\t<\/div>\r\n\t\t\t\t<h2>control \u2014 die Cloud-L\u00f6sung f\u00fcr Prozess Monitoring<\/h2>\r\n\t\t\t\t<p>control wird eingesetzt, wenn Daten sicher und verl\u00e4sslich visualisiert und gemanagt werden m\u00fcssen. Ortsunabh\u00e4ngig, immer und \u00fcberall verf\u00fcgbar. [&nbsp;...&nbsp;]<\/p>\r\n\t\t\t<\/a>[\/vc_column][vc_column width=&#8220;1\/3&#8243;]\r\n\t\t\t<a href=\"https:\/\/www.eberle.at\/de\/produkte\/storage\/\" class=\"card card--hoverable\" >\r\n\t\t\t\t<div class=\"card__image-container\">\r\n\t\t\t\t\t<img decoding=\"async\" data-src=\"https:\/\/www.eberle.at\/wp-content\/uploads\/2017\/09\/SMS.jpg\" src=\"data:image\/svg+xml;base64,PHN2ZyB3aWR0aD0iMSIgaGVpZ2h0PSIxIiB4bWxucz0iaHR0cDovL3d3dy53My5vcmcvMjAwMC9zdmciPjwvc3ZnPg==\" class=\"lazyload\" style=\"--smush-placeholder-width: 1920px; --smush-placeholder-aspect-ratio: 1920\/500;\" \/>\r\n\t\t\t\t<\/div>\r\n\t\t\t\t<h2>storage - Intelligente Lagerverwaltungssoftware<\/h2>\r\n\t\t\t\t<p>storage ist ein vollautomatisiertes Lagerverwaltungssystem. Lager und Logistik gesteuert von k\u00fcnstlicher Intelligenz. [&nbsp;...&nbsp;]<\/p>\r\n\t\t\t<\/a>[\/vc_column][vc_column width=&#8220;1\/3&#8243;]\r\n\t\t\t<a href=\"https:\/\/www.eberle.at\/de\/produkte\/twin\/\" class=\"card card--hoverable\" >\r\n\t\t\t\t<div class=\"card__image-container\">\r\n\t\t\t\t\t<img decoding=\"async\" data-src=\"https:\/\/www.eberle.at\/wp-content\/uploads\/2018\/05\/Banner3.png\" src=\"data:image\/svg+xml;base64,PHN2ZyB3aWR0aD0iMSIgaGVpZ2h0PSIxIiB4bWxucz0iaHR0cDovL3d3dy53My5vcmcvMjAwMC9zdmciPjwvc3ZnPg==\" class=\"lazyload\" style=\"--smush-placeholder-width: 1900px; --smush-placeholder-aspect-ratio: 1900\/495;\" \/>\r\n\t\t\t\t<\/div>\r\n\t\t\t\t<h2>twin - Simulationssoftware f\u00fcr Maschinen und Roboter<\/h2>\r\n\t\t\t\t<p>twin erschafft einen digitalen Zwilling. Damit testen Sie die Steuerung Ihres Systems, bevor die Maschine steht. Und wenn Ihre Maschine l\u00e4uft, lebt der twin als 3D-Benutzeroberfl\u00e4che weiter. [&nbsp;...&nbsp;]<\/p>\r\n\t\t\t<\/a>[\/vc_column][\/vc_row]<\/p>\n<\/div>","protected":false},"excerpt":{"rendered":"<p>Produkte[vc_row el_class=&#8220;full-width&#8220;][vc_column][vc_single_image image=&#8220;12441&#8243; img_size=&#8220;full&#8220;][\/vc_column][\/vc_row][vc_row el_class=&#8220;card&#8220;][vc_column width=&#8220;1\/3&#8243;][vc_column_text]Seit rund 20 Jahren entwickeln wir Automatisierungsl\u00f6sungen auf Basis standardisierter Verfahren.[\/vc_column_text][\/vc_column][vc_column width=&#8220;1\/3&#8243;][vc_column_text]Diese L\u00f6sungen sind skalierbar und basieren im Kern auf selbstentwickelten Produkten.[\/vc_column_text][\/vc_column][vc_column width=&#8220;1\/3&#8243;][vc_column_text]Unsere Arbeiten sind\u00a0Bausteine\u00a0f\u00fcr Industrie 4.0\u00a0und revolutionieren die digitale Smart Factory.[\/vc_column_text][\/vc_column][\/vc_row][vc_row][vc_column][\/vc_column][\/vc_row][vc_row][vc_column width=&#8220;1\/3&#8243;][\/vc_column][vc_column width=&#8220;1\/3&#8243;][\/vc_column][vc_column width=&#8220;1\/3&#8243;][\/vc_column][\/vc_row]<\/p>\n","protected":false},"author":1,"featured_media":0,"parent":0,"menu_order":62,"comment_status":"closed","ping_status":"closed","template":"","meta":{"footnotes":""},"class_list":["post-239","page","type-page","status-publish","hentry"],"_links":{"self":[{"href":"https:\/\/www.eberle.at\/de\/wp-json\/wp\/v2\/pages\/239","targetHints":{"allow":["GET"]}}],"collection":[{"href":"https:\/\/www.eberle.at\/de\/wp-json\/wp\/v2\/pages"}],"about":[{"href":"https:\/\/www.eberle.at\/de\/wp-json\/wp\/v2\/types\/page"}],"author":[{"embeddable":true,"href":"https:\/\/www.eberle.at\/de\/wp-json\/wp\/v2\/users\/1"}],"replies":[{"embeddable":true,"href":"https:\/\/www.eberle.at\/de\/wp-json\/wp\/v2\/comments?post=239"}],"version-history":[{"count":20,"href":"https:\/\/www.eberle.at\/de\/wp-json\/wp\/v2\/pages\/239\/revisions"}],"predecessor-version":[{"id":12445,"href":"https:\/\/www.eberle.at\/de\/wp-json\/wp\/v2\/pages\/239\/revisions\/12445"}],"wp:attachment":[{"href":"https:\/\/www.eberle.at\/de\/wp-json\/wp\/v2\/media?parent=239"}],"curies":[{"name":"wp","href":"https:\/\/api.w.org\/{rel}","templated":true}]}}