{"id":245,"date":"2017-09-04T13:52:20","date_gmt":"2017-09-04T13:52:20","guid":{"rendered":"http:\/\/www.eberle.at\/?page_id=245"},"modified":"2023-02-02T12:45:19","modified_gmt":"2023-02-02T11:45:19","slug":"kontakt","status":"publish","type":"page","link":"https:\/\/www.eberle.at\/de\/kontakt\/","title":{"rendered":"Kontakt"},"content":{"rendered":"<div class=\"wpb-content-wrapper\"><h1 class=\"seo-page-title\">Kontakt<\/h1><p>[vc_row el_class=&#8220;full-width&#8220;][vc_column][vc_single_image image=&#8220;11503&#8243; img_size=&#8220;full&#8220;][\/vc_column][\/vc_row][vc_row el_class=&#8220;card&#8220;][vc_column width=&#8220;1\/3&#8243;][vc_column_text]<\/p>\n<h3><strong>Eberle Automatische Systeme<\/strong><\/h3>\n<h3><strong>GmbH &amp; Co KG<\/strong><\/h3>\n<p class=\"bodytext\">Dr.-Walter-Zumtobel-Stra\u00dfe 8<br \/>\n6850 Dornbirn<br \/>\nAustria[\/vc_column_text][vc_column_text]<\/p>\n<h3><strong>Anfrage<\/strong><\/h3>\n<p>Ihre Anliegen sind uns wichtig. Senden Sie uns Ihre Anfragen jederzeit.<\/p>\n<ul>\n<li>Anfrage<\/li>\n<li>Support<\/li>\n<li>Bewerbung<\/li>\n<li>Produktunterlagen<\/li>\n<\/ul>\n<p><a href=\"mailto:info@eberle.at\">info@eberle.at<\/a>[\/vc_column_text][\/vc_column][vc_column width=&#8220;1\/3&#8243;][vc_column_text]<\/p>\n<h3><strong>\u00d6ffnungszeiten<\/strong><\/h3>\n<table class=\"opening-hours\">\n<tbody>\n<tr>\n<th>MO \u2013 DO<\/th>\n<td>07:00 \u2013 12.00 Uhr<\/td>\n<td>13:00 \u2013 17.00 Uhr<\/td>\n<\/tr>\n<tr>\n<th>FR<\/th>\n<td>07:00 \u2013 12:00 Uhr<\/td>\n<\/tr>\n<\/tbody>\n<\/table>\n<p>\u00d6ffnungszeiten gelten exklusive Feiertage.<\/p>\n<p style=\"margin-bottom: 0;\">Erreichbarkeit innerhalb der \u00d6ffnungszeiten<\/p>\n<ul>\n<li>Telefonisch unter +43 5572 55580<\/li>\n<li>per E-Mail unter <a href=\"mailto:info@eberle.at\">info@eberle.at<\/a><\/li>\n<\/ul>\n<p style=\"margin-bottom: 0;\">Erreichbarkeit au\u00dferhalb der \u00d6ffnungszeiten<\/p>\n<ul>\n<li>Telefonisch unter +43 5572 55580<\/li>\n<li>per E-Mail unter <a href=\"mailto:support@eberle.at\">support@eberle.at<\/a><\/li>\n<\/ul>\n<p>Wir weisen Sie darauf hin, dass ab 18:00 Uhr eine Servicepauschale von 100 Euro und ab 22:00 Uhr eine Pauschale von 200 Euro berechnet wird. Ab 7:00 Uhr sind wir wieder regul\u00e4r erreichbar.[\/vc_column_text][\/vc_column][vc_column width=&#8220;1\/3&#8243;][vc_column_text]<\/p>\n<h3>Lageplan &amp;\u00a0<a href=\"https:\/\/www.google.at\/maps\/place\/Eberle+Automatische+Systeme+GmbH+%26+Co+KG\/@47.4331582,9.7126792,13.5z\/data=!4m5!3m4!1s0x479b1356b0f2c4f5:0xad7d5b787aa9e1bb!8m2!3d47.433192!4d9.73722\" target=\"_blank\" rel=\"noopener noreferrer\">Anfahrt<\/a><\/h3>\n<p>[\/vc_column_text][vc_gmaps link=&#8220;#E-8_JTNDaWZyYW1lJTIwc3JjJTNEJTIyaHR0cHMlM0ElMkYlMkZ3d3cuZ29vZ2xlLmNvbSUyRm1hcHMlMkZlbWJlZCUzRnBiJTNEJTIxMW0xOCUyMTFtMTIlMjExbTMlMjExZDI2OTguODEyNjYwMjAzODI5JTIxMmQ5Ljc0NTQxMTMxNTgxOTc0NCUyMTNkNDcuNDM1MDk2MjA3ODAyNjY1JTIxMm0zJTIxMWYwJTIxMmYwJTIxM2YwJTIxM20yJTIxMWkxMDI0JTIxMmk3NjglMjE0ZjEzLjElMjEzbTMlMjExbTIlMjExczB4NDc5YjZjYWNmY2VkOWU1OSUyNTNBMHg2Yjg3ZDU3Njg4NmM5ODkwJTIxMnNEci4tV2FsdGVyLVp1bXRvYmVsLVN0cmElMjVDMyUyNTlGZSUyNTIwOCUyNTJDJTI1MjA2ODUwJTI1MjBEb3JuYmlybiUyMTVlMCUyMTNtMiUyMTFzZGUlMjEyc2F0JTIxNHYxNjcxMDIzMDgzNTYyJTIxNW0yJTIxMXNkZSUyMTJzYXQlMjIlMjB3aWR0aCUzRCUyMjYwMCUyMiUyMGhlaWdodCUzRCUyMjQ1MCUyMiUyMHN0eWxlJTNEJTIyYm9yZGVyJTNBMCUzQiUyMiUyMGFsbG93ZnVsbHNjcmVlbiUzRCUyMiUyMiUyMGxvYWRpbmclM0QlMjJsYXp5JTIyJTIwcmVmZXJyZXJwb2xpY3klM0QlMjJuby1yZWZlcnJlci13aGVuLWRvd25ncmFkZSUyMiUzRSUzQyUyRmlmcmFtZSUzRQ==&#8220;][\/vc_column][\/vc_row][vc_row][vc_column width=&#8220;1\/3&#8243;]\r\n\t\t\t<div class=\"card\">\r\n\t\t\t\t<div class=\"s_richtext\">\r\n\t\t\t\t\t<p class=\"bodytext\"><strong>Anfahrt \u00fcber die A14, E60 (Rheintalautobahn)<\/strong><\/p>\n<ul>\n<li>Ausfahrt Dornbirn Nord (Nr. 14)<\/li>\n<li>Beim Kreisverkehr (Autobahnauffahrt Dornbirn Nord) zweite Ausfahrt (B200) nehmen<\/li>\n<li>In 1,4 km rechts in die Dr.-Walter-Zumtobel-Stra\u00dfe abbiegen<\/li>\n<li>Nach 450m befindet sich unser Firmenstandort auf der linken Seite<\/li>\n<\/ul>\n\r\n\t\t\t\t<\/div>\r\n\t\t\t<\/div>\r\n\t\t\t<div class=\"card\">\r\n\t\t\t\t<div class=\"s_richtext\">\r\n\t\t\t\t\t<p class=\"bodytext\"><strong>\u00d6ffentliche Anreise<br \/>\n<\/strong><\/p>\n<p>Zug- und Bushaltestellen befinden sich in unmittelbarer N\u00e4he und sind bequem zu Fu\u00df erreichbar. Sie k\u00f6nnen die passende Verbindung am einfachsten mit dem\u00a0<a href=\"https:\/\/www.vmobil.at\/routen\" target=\"_blank\" rel=\"noopener noreferrer\">Routenplaner des Vorarlberger Verkehrsverbundes<\/a>\u00a0finden.<\/p>\n\r\n\t\t\t\t<\/div>\r\n\t\t\t<\/div>[\/vc_column][vc_column width=&#8220;1\/3&#8243;]\r\n\t\t\t<div class=\"card\">\r\n\t\t\t\t<div class=\"s_richtext\">\r\n\t\t\t\t\t<p class=\"bodytext\"><strong>Anfahrt\u00a0von Bregenz<\/strong><\/p>\n<ul>\n<li>Von Bregenz auf der B190 Richtung Dornbirn fahren<\/li>\n<li>Beim Kreisverkehr (Autobahnauffahrt Dornbirn Nord) dritte Ausfahrt (B200) nehmen<\/li>\n<li>In 1,4 km rechts in die Dr.-Walter-Zumtobel-Stra\u00dfe abbiegen<\/li>\n<li>Nach 450m befindet sich unser Firmenstandort auf der linken Seite<\/li>\n<\/ul>\n\r\n\t\t\t\t<\/div>\r\n\t\t\t<\/div>[\/vc_column][vc_column width=&#8220;1\/3&#8243;]\r\n\t\t\t<div class=\"card\">\r\n\t\t\t\t<div class=\"s_richtext\">\r\n\t\t\t\t\t<p class=\"bodytext\"><strong>Anfahrt aus der Schweiz \u00fcber Lustenau<\/strong><\/p>\n<ul>\n<li>Auf der Autobahn aus Chur oder Z\u00fcrich kommend<\/li>\n<li>Abfahrt Au (Nr. 2)<\/li>\n<li>Grenz\u00fcberganz Au\/Lustenau passieren<\/li>\n<li>In Lustenau gleich nach rechts in die Reichsstra\u00dfe abbiegen<\/li>\n<li>Dem Stra\u00dfenverlauf folgen (ca. 1,2km)<\/li>\n<li>Beim Kreisverkehr 3. Ausfahrt Richtung Dornbirn (B204) nehmen\n<ul>\n<li>Der B204 (Vorrangstrasse) bis zum Ende folgen (ca. 6,5km)<\/li>\n<li>Alternativ bei Dornbirn West auf die Autobahn Richtung Bregenz auffahren<\/li>\n<\/ul>\n<\/li>\n<li>Links abbiegen in die Bundesstrasse B190 Richtung Bregenz<\/li>\n<li>Durch die Stadt Richtung Autobahnauffahrt Dornbirn Nord weiterfahren<\/li>\n<li>Beim Kreisverkehr (Autobahnauffahrt Dornbirn Nord) erste Ausfahrt (B200) nehmen<\/li>\n<li>In 1,4 km rechts in die Dr.-Walter-Zumtobel-Stra\u00dfe abbiegen<\/li>\n<li>Nach 450m befindet sich unser Firmenstandort auf der linken Seite<\/li>\n<\/ul>\n\r\n\t\t\t\t<\/div>\r\n\t\t\t<\/div>[\/vc_column][\/vc_row]<\/p>\n<\/div>","protected":false},"excerpt":{"rendered":"<p>Kontakt[vc_row el_class=&#8220;full-width&#8220;][vc_column][vc_single_image image=&#8220;11503&#8243; img_size=&#8220;full&#8220;][\/vc_column][\/vc_row][vc_row el_class=&#8220;card&#8220;][vc_column width=&#8220;1\/3&#8243;][vc_column_text] Eberle Automatische Systeme GmbH &amp; Co KG Dr.-Walter-Zumtobel-Stra\u00dfe 8 6850 Dornbirn Austria[\/vc_column_text][vc_column_text] Anfrage Ihre Anliegen sind uns wichtig. Senden Sie uns Ihre Anfragen jederzeit. Anfrage Support Bewerbung Produktunterlagen info@eberle.at[\/vc_column_text][\/vc_column][vc_column width=&#8220;1\/3&#8243;][vc_column_text] \u00d6ffnungszeiten MO \u2013 DO 07:00 \u2013 12.00 Uhr 13:00 \u2013 17.00 Uhr FR 07:00 \u2013 12:00 Uhr \u00d6ffnungszeiten gelten [&hellip;]<\/p>\n","protected":false},"author":1,"featured_media":0,"parent":0,"menu_order":96,"comment_status":"closed","ping_status":"closed","template":"","meta":{"footnotes":""},"class_list":["post-245","page","type-page","status-publish","hentry"],"_links":{"self":[{"href":"https:\/\/www.eberle.at\/de\/wp-json\/wp\/v2\/pages\/245","targetHints":{"allow":["GET"]}}],"collection":[{"href":"https:\/\/www.eberle.at\/de\/wp-json\/wp\/v2\/pages"}],"about":[{"href":"https:\/\/www.eberle.at\/de\/wp-json\/wp\/v2\/types\/page"}],"author":[{"embeddable":true,"href":"https:\/\/www.eberle.at\/de\/wp-json\/wp\/v2\/users\/1"}],"replies":[{"embeddable":true,"href":"https:\/\/www.eberle.at\/de\/wp-json\/wp\/v2\/comments?post=245"}],"version-history":[{"count":24,"href":"https:\/\/www.eberle.at\/de\/wp-json\/wp\/v2\/pages\/245\/revisions"}],"predecessor-version":[{"id":11494,"href":"https:\/\/www.eberle.at\/de\/wp-json\/wp\/v2\/pages\/245\/revisions\/11494"}],"wp:attachment":[{"href":"https:\/\/www.eberle.at\/de\/wp-json\/wp\/v2\/media?parent=245"}],"curies":[{"name":"wp","href":"https:\/\/api.w.org\/{rel}","templated":true}]}}