{"id":253,"date":"2017-09-04T13:53:30","date_gmt":"2017-09-04T13:53:30","guid":{"rendered":"http:\/\/www.eberle.at\/?page_id=253"},"modified":"2026-03-24T13:38:04","modified_gmt":"2026-03-24T12:38:04","slug":"siemens-solution-partner","status":"publish","type":"page","link":"https:\/\/www.eberle.at\/de\/unternehmen\/siemens-solution-partner\/","title":{"rendered":"Siemens Solution Partner"},"content":{"rendered":"<div class=\"wpb-content-wrapper\"><h1 class=\"seo-page-title\">Siemens Solution Partner<\/h1><p>[vc_row el_class=&#8220;full-width&#8220;][vc_column][vc_single_image image=&#8220;5687&#8243; img_size=&#8220;full&#8220;][\/vc_column][\/vc_row][vc_row el_class=&#8220;card&#8220;][vc_column width=&#8220;1\/3&#8243;][vc_column_text]<\/p>\n<h2>Qualifizierter Siemens Solution Partner Automation Drives<\/h2>\n<p>[\/vc_column_text][\/vc_column][vc_column width=&#8220;1\/3&#8243;][vc_column_text css=&#8220;&#8220;]Mit wahrer Qualit\u00e4t zum Erfolg.<\/p>\n<p>Um diesem Anspruch gerecht zu werden, pflegen wir mit Siemens eine strategische Partnerschaft. Als zertifizierter Siemens Solution Partner Automation Drives realisieren wir ma\u00dfgeschneiderte L\u00f6sungen von h\u00f6chster Qualit\u00e4t. Diese L\u00f6sungen kommen in fast allen Bereichen unseres Unternehmens zur Anwendung.<\/p>\n<ul class=\"slds-list_dotted unorderedListValues\">\n<li>Consulting Anlagenautomatisierung<\/li>\n<li>Herstellung Sondermaschinenbau \/ virtuelle Inbetriebnahme<\/li>\n<li>Integration\/Engineering Robotik \/ Bildverarbeitung<\/li>\n<li>Montage Schaltschrankbau<\/li>\n<li>Programmierung SPS \/ Robotik \/ SCADA \/ HMI<\/li>\n<li>Projektabwicklung Anlagenautomatisierung \/ Prozessleitsysteme<\/li>\n<li>Technischer Service Robotik \/ Steuerung \/ Software<\/li>\n<\/ul>\n<p>[\/vc_column_text][\/vc_column][vc_column width=&#8220;1\/3&#8243;][vc_column_text css=&#8220;&#8220;]Kunden profitieren von innovativen Siemens\u2011Produkten und unserer branchen\u00fcbergreifenden L\u00f6sungskompetenz.<\/p>\n<p>Link:\u00a0<a href=\"https:\/\/www.partnerfinder.automation.siemens.com\/s\/partner-details-page?language=de&amp;acctId=0010N00005C60gJQAR&amp;c__partnerType=Solution%2520Partner\" target=\"_blank\" rel=\"noopener noreferrer\">Siemens Partner Portal<\/a><\/p>\n<p>&nbsp;<\/p>\n<p>Unsere Zertifikate:<\/p>\n<p><a href=\"https:\/\/www.eberle.at\/wp-content\/uploads\/2024\/06\/DrivesMotion.pdf\" target=\"_blank\" rel=\"noopener\">Drivers&amp;Motion<\/a><br \/>\n<a href=\"https:\/\/www.eberle.at\/wp-content\/uploads\/2024\/06\/Factory-Automation.pdf\" target=\"_blank\" rel=\"noopener\">Factory Automation<\/a><br \/>\n<a href=\"https:\/\/www.eberle.at\/wp-content\/uploads\/2024\/06\/FoodBeverage.pdf\" target=\"_blank\" rel=\"noopener\">Food&amp;Beverage<\/a><br \/>\n<a href=\"https:\/\/www.eberle.at\/wp-content\/uploads\/2024\/06\/Industrial-Communications.pdf\" target=\"_blank\" rel=\"noopener\">Industrial Communications<\/a>[\/vc_column_text][\/vc_column][\/vc_row][vc_row][vc_column width=&#8220;1\/3&#8243;][vc_single_image image=&#8220;489&#8243; img_size=&#8220;full&#8220;][\/vc_column][vc_column width=&#8220;1\/3&#8243;][vc_single_image image=&#8220;18610&#8243; img_size=&#8220;full&#8220; css=&#8220;&#8220;][\/vc_column][vc_column width=&#8220;1\/3&#8243;][vc_single_image image=&#8220;490&#8243; img_size=&#8220;full&#8220;][\/vc_column][\/vc_row]<\/p>\n<\/div>","protected":false},"excerpt":{"rendered":"<p>Siemens Solution Partner[vc_row el_class=&#8220;full-width&#8220;][vc_column][vc_single_image image=&#8220;5687&#8243; img_size=&#8220;full&#8220;][\/vc_column][\/vc_row][vc_row el_class=&#8220;card&#8220;][vc_column width=&#8220;1\/3&#8243;][vc_column_text] Qualifizierter Siemens Solution Partner Automation Drives [\/vc_column_text][\/vc_column][vc_column width=&#8220;1\/3&#8243;][vc_column_text css=&#8220;&#8220;]Mit wahrer Qualit\u00e4t zum Erfolg. Um diesem Anspruch gerecht zu werden, pflegen wir mit Siemens eine strategische Partnerschaft. Als zertifizierter Siemens Solution Partner Automation Drives realisieren wir ma\u00dfgeschneiderte L\u00f6sungen von h\u00f6chster Qualit\u00e4t. Diese L\u00f6sungen kommen in fast allen Bereichen [&hellip;]<\/p>\n","protected":false},"author":1,"featured_media":0,"parent":233,"menu_order":42,"comment_status":"closed","ping_status":"closed","template":"","meta":{"footnotes":""},"class_list":["post-253","page","type-page","status-publish","hentry"],"_links":{"self":[{"href":"https:\/\/www.eberle.at\/de\/wp-json\/wp\/v2\/pages\/253","targetHints":{"allow":["GET"]}}],"collection":[{"href":"https:\/\/www.eberle.at\/de\/wp-json\/wp\/v2\/pages"}],"about":[{"href":"https:\/\/www.eberle.at\/de\/wp-json\/wp\/v2\/types\/page"}],"author":[{"embeddable":true,"href":"https:\/\/www.eberle.at\/de\/wp-json\/wp\/v2\/users\/1"}],"replies":[{"embeddable":true,"href":"https:\/\/www.eberle.at\/de\/wp-json\/wp\/v2\/comments?post=253"}],"version-history":[{"count":15,"href":"https:\/\/www.eberle.at\/de\/wp-json\/wp\/v2\/pages\/253\/revisions"}],"predecessor-version":[{"id":18612,"href":"https:\/\/www.eberle.at\/de\/wp-json\/wp\/v2\/pages\/253\/revisions\/18612"}],"up":[{"embeddable":true,"href":"https:\/\/www.eberle.at\/de\/wp-json\/wp\/v2\/pages\/233"}],"wp:attachment":[{"href":"https:\/\/www.eberle.at\/de\/wp-json\/wp\/v2\/media?parent=253"}],"curies":[{"name":"wp","href":"https:\/\/api.w.org\/{rel}","templated":true}]}}