{"id":255,"date":"2017-09-04T13:53:51","date_gmt":"2017-09-04T13:53:51","guid":{"rendered":"http:\/\/www.eberle.at\/?page_id=255"},"modified":"2019-10-16T10:40:25","modified_gmt":"2019-10-16T09:40:25","slug":"mvtec-certified-integration-partner","status":"publish","type":"page","link":"https:\/\/www.eberle.at\/de\/unternehmen\/mvtec-certified-integration-partner\/","title":{"rendered":"MVTec Certified Integration Partner"},"content":{"rendered":"<div class=\"wpb-content-wrapper\"><h1 class=\"seo-page-title\">MVTec Certified Integration Partner<\/h1><p>[vc_row el_class=&#8220;full-width&#8220;][vc_column][vc_single_image image=&#8220;5692&#8243; img_size=&#8220;full&#8220;][\/vc_column][\/vc_row][vc_row el_class=&#8220;card&#8220;][vc_column width=&#8220;1\/3&#8243;][vc_column_text]<\/p>\n<h2>MVTec Certified Integration Partner<\/h2>\n<p>[\/vc_column_text][\/vc_column][vc_column width=&#8220;1\/3&#8243;][vc_column_text]Erstklassige optische Anwendungen erfordern h\u00f6chste Qualit\u00e4t aller Komponenten.<\/p>\n<p>Im Bereich des maschinellen Sehens setzen wir daher auf die Bildverarbeitungssoftware\u00a0<strong>MVTec HALCON<\/strong>.<\/p>\n<p><strong>HALCON<\/strong>\u00a0dient als Basis f\u00fcr unsere industriellen Bildverarbeitungsl\u00f6sungen im gesamten Anwendungsspektrum.<\/p>\n<p>Die leistungsf\u00e4hige und flexible MVTec-Software erm\u00f6glicht eine schnelle Entwicklung und nahtlose Integration in unsere Maschine-Vision-Systeme.[\/vc_column_text][\/vc_column][vc_column width=&#8220;1\/3&#8243;][vc_column_text]<strong>MVTec Software GmbH<\/strong>\u00a0ist f\u00fchrender internationaler Software-Hersteller f\u00fcr die industrielle Bildverarbeitung.<\/p>\n<p>Als zertifizierter Integrationspartner von\u00a0<strong>MVTec<\/strong>\u00a0realisieren wir kundenspezifische und zukunftsorientierte Bildverarbeitungsl\u00f6sungen.<\/p>\n<p>Link:\u00a0<a href=\"http:\/\/www.mvtec.com\/de\/unternehmen\/partnernetzwerk\/certified-integration-partner\/\" target=\"_blank\" rel=\"noopener noreferrer\">MVTec Partner Portal<\/a>[\/vc_column_text][\/vc_column][\/vc_row][vc_row][vc_column width=&#8220;1\/3&#8243;][vc_single_image image=&#8220;482&#8243; img_size=&#8220;full&#8220;][\/vc_column][vc_column width=&#8220;1\/3&#8243;][vc_single_image image=&#8220;484&#8243; img_size=&#8220;full&#8220;][\/vc_column][vc_column width=&#8220;1\/3&#8243;][vc_single_image image=&#8220;483&#8243; img_size=&#8220;full&#8220;][\/vc_column][\/vc_row]<\/p>\n<\/div>","protected":false},"excerpt":{"rendered":"<p>MVTec Certified Integration Partner[vc_row el_class=&#8220;full-width&#8220;][vc_column][vc_single_image image=&#8220;5692&#8243; img_size=&#8220;full&#8220;][\/vc_column][\/vc_row][vc_row el_class=&#8220;card&#8220;][vc_column width=&#8220;1\/3&#8243;][vc_column_text] MVTec Certified Integration Partner [\/vc_column_text][\/vc_column][vc_column width=&#8220;1\/3&#8243;][vc_column_text]Erstklassige optische Anwendungen erfordern h\u00f6chste Qualit\u00e4t aller Komponenten. Im Bereich des maschinellen Sehens setzen wir daher auf die Bildverarbeitungssoftware\u00a0MVTec HALCON. HALCON\u00a0dient als Basis f\u00fcr unsere industriellen Bildverarbeitungsl\u00f6sungen im gesamten Anwendungsspektrum. Die leistungsf\u00e4hige und flexible MVTec-Software erm\u00f6glicht eine schnelle Entwicklung und nahtlose [&hellip;]<\/p>\n","protected":false},"author":1,"featured_media":0,"parent":233,"menu_order":53,"comment_status":"closed","ping_status":"closed","template":"","meta":{"footnotes":""},"class_list":["post-255","page","type-page","status-publish","hentry"],"_links":{"self":[{"href":"https:\/\/www.eberle.at\/de\/wp-json\/wp\/v2\/pages\/255","targetHints":{"allow":["GET"]}}],"collection":[{"href":"https:\/\/www.eberle.at\/de\/wp-json\/wp\/v2\/pages"}],"about":[{"href":"https:\/\/www.eberle.at\/de\/wp-json\/wp\/v2\/types\/page"}],"author":[{"embeddable":true,"href":"https:\/\/www.eberle.at\/de\/wp-json\/wp\/v2\/users\/1"}],"replies":[{"embeddable":true,"href":"https:\/\/www.eberle.at\/de\/wp-json\/wp\/v2\/comments?post=255"}],"version-history":[{"count":8,"href":"https:\/\/www.eberle.at\/de\/wp-json\/wp\/v2\/pages\/255\/revisions"}],"predecessor-version":[{"id":5696,"href":"https:\/\/www.eberle.at\/de\/wp-json\/wp\/v2\/pages\/255\/revisions\/5696"}],"up":[{"embeddable":true,"href":"https:\/\/www.eberle.at\/de\/wp-json\/wp\/v2\/pages\/233"}],"wp:attachment":[{"href":"https:\/\/www.eberle.at\/de\/wp-json\/wp\/v2\/media?parent=255"}],"curies":[{"name":"wp","href":"https:\/\/api.w.org\/{rel}","templated":true}]}}