{"id":261,"date":"2017-09-04T13:55:06","date_gmt":"2017-09-04T13:55:06","guid":{"rendered":"http:\/\/www.eberle.at\/?page_id=261"},"modified":"2026-03-03T08:51:48","modified_gmt":"2026-03-03T07:51:48","slug":"sps-systemtechnik","status":"publish","type":"page","link":"https:\/\/www.eberle.at\/de\/loesungen\/sps-systemtechnik\/","title":{"rendered":"SPS Systemtechnik"},"content":{"rendered":"<div class=\"wpb-content-wrapper\"><h1 class=\"seo-page-title\">SPS Systemtechnik<\/h1><p>[vc_row el_class=&#8220;full-width&#8220;][vc_column][vc_single_image image=&#8220;442&#8243; img_size=&#8220;full&#8220;][\/vc_column][\/vc_row][vc_row el_class=&#8220;card&#8220;][vc_column width=&#8220;1\/3&#8243;][vc_column_text]Automatisierung ist ohne entsprechende SPS-Hardware, Energieverteilung, Leitungen und Netzwerke nicht m\u00f6glich.[\/vc_column_text][\/vc_column][vc_column width=&#8220;1\/3&#8243;][vc_column_text]Grund genug f\u00fcr uns, in jedem Projekt ein stabiles Fundament f\u00fcr die SPS-Systemtechnik zu bauen.[\/vc_column_text][\/vc_column][vc_column width=&#8220;1\/3&#8243;][vc_column_text]Gut geplante Anlagen erh\u00f6hen die Betriebssicherheit und sind leicht zu adaptieren.[\/vc_column_text][\/vc_column][\/vc_row][vc_row][vc_column]\r\n\t\t\t<div class=\"eas_separator\">\r\n\t\t\t\t<hr\/>\r\n\t\t\t\t<div>\r\n\t\t\t\t\t<h2 class=\"u_text-center h1\">Elektroplanung<\/h2>\r\n\t\t\t\t<\/div>\r\n\t\t\t<\/div>[\/vc_column][\/vc_row][vc_row][vc_column width=&#8220;1\/3&#8243;][vc_single_image image=&#8220;443&#8243; img_size=&#8220;full&#8220;][\/vc_column][vc_column width=&#8220;1\/3&#8243;]\r\n\t\t\t<div class=\"card\">\r\n\t\t\t\t<div class=\"s_richtext\">\r\n\t\t\t\t\t<p>Professionelle Elektroplanung beginnt mit einer sorgf\u00e4ltigen Analyse der Anforderung. Wir erstellen detaillierte Pflichtenhefte mit einem klaren Konzept.\u00a0Dabei agieren wir zukunftsorientiert und w\u00e4gen in der Planung bereits Betriebssicherheit, Wartung und Erweiterungsf\u00e4higkeit zu einem sinnvollen \u00f6konomischen Zielergebnis ab.<\/p>\n\r\n\t\t\t\t<\/div>\r\n\t\t\t<\/div>[\/vc_column][vc_column width=&#8220;1\/3&#8243;]\r\n\t\t\t<div class=\"card\">\r\n\t\t\t\t<div class=\"s_richtext\">\r\n\t\t\t\t\t<p>Eine derart durchdachte Herangehensweise spart \u00fcber die Lebenszeit der Anlage Zeit und Geld. In der \u00c4ra von\u00a0Industrie 4.0 werden diese Faktoren umso wichtiger, da der Lebenszyklus von Produkten und Fertigungslinien stark sinken wird. Wer im Wettbewerb bestehen will, muss seine Produktion just in time umstellen k\u00f6nnen.<\/p>\n\r\n\t\t\t\t<\/div>\r\n\t\t\t<\/div>[\/vc_column][\/vc_row][vc_row][vc_column]\r\n\t\t\t<div class=\"eas_separator\">\r\n\t\t\t\t<hr\/>\r\n\t\t\t\t<div>\r\n\t\t\t\t\t<h2 class=\"u_text-center h1\">Inbetriebnahme<\/h2>\r\n\t\t\t\t<\/div>\r\n\t\t\t<\/div>[\/vc_column][\/vc_row][vc_row][vc_column width=&#8220;1\/3&#8243;][vc_single_image image=&#8220;447&#8243; img_size=&#8220;full&#8220;][\/vc_column][vc_column width=&#8220;1\/3&#8243;]\r\n\t\t\t<div class=\"card\">\r\n\t\t\t\t<div class=\"s_richtext\">\r\n\t\t\t\t\t<p>Die Inbetriebnahme ist ein wesentlicher\u00a0Meilenstein\u00a0in der Automatisierung. Die Funktionen werden von der Konstruktion in die Realit\u00e4t \u00fcbertragen. Letzte Adaptierungen m\u00fcssen rasch, flexibel und genau erfolgen, um einen sicheren Betrieb zu gew\u00e4hrleisten. Hier beweist sich die\u00a0Konstruktion in der Praxis.<\/p>\n\r\n\t\t\t\t<\/div>\r\n\t\t\t<\/div>[\/vc_column][vc_column width=&#8220;1\/3&#8243;]\r\n\t\t\t<div class=\"card\">\r\n\t\t\t\t<div class=\"s_richtext\">\r\n\t\t\t\t\t<p>Unsere 4D-Konstruktion verk\u00fcrzt die Inbetriebnahme, da wir die Maschinendaten im Vorfeld kennen. Stillstandszeiten in der Fertigung sind daher minimiert und die Einsatzbereitschaft maximiert. Notwendige und kurzfristige \u00c4nderungen werden von uns mit gr\u00f6\u00dftm\u00f6glicher Sorgfalt durchgef\u00fchrt.<\/p>\n\r\n\t\t\t\t<\/div>\r\n\t\t\t<\/div>[\/vc_column][\/vc_row][vc_row][vc_column]\r\n\t\t\t<div class=\"eas_separator\">\r\n\t\t\t\t<hr\/>\r\n\t\t\t\t<div>\r\n\t\t\t\t\t<h2 class=\"u_text-center h1\">Safety-Software<\/h2>\r\n\t\t\t\t<\/div>\r\n\t\t\t<\/div>[\/vc_column][\/vc_row][vc_row][vc_column width=&#8220;1\/3&#8243;][vc_single_image image=&#8220;446&#8243; img_size=&#8220;full&#8220;][\/vc_column][vc_column width=&#8220;1\/3&#8243;]\r\n\t\t\t<div class=\"card\">\r\n\t\t\t\t<div class=\"s_richtext\">\r\n\t\t\t\t\t<p>Personenschutz (Safety) f\u00fcr Bediener und Maschine ist besonders wichtig. Sch\u00e4den durch nicht sorgf\u00e4ltig geplante Anlagen k\u00f6nnen irreparabel sein. Mit der Safety-Technologie und entsprechender Programmierung sind die Funktionen f\u00fcr die Sicherheitseinrichtungen gew\u00e4hrleistet.<\/p>\n\r\n\t\t\t\t<\/div>\r\n\t\t\t<\/div>[\/vc_column][vc_column width=&#8220;1\/3&#8243;]\r\n\t\t\t<div class=\"card\">\r\n\t\t\t\t<div class=\"s_richtext\">\r\n\t\t\t\t\t<p>Wir programmieren &#8222;safety&#8220; auf h\u00f6chstem Niveau. Wir wagen hier keine Experimente, sondern arbeiten ausschlie\u00dflich mit sorgf\u00e4ltig erprobten Konzepten. Nach der Programmierung werden die Funktionen zudem auf Ausfallsicherheit gepr\u00fcft. Unsere Maschinen sind CE-konform.<\/p>\n\r\n\t\t\t\t<\/div>\r\n\t\t\t<\/div>[\/vc_column][\/vc_row][vc_row][vc_column]\r\n\t\t\t<div class=\"eas_separator\">\r\n\t\t\t\t<hr\/>\r\n\t\t\t\t<div>\r\n\t\t\t\t\t<h2 class=\"u_text-center h1\">SPS-Software<\/h2>\r\n\t\t\t\t<\/div>\r\n\t\t\t<\/div>[\/vc_column][\/vc_row][vc_row][vc_column width=&#8220;1\/3&#8243;][vc_single_image image=&#8220;445&#8243; img_size=&#8220;full&#8220;][\/vc_column][vc_column width=&#8220;1\/3&#8243;]\r\n\t\t\t<div class=\"card\">\r\n\t\t\t\t<div class=\"s_richtext\">\r\n\t\t\t\t\t<p>Die speicherprogrammierbare Steuerung bildet die Schnittstelle zwischen Automatisierung (Programmierung) und den mechanisch aktiven Teilen (Aktoren, Sensoren, Antriebe, etc.). Somit ist die SPS das wichtigste Bindeglied in der Automatisierungskette. Wir schreiben\u00a0dieser Schnittstelle eine hohe Bedeutung zu und programmieren diese nachvollziehbar klar strukturiert.<\/p>\n<p>Wir arbeiten nicht nach Schema F, aber mit Struktur. Eine klare Bezeichnung, eindeutige Begriffe und nachvollziehbare Dokumentation geben uns die M\u00f6glichkeit, Fehler von vornherein auszuschlie\u00dfen. Die Grundstruktur ist reproduzierbar und auf jede Anlage skalierbar. So erweitern wir ganz automatisch den technischen Horizont und k\u00f6nnen aus den Erfahrungen f\u00fcr \u00e4hnliche Anforderungen sch\u00f6pfen.<\/p>\n\r\n\t\t\t\t<\/div>\r\n\t\t\t<\/div>[\/vc_column][vc_column width=&#8220;1\/3&#8243;]\r\n\t\t\t<div class=\"card\">\r\n\t\t\t\t<div class=\"s_richtext\">\r\n\t\t\t\t\t<p>Bei der Auswahl der Komponenten machen wir keine Kompromisse und verlassen uns auf langj\u00e4hrige Partner wie\u00a0Siemens. Qualit\u00e4t der Bauteile und die professionelle Verkn\u00fcpfung von Hardwarekomponenten mit der Programmierebene ist im Servicefall die beste Kombination.<\/p>\n\r\n\t\t\t\t<\/div>\r\n\t\t\t<\/div>[\/vc_column][\/vc_row][vc_row][vc_column]\r\n\t\t\t<div class=\"eas_separator\">\r\n\t\t\t\t<hr\/>\r\n\t\t\t\t<div>\r\n\t\t\t\t\t<h2 class=\"u_text-center h1\">Verteiler- und Schaltanlagenbau<\/h2>\r\n\t\t\t\t<\/div>\r\n\t\t\t<\/div>[\/vc_column][\/vc_row][vc_row][vc_column width=&#8220;1\/3&#8243;][vc_single_image image=&#8220;12161&#8243; img_size=&#8220;full&#8220;][\/vc_column][vc_column width=&#8220;1\/3&#8243;]\r\n\t\t\t<div class=\"card\">\r\n\t\t\t\t<div class=\"s_richtext\">\r\n\t\t\t\t\t<p>Moderner und nachhaltiger Verteiler- und Schaltanlagenbau erh\u00f6ht die Betriebssicherheit und ist die Basis f\u00fcr die Maschinenansteuerung. Hohe Verf\u00fcgbarkeit, Betriebssicherheit und leichte Wartung sind hier besonders wichtig. Mit einer abgestimmten Auswahl an Standardprodukten, passgenau f\u00fcr die Applikation, stellen wir einen reibungslosen Betrieb sicher.<\/p>\n\r\n\t\t\t\t<\/div>\r\n\t\t\t<\/div>[\/vc_column][vc_column width=&#8220;1\/3&#8243;]\r\n\t\t\t<div class=\"card\">\r\n\t\t\t\t<div class=\"s_richtext\">\r\n\t\t\t\t\t<p>Die Herstellung und Montage erfolgt hausintern. Unsere Spezialisten bauen L\u00f6sungen von kleinen Tableaus bis hin zu gro\u00dfen Schaltschrankanlagen. Mit dem hohen Qualit\u00e4tsanspruch unsererseits und der Einzelpr\u00fcfung vor der Auslieferung gew\u00e4hrleisten wir zuverl\u00e4ssige Systeme.<\/p>\n<p><a href=\"https:\/\/www.eberle.at\/wp-content\/uploads\/2026\/03\/20241105_Produktbroschuere_Verteiler-und_Schaltanlagenbau_DE.pdf\" target=\"_blank\" rel=\"noopener\">Brosch\u00fcre &#8211; Verteiler- und Schaltanlagenbau<\/a><\/p>\n\r\n\t\t\t\t<\/div>\r\n\t\t\t<\/div>[\/vc_column][\/vc_row]<\/p>\n<\/div>","protected":false},"excerpt":{"rendered":"<p>SPS Systemtechnik[vc_row el_class=&#8220;full-width&#8220;][vc_column][vc_single_image image=&#8220;442&#8243; img_size=&#8220;full&#8220;][\/vc_column][\/vc_row][vc_row el_class=&#8220;card&#8220;][vc_column width=&#8220;1\/3&#8243;][vc_column_text]Automatisierung ist ohne entsprechende SPS-Hardware, Energieverteilung, Leitungen und Netzwerke nicht m\u00f6glich.[\/vc_column_text][\/vc_column][vc_column width=&#8220;1\/3&#8243;][vc_column_text]Grund genug f\u00fcr uns, in jedem Projekt ein stabiles Fundament f\u00fcr die SPS-Systemtechnik zu bauen.[\/vc_column_text][\/vc_column][vc_column width=&#8220;1\/3&#8243;][vc_column_text]Gut geplante Anlagen erh\u00f6hen die Betriebssicherheit und sind leicht zu adaptieren.[\/vc_column_text][\/vc_column][\/vc_row][vc_row][vc_column][\/vc_column][\/vc_row][vc_row][vc_column width=&#8220;1\/3&#8243;][vc_single_image image=&#8220;443&#8243; img_size=&#8220;full&#8220;][\/vc_column][vc_column width=&#8220;1\/3&#8243;][\/vc_column][vc_column width=&#8220;1\/3&#8243;][\/vc_column][\/vc_row][vc_row][vc_column][\/vc_column][\/vc_row][vc_row][vc_column width=&#8220;1\/3&#8243;][vc_single_image image=&#8220;447&#8243; img_size=&#8220;full&#8220;][\/vc_column][vc_column width=&#8220;1\/3&#8243;][\/vc_column][vc_column width=&#8220;1\/3&#8243;][\/vc_column][\/vc_row][vc_row][vc_column][\/vc_column][\/vc_row][vc_row][vc_column width=&#8220;1\/3&#8243;][vc_single_image image=&#8220;446&#8243; [&hellip;]<\/p>\n","protected":false},"author":1,"featured_media":0,"parent":235,"menu_order":42,"comment_status":"closed","ping_status":"closed","template":"","meta":{"footnotes":""},"class_list":["post-261","page","type-page","status-publish","hentry"],"_links":{"self":[{"href":"https:\/\/www.eberle.at\/de\/wp-json\/wp\/v2\/pages\/261","targetHints":{"allow":["GET"]}}],"collection":[{"href":"https:\/\/www.eberle.at\/de\/wp-json\/wp\/v2\/pages"}],"about":[{"href":"https:\/\/www.eberle.at\/de\/wp-json\/wp\/v2\/types\/page"}],"author":[{"embeddable":true,"href":"https:\/\/www.eberle.at\/de\/wp-json\/wp\/v2\/users\/1"}],"replies":[{"embeddable":true,"href":"https:\/\/www.eberle.at\/de\/wp-json\/wp\/v2\/comments?post=261"}],"version-history":[{"count":15,"href":"https:\/\/www.eberle.at\/de\/wp-json\/wp\/v2\/pages\/261\/revisions"}],"predecessor-version":[{"id":18455,"href":"https:\/\/www.eberle.at\/de\/wp-json\/wp\/v2\/pages\/261\/revisions\/18455"}],"up":[{"embeddable":true,"href":"https:\/\/www.eberle.at\/de\/wp-json\/wp\/v2\/pages\/235"}],"wp:attachment":[{"href":"https:\/\/www.eberle.at\/de\/wp-json\/wp\/v2\/media?parent=261"}],"curies":[{"name":"wp","href":"https:\/\/api.w.org\/{rel}","templated":true}]}}