{"id":263,"date":"2017-09-04T13:55:44","date_gmt":"2017-09-04T13:55:44","guid":{"rendered":"http:\/\/www.eberle.at\/?page_id=263"},"modified":"2026-04-07T08:18:37","modified_gmt":"2026-04-07T07:18:37","slug":"it-loesungen","status":"publish","type":"page","link":"https:\/\/www.eberle.at\/de\/loesungen\/it-loesungen\/","title":{"rendered":"IT-L\u00f6sungen"},"content":{"rendered":"<div class=\"wpb-content-wrapper\"><h1 class=\"seo-page-title\">IT-L\u00f6sungen<\/h1><p>[vc_row el_class=&#8220;full-width&#8220;][vc_column][vc_single_image image=&#8220;435&#8243; img_size=&#8220;full&#8220;][\/vc_column][\/vc_row][vc_row el_class=&#8220;card&#8220;][vc_column width=&#8220;1\/3&#8243;][vc_column_text]Funktionierende Automatisierung ben\u00f6tigt eine durchdachte IT-Infrastruktur. Unsere strukturierten Konzepte bilden eine sichere Basis f\u00fcr den Betrieb von vernetzten Systemen.[\/vc_column_text][\/vc_column][vc_column width=&#8220;1\/3&#8243;][vc_column_text]Benutzerfreundliche Software und Schnittstellen erh\u00f6hen die Systemleistung und steigern die Qualit\u00e4t. Mit unseren skalierbaren Softwaremodulen generieren wir durchg\u00e4ngige Automatisierungsl\u00f6sungen vom Maschinenbau \u00fcber Steuerung und\u00a0HMI bis hin zur Leitebene.[\/vc_column_text][\/vc_column][vc_column width=&#8220;1\/3&#8243;][vc_column_text]In der digitalen Fabrik der Zukunft m\u00fcssen Anlagen und Maschinen stets einsatzbereit sein. Die Zeiten f\u00fcr Wartung und Service verk\u00fcrzen sich auf ein Minimum. Mit unseren Cloudl\u00f6sungen sind wir st\u00e4ndig online. Unsere virtuelle Inbetriebnahme verk\u00fcrzt Servicezeiten und erh\u00f6ht die Verf\u00fcgbarkeit.[\/vc_column_text][\/vc_column][\/vc_row][vc_row][vc_column]\r\n\t\t\t<div class=\"eas_separator\">\r\n\t\t\t\t<hr\/>\r\n\t\t\t\t<div>\r\n\t\t\t\t\t<h2 class=\"u_text-center h1\">Software<\/h2>\r\n\t\t\t\t<\/div>\r\n\t\t\t<\/div>[\/vc_column][\/vc_row][vc_row][vc_column width=&#8220;1\/3&#8243;][vc_single_image image=&#8220;18697&#8243; img_size=&#8220;full&#8220; css=&#8220;&#8220;][\/vc_column][vc_column width=&#8220;1\/3&#8243;]\r\n\t\t\t<div class=\"card\">\r\n\t\t\t\t<div class=\"s_richtext\">\r\n\t\t\t\t\t<p>Software in automatisierten Anlagen dient\u00a0der zentralen Verwaltung und Steuerung. Oftmals funktioniert die Softwareanwendung auch als Bedienerschnittstelle von Mensch zu Maschine (Human Machine Interface &#8211; HMI). Gelingt es, die komplexen Anforderungen von Steuerung und Bedienung transparent und \u00fcbersichtlich zu\u00a0gestalten, zeugt das von hoher Softwarequalit\u00e4t.<\/p>\n\r\n\t\t\t\t<\/div>\r\n\t\t\t<\/div>[\/vc_column][vc_column width=&#8220;1\/3&#8243;]\r\n\t\t\t<div class=\"card\">\r\n\t\t\t\t<div class=\"s_richtext\">\r\n\t\t\t\t\t<p>Unser Anspruch ist es, bestm\u00f6gliche Qualit\u00e4t f\u00fcr Softwareprodukte zu liefern. Wir entwickeln aus erprobten Modulen komplette praxisnahe Anwendungen. Unser Leistungsspektrum reicht vom\u00a0maschinennahen Bedienen und vollgrafischen 3D-Visualisierungen bis hin zu kompletten SCADA- und MES-L\u00f6sungen.<\/p>\n\r\n\t\t\t\t<\/div>\r\n\t\t\t<\/div>[\/vc_column][\/vc_row][vc_row][vc_column]\r\n\t\t\t<div class=\"eas_separator\">\r\n\t\t\t\t<hr\/>\r\n\t\t\t\t<div>\r\n\t\t\t\t\t<h2 class=\"u_text-center h1\">Leitsysteme<\/h2>\r\n\t\t\t\t<\/div>\r\n\t\t\t<\/div>[\/vc_column][\/vc_row][vc_row][vc_column width=&#8220;1\/3&#8243;][vc_single_image image=&#8220;438&#8243; img_size=&#8220;full&#8220;][\/vc_column][vc_column width=&#8220;1\/3&#8243;]\r\n\t\t\t<div class=\"card\">\r\n\t\t\t\t<div class=\"s_richtext\">\r\n\t\t\t\t\t<p>In unserem Bereich hei\u00dft Leitung Verantwortung f\u00fcr Prozesse, Maschinen und Bediener. Am Kopf der Automatisierung sind intelligente und redundante Systeme erforderlich. Die reibungslose Verf\u00fcgbarkeit aller Funktionen muss stets gew\u00e4hrleistet werden. Kommt es zu St\u00f6rungen oder Qualit\u00e4tsproblemen, muss die Ursache eindeutig nachvollziehbar sein.<\/p>\n\r\n\t\t\t\t<\/div>\r\n\t\t\t<\/div>[\/vc_column][vc_column width=&#8220;1\/3&#8243;]\r\n\t\t\t<div class=\"card\">\r\n\t\t\t\t<div class=\"s_richtext\">\r\n\t\t\t\t\t<p>Bei Leitsystemen \u00fcberlassen wir nichts dem Zufall. Nur was erprobt und getestet ist, kommt zum Einsatz. Die kontinuierliche Prozess\u00fcberwachung erfolgt auf stabiler Industrie-Hardware. In der vollst\u00e4ndigen grafischen 3D-Visualisierung werden alle zum Betrieb notwendigen Daten (Messwerte, Sollwerte, Alarme, etc.) \u00fcbersichtlich dargestellt. Damit nichts verloren geht, protokollieren Datenbanken die fortlaufenden Ereignisse im Hintergrund.<\/p>\n\r\n\t\t\t\t<\/div>\r\n\t\t\t<\/div>[\/vc_column][\/vc_row][vc_row][vc_column]\r\n\t\t\t<div class=\"eas_separator\">\r\n\t\t\t\t<hr\/>\r\n\t\t\t\t<div>\r\n\t\t\t\t\t<h2 class=\"u_text-center h1\">Hardware<\/h2>\r\n\t\t\t\t<\/div>\r\n\t\t\t<\/div>[\/vc_column][\/vc_row][vc_row][vc_column width=&#8220;1\/3&#8243;][vc_single_image image=&#8220;437&#8243; img_size=&#8220;full&#8220;][\/vc_column][vc_column width=&#8220;1\/3&#8243;]\r\n\t\t\t<div class=\"card\">\r\n\t\t\t\t<div class=\"s_richtext\">\r\n\t\t\t\t\t<p>F\u00fcr einen langlebigen und st\u00f6rungsfreien Betrieb sind stabile Hardwarekomponenten erforderlich. Maschinen m\u00fcssen permanent zur Verf\u00fcgung stehen und flexibel genug f\u00fcr eine eventuelle Adaption sein. Die verwendete Hardware gibt das\u00a0Spektrum der M\u00f6glichkeiten vor.<\/p>\n\r\n\t\t\t\t<\/div>\r\n\t\t\t<\/div>[\/vc_column][vc_column width=&#8220;1\/3&#8243;]\r\n\t\t\t<div class=\"card\">\r\n\t\t\t\t<div class=\"s_richtext\">\r\n\t\t\t\t\t<p>Wir legen ein besonderes Augenmerk auf die Auswahl von Produkten und Komponenten. Wir pr\u00fcfen deren Eigenschaften im Zusammenspiel der einzelnen Module. Erfahrungswerte und hohe Qualit\u00e4tsanforderungen an unsere Lieferanten garantieren einen reibungslosen Betrieb und hohe Verf\u00fcgbarkeit.<\/p>\n\r\n\t\t\t\t<\/div>\r\n\t\t\t<\/div>[\/vc_column][\/vc_row][vc_row][vc_column]\r\n\t\t\t<div class=\"eas_separator\">\r\n\t\t\t\t<hr\/>\r\n\t\t\t\t<div>\r\n\t\t\t\t\t<h2 class=\"u_text-center h1\">Cloud-L\u00f6sungen<\/h2>\r\n\t\t\t\t<\/div>\r\n\t\t\t<\/div>[\/vc_column][\/vc_row][vc_row][vc_column width=&#8220;1\/3&#8243;][vc_single_image image=&#8220;18700&#8243; img_size=&#8220;full&#8220; css=&#8220;&#8220;][\/vc_column][vc_column width=&#8220;1\/3&#8243;]\r\n\t\t\t<div class=\"card\">\r\n\t\t\t\t<div class=\"s_richtext\">\r\n\t\t\t\t\t<p>Wo Prozesse dezentral \u00fcberwacht werden m\u00fcssen oder die n\u00f6tigen Infrastrukturen und Ressourcen nicht vorhanden sind, kommen Cloud-L\u00f6sungen zum Einsatz. Damit diese immer zur Verf\u00fcgung stehen, ben\u00f6tigt es starke und zuverl\u00e4ssige Dienstleister.<\/p>\n\r\n\t\t\t\t<\/div>\r\n\t\t\t<\/div>[\/vc_column][vc_column width=&#8220;1\/3&#8243;]\r\n\t\t\t<div class=\"card\">\r\n\t\t\t\t<div class=\"s_richtext\">\r\n\t\t\t\t\t<p>Unsere Cloud-Services laufen auf stabilen unternehmenseigenen Servern. Ein Team von Spezialisten ist permanent mit der Unterhaltung der Systeme beauftragt. Die Daten sind redundant und sicher gespeichert. Der Zugang erfolgt \u00fcber ein mehrstufiges Prinzip.<\/p>\n\r\n\t\t\t\t<\/div>\r\n\t\t\t<\/div>[\/vc_column][\/vc_row][vc_row][vc_column]\r\n\t\t\t<div class=\"eas_separator\">\r\n\t\t\t\t<hr\/>\r\n\t\t\t\t<div>\r\n\t\t\t\t\t<h2 class=\"u_text-center h1\">Virtuelle Inbetriebnahme<\/h2>\r\n\t\t\t\t<\/div>\r\n\t\t\t<\/div>[\/vc_column][\/vc_row][vc_row][vc_column width=&#8220;1\/3&#8243;][vc_single_image image=&#8220;440&#8243; img_size=&#8220;full&#8220;][\/vc_column][vc_column width=&#8220;1\/3&#8243;]\r\n\t\t\t<div class=\"card\">\r\n\t\t\t\t<div class=\"s_richtext\">\r\n\t\t\t\t\t<p>Die SmartFactory bzw. Industrie 4.0 erfordert eine flexible Fertigung von Massenprodukten. Dies wiederum bedarf flexibler und leicht zu adaptierender Maschinen mit standardisierten Schnittstellen. Die Zeitfenster f\u00fcr Umprogrammierung und Inbetriebnahme werden damit automatisch verk\u00fcrzt.<\/p>\n\r\n\t\t\t\t<\/div>\r\n\t\t\t<\/div>[\/vc_column][vc_column width=&#8220;1\/3&#8243;]\r\n\t\t\t<div class=\"card\">\r\n\t\t\t\t<div class=\"s_richtext\">\r\n\t\t\t\t\t<p>Mit unserem neu entwickelten Verfahren zur virtuellen Inbetriebnahme verlagern wir die Programmierung und den Softwaretest in die Konstruktionsphase. Das spart Zeit\u00a0bei der Inbetriebnahme und Reiseaufwand. Die Inbetriebsetzung vor Ort erfordert nur noch einen Bruchteil der sonst ben\u00f6tigten Ressourcen.\u00a0 Insgesamt wird die Durchlaufzeit und das Risiko einer Investition verringert.<\/p>\n\r\n\t\t\t\t<\/div>\r\n\t\t\t<\/div>[\/vc_column][\/vc_row]<\/p>\n<\/div>","protected":false},"excerpt":{"rendered":"<p>IT-L\u00f6sungen[vc_row el_class=&#8220;full-width&#8220;][vc_column][vc_single_image image=&#8220;435&#8243; img_size=&#8220;full&#8220;][\/vc_column][\/vc_row][vc_row el_class=&#8220;card&#8220;][vc_column width=&#8220;1\/3&#8243;][vc_column_text]Funktionierende Automatisierung ben\u00f6tigt eine durchdachte IT-Infrastruktur. Unsere strukturierten Konzepte bilden eine sichere Basis f\u00fcr den Betrieb von vernetzten Systemen.[\/vc_column_text][\/vc_column][vc_column width=&#8220;1\/3&#8243;][vc_column_text]Benutzerfreundliche Software und Schnittstellen erh\u00f6hen die Systemleistung und steigern die Qualit\u00e4t. Mit unseren skalierbaren Softwaremodulen generieren wir durchg\u00e4ngige Automatisierungsl\u00f6sungen vom Maschinenbau \u00fcber Steuerung und\u00a0HMI bis hin zur Leitebene.[\/vc_column_text][\/vc_column][vc_column width=&#8220;1\/3&#8243;][vc_column_text]In der digitalen [&hellip;]<\/p>\n","protected":false},"author":1,"featured_media":0,"parent":235,"menu_order":53,"comment_status":"closed","ping_status":"closed","template":"","meta":{"footnotes":""},"class_list":["post-263","page","type-page","status-publish","hentry"],"_links":{"self":[{"href":"https:\/\/www.eberle.at\/de\/wp-json\/wp\/v2\/pages\/263","targetHints":{"allow":["GET"]}}],"collection":[{"href":"https:\/\/www.eberle.at\/de\/wp-json\/wp\/v2\/pages"}],"about":[{"href":"https:\/\/www.eberle.at\/de\/wp-json\/wp\/v2\/types\/page"}],"author":[{"embeddable":true,"href":"https:\/\/www.eberle.at\/de\/wp-json\/wp\/v2\/users\/1"}],"replies":[{"embeddable":true,"href":"https:\/\/www.eberle.at\/de\/wp-json\/wp\/v2\/comments?post=263"}],"version-history":[{"count":11,"href":"https:\/\/www.eberle.at\/de\/wp-json\/wp\/v2\/pages\/263\/revisions"}],"predecessor-version":[{"id":18702,"href":"https:\/\/www.eberle.at\/de\/wp-json\/wp\/v2\/pages\/263\/revisions\/18702"}],"up":[{"embeddable":true,"href":"https:\/\/www.eberle.at\/de\/wp-json\/wp\/v2\/pages\/235"}],"wp:attachment":[{"href":"https:\/\/www.eberle.at\/de\/wp-json\/wp\/v2\/media?parent=263"}],"curies":[{"name":"wp","href":"https:\/\/api.w.org\/{rel}","templated":true}]}}