{"id":265,"date":"2017-09-04T13:55:59","date_gmt":"2017-09-04T13:55:59","guid":{"rendered":"http:\/\/www.eberle.at\/?page_id=265"},"modified":"2023-01-30T09:19:49","modified_gmt":"2023-01-30T08:19:49","slug":"prozess-monitoring-scada","status":"publish","type":"page","link":"https:\/\/www.eberle.at\/de\/loesungen\/prozess-monitoring-scada\/","title":{"rendered":"Prozess Monitoring &#8211; SCADA"},"content":{"rendered":"<div class=\"wpb-content-wrapper\"><h1 class=\"seo-page-title\">Prozess Monitoring &#8211; SCADA<\/h1><p>[vc_row el_class=&#8220;full-width&#8220;][vc_column][vc_single_image image=&#8220;12432&#8243; img_size=&#8220;full&#8220;][\/vc_column][\/vc_row][vc_row el_class=&#8220;card&#8220;][vc_column width=&#8220;1\/3&#8243;][vc_column_text]Moderne Betriebe erfordern laufend einen aktuellen Kenntnisstand der Prozessdaten. Die Daten m\u00fcssen mobil genauso wie lokal verf\u00fcgbar sein. Mit unseren Monitoring- und Cloud-L\u00f6sungen bieten wir ein entsprechendes Werkzeug daf\u00fcr an.[\/vc_column_text][\/vc_column][vc_column width=&#8220;1\/3&#8243;][vc_column_text]Um Produktionsqualit\u00e4t gleichbleibend zu gew\u00e4hrleisten oder zu verbessern, werden historische Daten ben\u00f6tigt. F\u00fcr die Speicherung der Produktionsdaten stellen wir Cloud-Services und Data-Center\u00a0zur Verf\u00fcgung. Wir bieten skalierbare Systeme an, die sowohl zur Betriebsdatenerfassung als auch zur\u00a0Verarbeitung von Big-Data geeignet sind.[\/vc_column_text][\/vc_column][vc_column width=&#8220;1\/3&#8243;][vc_column_text]Vom \u00f6rtlichen Bedienpersonal bis hin zum Management m\u00fcssen Produktionsdaten transparent zur Verf\u00fcgung stehen. Mit unserem benutzerfreundlichen und skalierbaren Monitoring sind die Daten schnell und transparent zum Abruf bereit. Daf\u00fcr k\u00f6nnen unterschiedliche Berechtigungsstufen festgelegt werden.[\/vc_column_text][\/vc_column][\/vc_row][vc_row][vc_column]\r\n\t\t\t<div class=\"eas_separator\">\r\n\t\t\t\t<hr\/>\r\n\t\t\t\t<div>\r\n\t\t\t\t\t<h2 class=\"u_text-center h1\">Monitoring<\/h2>\r\n\t\t\t\t<\/div>\r\n\t\t\t<\/div>[\/vc_column][\/vc_row][vc_row][vc_column width=&#8220;1\/3&#8243;][vc_single_image image=&#8220;12435&#8243; img_size=&#8220;full&#8220;][\/vc_column][vc_column width=&#8220;1\/3&#8243;]\r\n\t\t\t<div class=\"card\">\r\n\t\t\t\t<div class=\"s_richtext\">\r\n\t\t\t\t\t<p>Mit unseren Monitoringsystemen werden\u00a0aktuelle Prozess- und Betriebsdaten visualisiert. Klar und transparent dargestellte Datenpunkte erm\u00f6glichen dem Benutzer ein sicheres Bedienen. Bei vernetzten L\u00f6sungen bieten wir\u00a0Multiuserfunktionen mit feingliedrigen Berechtigungsstufen.<\/p>\n\r\n\t\t\t\t<\/div>\r\n\t\t\t<\/div>[\/vc_column][vc_column width=&#8220;1\/3&#8243;]\r\n\t\t\t<div class=\"card\">\r\n\t\t\t\t<div class=\"s_richtext\">\r\n\t\t\t\t\t<p>Unsere L\u00f6sungen f\u00fcr den Bereich Monitoring werden fortlaufend in der Funktionalit\u00e4t erweitert. Von einzelnen Maschinen bis hin zu komplexen zentralen oder verteilten Anlagen visualisieren wir Betriebsdaten und Parameter. Grafische Oberfl\u00e4chen oder cloudbasierte L\u00f6sungen wie das\u00a0Mobile Control Center MCC\u00a0bieten die Plattform daf\u00fcr.<\/p>\n\r\n\t\t\t\t<\/div>\r\n\t\t\t<\/div>[\/vc_column][\/vc_row][vc_row][vc_column]\r\n\t\t\t<div class=\"eas_separator\">\r\n\t\t\t\t<hr\/>\r\n\t\t\t\t<div>\r\n\t\t\t\t\t<h2 class=\"u_text-center h1\">Remote-L\u00f6sungen<\/h2>\r\n\t\t\t\t<\/div>\r\n\t\t\t<\/div>[\/vc_column][\/vc_row][vc_row][vc_column width=&#8220;1\/3&#8243;][vc_single_image image=&#8220;430&#8243; img_size=&#8220;full&#8220;][\/vc_column][vc_column width=&#8220;1\/3&#8243;]\r\n\t\t\t<div class=\"card\">\r\n\t\t\t\t<div class=\"s_richtext\">\r\n\t\t\t\t\t<p>Um die R\u00fcckverfolgbarkeit von Produktionsdaten zu gew\u00e4hrleisten, sind Produktionsleitsysteme (Manufacturing Execution Systems \u2014\u00a0MES) notwendig. MES speichern und verwalten\u00a0Daten und \u00fcbergeben diese aufbereitet an vertikale\u00a0Ebenen. Es werden sowohl die \u00fcbergeordnete Unternehmensebene (ERP) als auch die untergeordnete Prozessleitebene (SCADA, SPS)\u00a0versorgt.<\/p>\n<p>Sind die Ressourcen\u00a0f\u00fcr ein hausinternes Produktionsleitsystem nicht vorhanden, werden Remote-L\u00f6sungen eingesetzt.<\/p>\n\r\n\t\t\t\t<\/div>\r\n\t\t\t<\/div>[\/vc_column][vc_column width=&#8220;1\/3&#8243;][\/vc_column][\/vc_row][vc_row][vc_column]\r\n\t\t\t<div class=\"eas_separator\">\r\n\t\t\t\t<hr\/>\r\n\t\t\t\t<div>\r\n\t\t\t\t\t<h2 class=\"u_text-center h1\">Big-Data<\/h2>\r\n\t\t\t\t<\/div>\r\n\t\t\t<\/div>[\/vc_column][\/vc_row][vc_row][vc_column width=&#8220;1\/3&#8243;][vc_single_image image=&#8220;12315&#8243; img_size=&#8220;full&#8220;][\/vc_column][vc_column width=&#8220;1\/3&#8243;]\r\n\t\t\t<div class=\"card\">\r\n\t\t\t\t<div class=\"s_richtext\">\r\n\t\t\t\t\t<p>In der automatisierten Fertigung geh\u00f6ren historische Daten\u00a0zum Gehirn der Anlage. Im Data Center werden alle ben\u00f6tigten Parameter fortlaufend gespeichert. Mit den gewonnen Daten werden Analysen\u00a0durchgef\u00fchrt und Trends ermittelt, die wiederum qualitativ aufbereitet und den Entscheidungstr\u00e4gern zur Verf\u00fcgung gestellt werden.<\/p>\n\r\n\t\t\t\t<\/div>\r\n\t\t\t<\/div>[\/vc_column][vc_column width=&#8220;1\/3&#8243;]\r\n\t\t\t<div class=\"card\">\r\n\t\t\t\t<div class=\"s_richtext\">\r\n\t\t\t\t\t<p>Wir stellen daf\u00fcr entsprechende Cloud-Services bereit. Durch unseren Service entfallen f\u00fcr den Betreiber die Aufwendungen f\u00fcr eine entsprechende lokale Infrastruktur. control speichert Daten auf sicheren unternehmenseigenen Servern. Diese stehen rund um die Uhr und endger\u00e4teunabh\u00e4ngig zur Verf\u00fcgung.<\/p>\n\r\n\t\t\t\t<\/div>\r\n\t\t\t<\/div>[\/vc_column][\/vc_row][vc_row][vc_column]\r\n\t\t\t<div class=\"eas_separator\">\r\n\t\t\t\t<hr\/>\r\n\t\t\t\t<div>\r\n\t\t\t\t\t<h2 class=\"u_text-center h1\">3D-Bedienoberfl\u00e4chen<\/h2>\r\n\t\t\t\t<\/div>\r\n\t\t\t<\/div>[\/vc_column][\/vc_row][vc_row][vc_column width=&#8220;1\/3&#8243;][vc_single_image image=&#8220;431&#8243; img_size=&#8220;full&#8220;][\/vc_column][vc_column width=&#8220;1\/3&#8243;]\r\n\t\t\t<div class=\"card\">\r\n\t\t\t\t<div class=\"s_richtext\">\r\n\t\t\t\t\t<p>Mit der Prozessvisualisierung werden komplexe Anlagen und Maschinen bedient und gemanagt. F\u00fcr das Bedienpersonal ist eine vollumf\u00e4ngliche und detaillierte Darstellung der aktuellen Prozessdaten in Echtzeit erforderlich. Die Herausforderung besteht darin, die n\u00f6tigen Informationen \u00fcbersichtlich, transparent\u00a0und\u00a0detailliert darzustellen sowie die Maschine intuitiv bedienbar zu machen. Betriebsst\u00f6rungen m\u00fcssen der Dringlichkeit entsprechend erkennbar sein und den Bediener zum Handeln veranlassen.<\/p>\n\r\n\t\t\t\t<\/div>\r\n\t\t\t<\/div>[\/vc_column][vc_column width=&#8220;1\/3&#8243;]\r\n\t\t\t<div class=\"card\">\r\n\t\t\t\t<div class=\"s_richtext\">\r\n\t\t\t\t\t<p>Mit unseren 3D-Bedienoberfl\u00e4chen visualisieren wir Anlagen und Maschinen als r\u00e4umliches Modell. Der angezeigte Detaillierungsgrad kann von der \u00dcbersicht\u00a0 bis zur Einzelansicht der Aktoren und Sensoren gew\u00e4hlt werden. Unterschiedliche Module f\u00fcr Steuerung, Regelung, Alarmverwaltung und Trendanalysen garantieren eine gezielte Bedienung der Anlagen und Maschinen. Datenwerte werden in Echtzeit angezeigt. F\u00fcr standort\u00fcbergreifende Anforderungen bieten wir entsprechende Remote-L\u00f6sungen an.<\/p>\n\r\n\t\t\t\t<\/div>\r\n\t\t\t<\/div>[\/vc_column][\/vc_row][vc_row][vc_column]\r\n\t\t\t<div class=\"eas_separator\">\r\n\t\t\t\t<hr\/>\r\n\t\t\t\t<div>\r\n\t\t\t\t\t<h2 class=\"u_text-center h1\">Human Machine Interface \u2014 HMI<\/h2>\r\n\t\t\t\t<\/div>\r\n\t\t\t<\/div>[\/vc_column][\/vc_row][vc_row][vc_column width=&#8220;1\/3&#8243;]<div class=\"carousel\">\r\n        <ul class=\"carousel__items\">\r\n\t\t\t\t<li>\r\n\t\t\t\t\t<img decoding=\"async\" data-src=\"https:\/\/www.eberle.at\/wp-content\/uploads\/2017\/09\/1024_1024_hmi_fuer_anlage_.png\" src=\"data:image\/svg+xml;base64,PHN2ZyB3aWR0aD0iMSIgaGVpZ2h0PSIxIiB4bWxucz0iaHR0cDovL3d3dy53My5vcmcvMjAwMC9zdmciPjwvc3ZnPg==\" class=\"lazyload\" style=\"--smush-placeholder-width: 1024px; --smush-placeholder-aspect-ratio: 1024\/1024;\" \/>\r\n                    \r\n\t\t\t\t<\/li>\r\n\t\t\t\t<li>\r\n\t\t\t\t\t<img decoding=\"async\" data-src=\"https:\/\/www.eberle.at\/wp-content\/uploads\/2017\/09\/1024_1024_hmi_sennsteuerung_.jpg\" src=\"data:image\/svg+xml;base64,PHN2ZyB3aWR0aD0iMSIgaGVpZ2h0PSIxIiB4bWxucz0iaHR0cDovL3d3dy53My5vcmcvMjAwMC9zdmciPjwvc3ZnPg==\" class=\"lazyload\" style=\"--smush-placeholder-width: 1024px; --smush-placeholder-aspect-ratio: 1024\/1024;\" \/>\r\n                    \r\n\t\t\t\t<\/li>\r\n        <\/ul>\r\n        <\/div>[\/vc_column][vc_column width=&#8220;1\/3&#8243;]\r\n\t\t\t<div class=\"card\">\r\n\t\t\t\t<div class=\"s_richtext\">\r\n\t\t\t\t\t<p>Human Machine Interfaces (HMI) sind meist Bedienpanele direkt an der Maschine oder Anlage. Unter oft rauen Umgebungsbedingungen muss die Bedienbarkeit intuitiv, detailliert und sicher sein. Das HMI dient im Betrieb dem Maschinenf\u00fchrer und im Servicefall dem Techniker als Schnittstelle zur Maschine. Dementsprechend m\u00fcssen HMI\u00a0ein Berechtigungssystem beinhalten.<\/p>\n\r\n\t\t\t\t<\/div>\r\n\t\t\t<\/div>[\/vc_column][vc_column width=&#8220;1\/3&#8243;]\r\n\t\t\t<div class=\"card\">\r\n\t\t\t\t<div class=\"s_richtext\">\r\n\t\t\t\t\t<p>Unsere HMI\u2013L\u00f6sungen werden direkt auf die jeweilige Anforderung abgestimmt. Mit skalierbaren und erprobten Modulen ist eine intuitive sowie\u00a0sichere Bedienung gew\u00e4hrleistet. Die Anbindung an \u00fcber- und untergeordnete Systeme erfolgt \u00fcber Industrial Ethernet.<\/p>\n\r\n\t\t\t\t<\/div>\r\n\t\t\t<\/div>[\/vc_column][\/vc_row]<\/p>\n<\/div>","protected":false},"excerpt":{"rendered":"<p>Prozess Monitoring &#8211; SCADA[vc_row el_class=&#8220;full-width&#8220;][vc_column][vc_single_image image=&#8220;12432&#8243; img_size=&#8220;full&#8220;][\/vc_column][\/vc_row][vc_row el_class=&#8220;card&#8220;][vc_column width=&#8220;1\/3&#8243;][vc_column_text]Moderne Betriebe erfordern laufend einen aktuellen Kenntnisstand der Prozessdaten. Die Daten m\u00fcssen mobil genauso wie lokal verf\u00fcgbar sein. Mit unseren Monitoring- und Cloud-L\u00f6sungen bieten wir ein entsprechendes Werkzeug daf\u00fcr an.[\/vc_column_text][\/vc_column][vc_column width=&#8220;1\/3&#8243;][vc_column_text]Um Produktionsqualit\u00e4t gleichbleibend zu gew\u00e4hrleisten oder zu verbessern, werden historische Daten ben\u00f6tigt. F\u00fcr die Speicherung der Produktionsdaten [&hellip;]<\/p>\n","protected":false},"author":1,"featured_media":0,"parent":235,"menu_order":63,"comment_status":"closed","ping_status":"closed","template":"","meta":{"footnotes":""},"class_list":["post-265","page","type-page","status-publish","hentry"],"_links":{"self":[{"href":"https:\/\/www.eberle.at\/de\/wp-json\/wp\/v2\/pages\/265","targetHints":{"allow":["GET"]}}],"collection":[{"href":"https:\/\/www.eberle.at\/de\/wp-json\/wp\/v2\/pages"}],"about":[{"href":"https:\/\/www.eberle.at\/de\/wp-json\/wp\/v2\/types\/page"}],"author":[{"embeddable":true,"href":"https:\/\/www.eberle.at\/de\/wp-json\/wp\/v2\/users\/1"}],"replies":[{"embeddable":true,"href":"https:\/\/www.eberle.at\/de\/wp-json\/wp\/v2\/comments?post=265"}],"version-history":[{"count":15,"href":"https:\/\/www.eberle.at\/de\/wp-json\/wp\/v2\/pages\/265\/revisions"}],"predecessor-version":[{"id":12440,"href":"https:\/\/www.eberle.at\/de\/wp-json\/wp\/v2\/pages\/265\/revisions\/12440"}],"up":[{"embeddable":true,"href":"https:\/\/www.eberle.at\/de\/wp-json\/wp\/v2\/pages\/235"}],"wp:attachment":[{"href":"https:\/\/www.eberle.at\/de\/wp-json\/wp\/v2\/media?parent=265"}],"curies":[{"name":"wp","href":"https:\/\/api.w.org\/{rel}","templated":true}]}}