{"id":273,"date":"2017-09-04T13:56:49","date_gmt":"2017-09-04T12:56:49","guid":{"rendered":"http:\/\/www.eberle.at\/?page_id=273"},"modified":"2023-02-02T13:04:13","modified_gmt":"2023-02-02T12:04:13","slug":"storage","status":"publish","type":"page","link":"https:\/\/www.eberle.at\/de\/produkte\/storage\/","title":{"rendered":"storage"},"content":{"rendered":"<div class=\"wpb-content-wrapper\"><h1 class=\"seo-page-title\">storage<\/h1><p>[vc_row el_class=&#8220;full-width&#8220;][vc_column]<div class=\"carousel\">\r\n        <ul class=\"carousel__items\">\r\n\t\t\t\t<li>\r\n\t\t\t\t\t<img decoding=\"async\" data-src=\"https:\/\/www.eberle.at\/wp-content\/uploads\/2017\/09\/1920_400_lagerverwaltungssystem_sms.jpg\" src=\"data:image\/svg+xml;base64,PHN2ZyB3aWR0aD0iMSIgaGVpZ2h0PSIxIiB4bWxucz0iaHR0cDovL3d3dy53My5vcmcvMjAwMC9zdmciPjwvc3ZnPg==\" class=\"lazyload\" style=\"--smush-placeholder-width: 1920px; --smush-placeholder-aspect-ratio: 1920\/400;\" \/>\r\n                    \r\n\t\t\t\t<\/li>\r\n        <\/ul>\r\n        <\/div>[\/vc_column][\/vc_row][vc_row][vc_column]<h1 class=\"page-title\">Verwaltet \u2022 Kontrolliert \u2022 Versendet<\/h1>[\/vc_column][\/vc_row][vc_row][vc_column width=&#8220;1\/2&#8243;][vc_column_text]Das storage Management System von Eberle ist ein skalierbares und intelligentes Lagerverwaltungssystem.<\/p>\n<p>Durchg\u00e4ngig werden die\u00a0Lagerungsprozesse von der Erfassung \u00fcber die Lagerverwaltung bis hin zur Kommissionierung und dem Versand automatisiert.[\/vc_column_text][\/vc_column][vc_column width=&#8220;1\/2&#8243;][vc_column_text]storage bildet mit intelligenter Software und vernetzter Hardware den kompletten Ein-, Um- und Auslagerungsprozess digital ab.<\/p>\n<p>Zahlreiche Schnittstellen bieten die M\u00f6glichkeit, das System \u00a0vertikal und horizontal zu integrieren.[\/vc_column_text][\/vc_column][\/vc_row][vc_row][vc_column][vc_column_text]<\/p>\n<p style=\"text-align: center;\"><a class=\"button button--ok\" href=\"https:\/\/www.digifai.com\/storage\/\" target=\"_blank\" rel=\"noopener noreferrer\">Zur Produktseite \u2192<\/a><\/p>\n<p>[\/vc_column_text][\/vc_column][\/vc_row][vc_row][vc_column]\r\n\t\t\t<div class=\"eas_separator\">\r\n\t\t\t\t<hr\/>\r\n\t\t\t\t<div>\r\n\t\t\t\t\t<h2 class=\"u_text-center h1\">storage<\/h2>\r\n\t\t\t\t<\/div>\r\n\t\t\t<\/div>[\/vc_column][\/vc_row][vc_row][vc_column width=&#8220;1\/3&#8243; offset=&#8220;vc_col-md-12&#8243;]\r\n\t\t\t<div class=\"card\">\r\n\t\t\t\t<div class=\"s_richtext\">\r\n\t\t\t\t\t<h3>Software die organisiert und mitdenkt<\/h3>\n\r\n\t\t\t\t<\/div>\r\n\t\t\t<\/div>[\/vc_column][vc_column width=&#8220;1\/3&#8243;][vc_single_image image=&#8220;12460&#8243; img_size=&#8220;full&#8220;][\/vc_column][vc_column width=&#8220;1\/3&#8243;]\r\n\t\t\t<div class=\"card\">\r\n\t\t\t\t<div class=\"s_richtext\">\r\n\t\t\t\t\t<p>Die storage-Software \u00fcbernimmt alle Steuerungsfunktionen im Lagerprozess und visualisiert die aktuellen Prozessdaten \u00fcbersichtlich in einer grafischen Oberfl\u00e4che.<\/p>\n\r\n\t\t\t\t<\/div>\r\n\t\t\t<\/div>[\/vc_column][\/vc_row][vc_row][vc_column width=&#8220;1\/3&#8243; offset=&#8220;vc_col-md-12&#8243;]\r\n\t\t\t<div class=\"card\">\r\n\t\t\t\t<div class=\"s_richtext\">\r\n\t\t\t\t\t<h3>Datenbankbasierte Infrastruktur<\/h3>\n\r\n\t\t\t\t<\/div>\r\n\t\t\t<\/div>[\/vc_column][vc_column width=&#8220;1\/3&#8243;][vc_single_image image=&#8220;12457&#8243; img_size=&#8220;full&#8220;][\/vc_column][vc_column width=&#8220;1\/3&#8243;]\r\n\t\t\t<div class=\"card\">\r\n\t\t\t\t<div class=\"s_richtext\">\r\n\t\t\t\t\t<p>Die Infrastruktur basiert auf einer echten\u00a0Client-Server-Struktur.<\/p>\n<p>Alle Prozessdaten werden in einer MS-SQL Datenbank abgelegt.<\/p>\n\r\n\t\t\t\t<\/div>\r\n\t\t\t<\/div>[\/vc_column][\/vc_row][vc_row][vc_column width=&#8220;1\/3&#8243; offset=&#8220;vc_col-md-12&#8243;]\r\n\t\t\t<div class=\"card\">\r\n\t\t\t\t<div class=\"s_richtext\">\r\n\t\t\t\t\t<h3>Mit Modulen skalierbar<\/h3>\n\r\n\t\t\t\t<\/div>\r\n\t\t\t<\/div>[\/vc_column][vc_column width=&#8220;1\/3&#8243;][vc_single_image image=&#8220;12462&#8243; img_size=&#8220;full&#8220;][\/vc_column][vc_column width=&#8220;1\/3&#8243;]\r\n\t\t\t<div class=\"card\">\r\n\t\t\t\t<div class=\"s_richtext\">\r\n\t\t\t\t\t<p>Der modulare Aufbau von storage erm\u00f6glicht eine breite Skalierung und l\u00e4sst sich schnell in bestehende Systeme integrieren.<\/p>\n<p>storage-Module f\u00fcr Lagerverwaltung<\/p>\n<ul>\n<li>Chargenverwaltung<\/li>\n<li>Platzverwaltung<\/li>\n<li>Pflegeverwaltung<\/li>\n<li>Reporting-Modul<\/li>\n<li>Alarmverwaltung<\/li>\n<li>Trendingmodul<\/li>\n<li>Logging-Modul<\/li>\n<li>Benutzerverwaltung<\/li>\n<li>Sprachumschaltung<\/li>\n<li>Kommunikation mit Produktionssteuerungen<\/li>\n<\/ul>\n\r\n\t\t\t\t<\/div>\r\n\t\t\t<\/div>[\/vc_column][\/vc_row][vc_row][vc_column width=&#8220;1\/3&#8243; offset=&#8220;vc_col-md-12&#8243;]\r\n\t\t\t<div class=\"card\">\r\n\t\t\t\t<div class=\"s_richtext\">\r\n\t\t\t\t\t<h3>Anwendung K\u00e4sekeller<\/h3>\n\r\n\t\t\t\t<\/div>\r\n\t\t\t<\/div>[\/vc_column][vc_column width=&#8220;1\/3&#8243;][vc_single_image image=&#8220;390&#8243; img_size=&#8220;full&#8220;][\/vc_column][vc_column width=&#8220;1\/3&#8243;]\r\n\t\t\t<div class=\"card\">\r\n\t\t\t\t<div class=\"s_richtext\">\r\n\t\t\t\t\t<p>F\u00fcr die Anwendung in der K\u00e4sereifung organisiert das storage-System alle notwendigen Arbeitsschritte. Von der Einlagerung, \u00fcber die Pflege bis zur Auslagerung erstellt storage automatisch die Dokumentation wie beispielsweise Liefer- und Begleitscheine. \u00dcber eine Schnittstelle steuert storage die Pflegeroboter. Durch eine automatisierte Umlagerung in verschiedene Lagerzonen wird der Reifungsprozess vom System gesteuert. storage bietet eine l\u00fcckenlose Betriebsdatenerfassung. Die Daten werden redundant gespeichert und stehen \u00fcber Schnittstellen der Qualit\u00e4tssicherung oder f\u00fcr beh\u00f6rdliche Kontrollen zur Verf\u00fcgung.<\/p>\n<p>storage-Module f\u00fcr K\u00e4sekellerverwaltung<\/p>\n<p>\u2022Kommunikation mit Pflegeroboter<\/p>\n\r\n\t\t\t\t<\/div>\r\n\t\t\t<\/div>[\/vc_column][\/vc_row][vc_row][vc_column width=&#8220;1\/3&#8243; offset=&#8220;vc_col-md-12&#8243;]\r\n\t\t\t<div class=\"card\">\r\n\t\t\t\t<div class=\"s_richtext\">\r\n\t\t\t\t\t<h3>Immer verbunden mit control<\/h3>\n\r\n\t\t\t\t<\/div>\r\n\t\t\t<\/div>[\/vc_column][vc_column width=&#8220;1\/3&#8243;][vc_single_image image=&#8220;12344&#8243; img_size=&#8220;full&#8220;][\/vc_column][vc_column width=&#8220;1\/3&#8243;]\r\n\t\t\t<div class=\"card\">\r\n\t\t\t\t<div class=\"s_richtext\">\r\n\t\t\t\t\t<p>In Verbindung mit <a title=\"MCC\" href=\"https:\/\/www.eberle.at\/de\/produkte\/control\/\" data-id=\"1266\">control<\/a>\u00a0werden die Betriebsdaten mobil verf\u00fcgbar. Betreiber und Servicepersonal haben ortsunabh\u00e4ngig und smart\u00a0eine Sicht auf die aktuellen Prozessdaten.<\/p>\n\r\n\t\t\t\t<\/div>\r\n\t\t\t<\/div>[\/vc_column][\/vc_row][vc_row][vc_column width=&#8220;1\/3&#8243; offset=&#8220;vc_col-md-12&#8243;]\r\n\t\t\t<div class=\"card\">\r\n\t\t\t\t<div class=\"s_richtext\">\r\n\t\t\t\t\t<h3>Integration mit API<\/h3>\n\r\n\t\t\t\t<\/div>\r\n\t\t\t<\/div>[\/vc_column][vc_column width=&#8220;1\/3&#8243;][vc_single_image image=&#8220;12232&#8243; img_size=&#8220;full&#8220;][\/vc_column][vc_column width=&#8220;1\/3&#8243;]\r\n\t\t\t<div class=\"card\">\r\n\t\t\t\t<div class=\"s_richtext\">\r\n\t\t\t\t\t<p>Die integrierte Programmierschnittstelle API von storage erm\u00f6glicht die Anbindung an eine Vielzahl von Peripherieger\u00e4ten wie Waagen, Scanner, Verpackungsstationen und Pflegeroboter.<\/p>\n\r\n\t\t\t\t<\/div>\r\n\t\t\t<\/div>[\/vc_column][\/vc_row]<\/p>\n<\/div>","protected":false},"excerpt":{"rendered":"<p>storage[vc_row el_class=&#8220;full-width&#8220;][vc_column][\/vc_column][\/vc_row][vc_row][vc_column][\/vc_column][\/vc_row][vc_row][vc_column width=&#8220;1\/2&#8243;][vc_column_text]Das storage Management System von Eberle ist ein skalierbares und intelligentes Lagerverwaltungssystem. Durchg\u00e4ngig werden die\u00a0Lagerungsprozesse von der Erfassung \u00fcber die Lagerverwaltung bis hin zur Kommissionierung und dem Versand automatisiert.[\/vc_column_text][\/vc_column][vc_column width=&#8220;1\/2&#8243;][vc_column_text]storage bildet mit intelligenter Software und vernetzter Hardware den kompletten Ein-, Um- und Auslagerungsprozess digital ab. Zahlreiche Schnittstellen bieten die M\u00f6glichkeit, das System \u00a0vertikal [&hellip;]<\/p>\n","protected":false},"author":1,"featured_media":0,"parent":239,"menu_order":50,"comment_status":"closed","ping_status":"closed","template":"","meta":{"footnotes":""},"class_list":["post-273","page","type-page","status-publish","hentry"],"_links":{"self":[{"href":"https:\/\/www.eberle.at\/de\/wp-json\/wp\/v2\/pages\/273","targetHints":{"allow":["GET"]}}],"collection":[{"href":"https:\/\/www.eberle.at\/de\/wp-json\/wp\/v2\/pages"}],"about":[{"href":"https:\/\/www.eberle.at\/de\/wp-json\/wp\/v2\/types\/page"}],"author":[{"embeddable":true,"href":"https:\/\/www.eberle.at\/de\/wp-json\/wp\/v2\/users\/1"}],"replies":[{"embeddable":true,"href":"https:\/\/www.eberle.at\/de\/wp-json\/wp\/v2\/comments?post=273"}],"version-history":[{"count":16,"href":"https:\/\/www.eberle.at\/de\/wp-json\/wp\/v2\/pages\/273\/revisions"}],"predecessor-version":[{"id":12878,"href":"https:\/\/www.eberle.at\/de\/wp-json\/wp\/v2\/pages\/273\/revisions\/12878"}],"up":[{"embeddable":true,"href":"https:\/\/www.eberle.at\/de\/wp-json\/wp\/v2\/pages\/239"}],"wp:attachment":[{"href":"https:\/\/www.eberle.at\/de\/wp-json\/wp\/v2\/media?parent=273"}],"curies":[{"name":"wp","href":"https:\/\/api.w.org\/{rel}","templated":true}]}}