{"id":4562,"date":"2019-02-11T09:21:15","date_gmt":"2019-02-11T07:21:15","guid":{"rendered":"https:\/\/www.eberle.at\/?page_id=4562"},"modified":"2026-02-12T08:50:07","modified_gmt":"2026-02-12T07:50:07","slug":"duale-akademie","status":"publish","type":"page","link":"https:\/\/www.eberle.at\/de\/unternehmen\/karriere\/duale-akademie\/","title":{"rendered":"Duale Akademie"},"content":{"rendered":"<div class=\"wpb-content-wrapper\"><h1 class=\"seo-page-title\">Duale Akademie<\/h1><p>[vc_row][vc_column]<div class=\"carousel\">\r\n        <ul class=\"carousel__items\">\r\n\t\t\t\t<li>\r\n\t\t\t\t\t<img decoding=\"async\" data-src=\"https:\/\/www.eberle.at\/wp-content\/uploads\/2023\/01\/1920_400_Lehre_Banner01.jpg\" src=\"data:image\/svg+xml;base64,PHN2ZyB3aWR0aD0iMSIgaGVpZ2h0PSIxIiB4bWxucz0iaHR0cDovL3d3dy53My5vcmcvMjAwMC9zdmciPjwvc3ZnPg==\" class=\"lazyload\" style=\"--smush-placeholder-width: 1920px; --smush-placeholder-aspect-ratio: 1920\/400;\" \/>\r\n                    \r\n\t\t\t\t<\/li>\r\n\t\t\t\t<li>\r\n\t\t\t\t\t<img decoding=\"async\" data-src=\"https:\/\/www.eberle.at\/wp-content\/uploads\/2023\/02\/1920_400_Elektrotechnik_Dual.png\" src=\"data:image\/svg+xml;base64,PHN2ZyB3aWR0aD0iMSIgaGVpZ2h0PSIxIiB4bWxucz0iaHR0cDovL3d3dy53My5vcmcvMjAwMC9zdmciPjwvc3ZnPg==\" class=\"lazyload\" style=\"--smush-placeholder-width: 1920px; --smush-placeholder-aspect-ratio: 1920\/400;\" \/>\r\n                    \r\n\t\t\t\t<\/li>\r\n        <\/ul>\r\n        <\/div>[\/vc_column][\/vc_row][vc_row][vc_column]<h1 class=\"page-title\">Duale Akademie<\/h1>[\/vc_column][\/vc_row][vc_row][vc_column][vc_column_text]<\/p>\n<h3>Was ist die Duale Akademie?<\/h3>\n<p>Die Duale Akademie ist eine neuartige Ausbildung, die in enger Abstimmung zwischen der Wirtschaft und AHS-Sch\u00fclerInnen entwickelt wurde. Diese Ausbildungsschiene ebnet f\u00fcr MaturantInnen, die nicht sofort ein Studium anstreben, aber auch f\u00fcr Studierende ohne Studienabschluss oder BerufsumsteigerInnen neue Wege in eine erfolgreiche berufliche Zukunft.<br \/>\nDamit soll eine weitere Ausbildungsschiene f\u00fcr topqualifizierte MitarbeiterInnen der Zukunft geschaffen werden. Modernste Berufsbilder, auf die der Arbeitsmarkt wartet, werden in einer Ausbildungsdauer von maximal 3 Jahren State of the Art vermittelt.<\/p>\n<p>&nbsp;<\/p>\n<p><a href=\"https:\/\/www.fhv.at\/studium\/technik\/elektronik-und-informationstechnologie-dual-bsc\/\" target=\"_blank\" rel=\"noopener noreferrer\">www.fhv.at\/studium\/technik\/<\/a><\/p>\n<p><a href=\"https:\/\/www.dualeakademie.at\/ooe\/folder_DA_allg.pdf\" target=\"_blank\" rel=\"noopener noreferrer\">N\u00e4here Informationen<\/a><\/p>\n<p><a href=\"https:\/\/www.dualeakademie.at\/vlbg\/home.html\" target=\"_blank\" rel=\"noopener noreferrer\">Matura \u2013 und was Jetzt?<\/a><\/p>\n<p>&nbsp;<\/p>\n<p>Anl\u00e4sslich der Sponsion 2017 sprach Gesch\u00e4ftsf\u00fchrer Martin Eberle \u00fcber die Herausforderungen als Kooperationspartner und gab Einblicke in die Unternehmerseite.<\/p>\n<p>https:\/\/youtu.be\/9KN7egYmf0Y[\/vc_column_text][\/vc_column][\/vc_row]<\/p>\n<\/div>","protected":false},"excerpt":{"rendered":"<p>Duale Akademie[vc_row][vc_column][\/vc_column][\/vc_row][vc_row][vc_column][\/vc_column][\/vc_row][vc_row][vc_column][vc_column_text] Was ist die Duale Akademie? Die Duale Akademie ist eine neuartige Ausbildung, die in enger Abstimmung zwischen der Wirtschaft und AHS-Sch\u00fclerInnen entwickelt wurde. Diese Ausbildungsschiene ebnet f\u00fcr MaturantInnen, die nicht sofort ein Studium anstreben, aber auch f\u00fcr Studierende ohne Studienabschluss oder BerufsumsteigerInnen neue Wege in eine erfolgreiche berufliche Zukunft. Damit soll eine weitere [&hellip;]<\/p>\n","protected":false},"author":1,"featured_media":0,"parent":4552,"menu_order":21,"comment_status":"closed","ping_status":"closed","template":"","meta":{"footnotes":""},"class_list":["post-4562","page","type-page","status-publish","hentry"],"_links":{"self":[{"href":"https:\/\/www.eberle.at\/de\/wp-json\/wp\/v2\/pages\/4562","targetHints":{"allow":["GET"]}}],"collection":[{"href":"https:\/\/www.eberle.at\/de\/wp-json\/wp\/v2\/pages"}],"about":[{"href":"https:\/\/www.eberle.at\/de\/wp-json\/wp\/v2\/types\/page"}],"author":[{"embeddable":true,"href":"https:\/\/www.eberle.at\/de\/wp-json\/wp\/v2\/users\/1"}],"replies":[{"embeddable":true,"href":"https:\/\/www.eberle.at\/de\/wp-json\/wp\/v2\/comments?post=4562"}],"version-history":[{"count":74,"href":"https:\/\/www.eberle.at\/de\/wp-json\/wp\/v2\/pages\/4562\/revisions"}],"predecessor-version":[{"id":18311,"href":"https:\/\/www.eberle.at\/de\/wp-json\/wp\/v2\/pages\/4562\/revisions\/18311"}],"up":[{"embeddable":true,"href":"https:\/\/www.eberle.at\/de\/wp-json\/wp\/v2\/pages\/4552"}],"wp:attachment":[{"href":"https:\/\/www.eberle.at\/de\/wp-json\/wp\/v2\/media?parent=4562"}],"curies":[{"name":"wp","href":"https:\/\/api.w.org\/{rel}","templated":true}]}}