{"id":5417,"date":"2019-08-05T08:51:34","date_gmt":"2019-08-05T07:51:34","guid":{"rendered":"https:\/\/www.eberle.at\/unternehmen\/karriere\/schueler-und-studierende-2\/"},"modified":"2026-02-05T13:41:17","modified_gmt":"2026-02-05T12:41:17","slug":"schueler-und-studierende","status":"publish","type":"page","link":"https:\/\/www.eberle.at\/de\/unternehmen\/karriere\/schueler-und-studierende\/","title":{"rendered":"Sch\u00fcler und Studierende"},"content":{"rendered":"<div class=\"wpb-content-wrapper\"><h1 class=\"seo-page-title\">Sch\u00fcler und Studierende<\/h1><p>[vc_row el_class=&#8220;full-width&#8220;][vc_column]<div class=\"carousel\">\r\n        <ul class=\"carousel__items\">\r\n\t\t\t\t<li>\r\n\t\t\t\t\t<img decoding=\"async\" data-src=\"https:\/\/www.eberle.at\/wp-content\/uploads\/2019\/02\/1920_500_96_Lehre02.jpg\" src=\"data:image\/svg+xml;base64,PHN2ZyB3aWR0aD0iMSIgaGVpZ2h0PSIxIiB4bWxucz0iaHR0cDovL3d3dy53My5vcmcvMjAwMC9zdmciPjwvc3ZnPg==\" class=\"lazyload\" style=\"--smush-placeholder-width: 1920px; --smush-placeholder-aspect-ratio: 1920\/400;\" \/>\r\n                    \r\n\t\t\t\t<\/li>\r\n\t\t\t\t<li>\r\n\t\t\t\t\t<img decoding=\"async\" data-src=\"https:\/\/www.eberle.at\/wp-content\/uploads\/2019\/02\/1920_400_Lehre_Banner01.jpg\" src=\"data:image\/svg+xml;base64,PHN2ZyB3aWR0aD0iMSIgaGVpZ2h0PSIxIiB4bWxucz0iaHR0cDovL3d3dy53My5vcmcvMjAwMC9zdmciPjwvc3ZnPg==\" class=\"lazyload\" style=\"--smush-placeholder-width: 1920px; --smush-placeholder-aspect-ratio: 1920\/400;\" \/>\r\n                    \r\n\t\t\t\t<\/li>\r\n        <\/ul>\r\n        <\/div>[\/vc_column][\/vc_row][vc_row][vc_column]<h1 class=\"page-title\">Sch\u00fcler und Studierende<\/h1>[\/vc_column][\/vc_row][vc_row][vc_column width=&#8220;1\/2&#8243;]\r\n\t\t\t<div class=\"card\">\r\n\t\t\t\t<div class=\"s_richtext\">\r\n\t\t\t\t\t<h3 class=\"bodytext\">Praktikum<\/h3>\n<p class=\"bodytext\">im Rahmen einer<\/p>\n<ul>\n<li class=\"bodytext\">Abschlussarbeit<\/li>\n<li class=\"bodytext\">Bachelorarbeit<\/li>\n<li class=\"bodytext\">Masterarbeit<\/li>\n<\/ul>\n<h3>Aktuelle Projektausschreibungen<\/h3>\n<p>Im Bereich IT<\/p>\n<ul>\n<li><a href=\"https:\/\/www.eberle.at\/wp-content\/uploads\/2026\/02\/20260205_Projekt_IT_Hacking.pdf\" target=\"_blank\" rel=\"noopener\">Hacking<\/a><\/li>\n<\/ul>\n<p>Im Bereich Bildverarbeitung<\/p>\n<ul>\n<li><a href=\"https:\/\/www.eberle.at\/wp-content\/uploads\/2026\/02\/20260205_Projekt_BV_Untersuchung_der_Kalibrierung_hochpraeziser_Kamerasysteme.pdf\" target=\"_blank\" rel=\"noopener\">Untersuchung der Kalibrierung hochpr\u00e4ziser Kamerasysteme<\/a><\/li>\n<li><a href=\"https:\/\/www.eberle.at\/wp-content\/uploads\/2026\/02\/20260205_Projekt_BV_Erfassung_Tabletten.pdf\" target=\"_blank\" rel=\"noopener\">Erfassen von Datencodes auf Tabletten<\/a><\/li>\n<li><a href=\"https:\/\/www.eberle.at\/wp-content\/uploads\/2026\/02\/20260205_Projekt_BV_Encoding_Tabletten.pdf\" target=\"_blank\" rel=\"noopener\">Encoding von Datencodes auf Tabletten<\/a><\/li>\n<li><a href=\"https:\/\/www.eberle.at\/wp-content\/uploads\/2026\/02\/20260205_Projekt_BV_Datacodes.pdf\" target=\"_blank\" rel=\"noopener\">Lesen von Micro-Datencodes auf Glasgef\u00e4\u00dfen<\/a><\/li>\n<li><a href=\"https:\/\/www.eberle.at\/wp-content\/uploads\/2026\/02\/20260205_Projekt_BV_Milbenzaehler.pdf\" target=\"_blank\" rel=\"noopener\">Milbenz\u00e4hlung mit Hilfe von Deep Learning<\/a><\/li>\n<li><a href=\"https:\/\/www.eberle.at\/wp-content\/uploads\/2026\/02\/20260205_Projekt_BV_3D_Lagebestimmung.pdf\" target=\"_blank\" rel=\"noopener\">Hochpr\u00e4zise 3D Lageermittlung beliebiger Objekt\u2013 und Oberfl\u00e4chenpositionen<\/a><\/li>\n<li><a href=\"https:\/\/www.eberle.at\/wp-content\/uploads\/2026\/02\/20260205_Projekt_BV_Deeplearning_Server.pdf\" target=\"_blank\" rel=\"noopener\">Online-Service f\u00fcr Deep Learning<\/a><\/li>\n<li><a href=\"https:\/\/www.eberle.at\/wp-content\/uploads\/2026\/02\/20260205_Projekt_BV_Deeplearning_Dashboard.pdf\" target=\"_blank\" rel=\"noopener\">Dashboard f\u00fcr Deep Learning<\/a><\/li>\n<\/ul>\n<p>Im Bereich Softwareentwicklung<\/p>\n<ul>\n<li><a href=\"https:\/\/www.eberle.at\/wp-content\/uploads\/2026\/02\/20260205_Projekt_SW_Erweiterung-der-Widgetbibliothek-fuer-Visualisierungssoftware-.NET-Blazor.pdf\" target=\"_blank\" rel=\"noopener\">Widget Bibliothek<\/a><\/li>\n<li><a href=\"https:\/\/www.eberle.at\/wp-content\/uploads\/2026\/02\/20260205_Projekt_SW_Dashboards.pdf\" target=\"_blank\" rel=\"noopener\">Datenpr\u00e4sentation und Dashboards<\/a><\/li>\n<li><a href=\"https:\/\/www.eberle.at\/wp-content\/uploads\/2026\/02\/20260205_Projekt_SW_App_zur_Bedienung_der_Gebaeudevisualisierung.pdf\" target=\"_blank\" rel=\"noopener\">App zur Bedienung der Geb\u00e4udevisualisierung<\/a><\/li>\n<li><a href=\"https:\/\/www.eberle.at\/wp-content\/uploads\/2026\/02\/20260205_Projekt_SW_Machine_Learning.pdf\" target=\"_blank\" rel=\"noopener\">Machine Learning<\/a><\/li>\n<li><a href=\"https:\/\/www.eberle.at\/wp-content\/uploads\/2026\/02\/20260205_Projekt_SW_App_zur_Analyse_und_Auswertung_von_Automatisierungsprojekten.pdf\" target=\"_blank\" rel=\"noopener\">App zur Analyse und Auswertung von Automatisierungsprojekten<\/a><\/li>\n<\/ul>\n<p>Im Bereich Robotik und Automatisierungstechnik<\/p>\n<ul>\n<li><a href=\"https:\/\/www.eberle.at\/wp-content\/uploads\/2026\/02\/20260205_Projekt_AT_Robotik_Roboterkantine.pdf\" target=\"_blank\" rel=\"noopener noreferrer\">Roboterkantine<\/a><\/li>\n<li><a href=\"https:\/\/www.eberle.at\/wp-content\/uploads\/2026\/02\/20260205_Projekt_AT_Bahnplanungseditor-fuer-Simatic-S7-1500.pdf\" target=\"_blank\" rel=\"noopener noreferrer\">Bahnplanungseditor f\u00fcr eine Simatic S7-1500<\/a><\/li>\n<li><a href=\"https:\/\/www.eberle.at\/wp-content\/uploads\/2026\/02\/20260205_Projekt_AT_Analysekoffer-fuer-Automatisierungsanlagen.pdf\" target=\"_blank\" rel=\"noopener noreferrer\">Analysekoffer f\u00fcr die Automatisierungstechnik<\/a><\/li>\n<\/ul>\n<p>Kein passendes Thema dabei? Weitere\u00a0m\u00f6gliche Projektarbeiten kannst Du unter\u00a0Angabe Deiner Interessen unter\u00a0<a class=\"telefonisch\" href=\"mailto:info@eberle.at\">info@eberle.at<\/a>\u00a0erfragen.<\/p>\n\r\n\t\t\t\t<\/div>\r\n\t\t\t<\/div>[\/vc_column][vc_column width=&#8220;1\/2&#8243;]\r\n\t\t\t<div class=\"card\">\r\n\t\t\t\t<div class=\"s_richtext\">\r\n\t\t\t\t\t<h3>Informatik Master berufsbegleitend an der Fachhochschule Vorarlberg<\/h3>\n<p>Im Masterstudiengang Informatik werden Softwareexperten ausgebildet, die unter Einsatz von modernen Methoden des Softwareengineering intelligente Anwendungen entwickeln.<\/p>\n<p>Wir nutzen gerne die Gelegenheit, fr\u00fchzeitig k\u00fcnftige Absolventinnen und Absolventen als Mitarbeiter zu gewinnen und bieten daher die M\u00f6glichkeit zur Teilzeitbesch\u00e4ftigung f\u00fcr das berufsbegleitende Studienmodell.<\/p>\n<p>Der Studiengang erm\u00f6glicht\u00a0eine berufliche T\u00e4tigkeit mit Besch\u00e4ftigungsausma\u00df\u00a0bis zu maximal 50% und bietet\u00a0einen sanften Berufseinstieg im \u00dcbergang vom Bachelor- zum Masterstudium.<\/p>\n<p>&nbsp;<\/p>\n<p><a href=\"https:\/\/www.fhv.at\/studium\/technik\" target=\"_blank\" rel=\"noopener noreferrer\">www.fhv.at\/studium\/technik\/<\/a><\/p>\n\r\n\t\t\t\t<\/div>\r\n\t\t\t<\/div>[\/vc_column][\/vc_row]<\/p>\n<\/div>","protected":false},"excerpt":{"rendered":"<p>Sch\u00fcler und Studierende[vc_row el_class=&#8220;full-width&#8220;][vc_column][\/vc_column][\/vc_row][vc_row][vc_column][\/vc_column][\/vc_row][vc_row][vc_column width=&#8220;1\/2&#8243;][\/vc_column][vc_column width=&#8220;1\/2&#8243;][\/vc_column][\/vc_row]<\/p>\n","protected":false},"author":1,"featured_media":0,"parent":4552,"menu_order":21,"comment_status":"closed","ping_status":"closed","template":"","meta":{"footnotes":""},"class_list":["post-5417","page","type-page","status-publish","hentry"],"_links":{"self":[{"href":"https:\/\/www.eberle.at\/de\/wp-json\/wp\/v2\/pages\/5417","targetHints":{"allow":["GET"]}}],"collection":[{"href":"https:\/\/www.eberle.at\/de\/wp-json\/wp\/v2\/pages"}],"about":[{"href":"https:\/\/www.eberle.at\/de\/wp-json\/wp\/v2\/types\/page"}],"author":[{"embeddable":true,"href":"https:\/\/www.eberle.at\/de\/wp-json\/wp\/v2\/users\/1"}],"replies":[{"embeddable":true,"href":"https:\/\/www.eberle.at\/de\/wp-json\/wp\/v2\/comments?post=5417"}],"version-history":[{"count":67,"href":"https:\/\/www.eberle.at\/de\/wp-json\/wp\/v2\/pages\/5417\/revisions"}],"predecessor-version":[{"id":18239,"href":"https:\/\/www.eberle.at\/de\/wp-json\/wp\/v2\/pages\/5417\/revisions\/18239"}],"up":[{"embeddable":true,"href":"https:\/\/www.eberle.at\/de\/wp-json\/wp\/v2\/pages\/4552"}],"wp:attachment":[{"href":"https:\/\/www.eberle.at\/de\/wp-json\/wp\/v2\/media?parent=5417"}],"curies":[{"name":"wp","href":"https:\/\/api.w.org\/{rel}","templated":true}]}}