{"id":5649,"date":"2019-10-02T08:49:07","date_gmt":"2019-10-02T07:49:07","guid":{"rendered":"https:\/\/www.eberle.at\/unternehmen\/mvtec-certified-integration-partner-2\/"},"modified":"2023-09-18T13:22:01","modified_gmt":"2023-09-18T12:22:01","slug":"kassow-robots-partner","status":"publish","type":"page","link":"https:\/\/www.eberle.at\/de\/unternehmen\/kassow-robots-partner\/","title":{"rendered":"Kassow Robots Partner"},"content":{"rendered":"<div class=\"wpb-content-wrapper\"><h1 class=\"seo-page-title\">Kassow Robots Partner<\/h1><p>[vc_row el_class=&#8220;full-width&#8220;][vc_column][vc_single_image image=&#8220;5662&#8243; img_size=&#8220;full&#8220;][\/vc_column][\/vc_row][vc_row el_class=&#8220;card&#8220;][vc_column width=&#8220;1\/3&#8243;][vc_column_text]<\/p>\n<h2>Kassow Robots Partner<\/h2>\n<p>[\/vc_column_text][\/vc_column][vc_column width=&#8220;1\/3&#8243;][vc_column_text]<\/p>\n<h3><strong>Eberle Automatische Systeme erster \u00f6sterreichischer Partner im Netzwerk von Kassow Robots<\/strong><\/h3>\n<p>Als innovativer Systemintegrator bieten wir unseren Kunden ma\u00dfgeschneiderte und technologisch au\u00dferordentliche L\u00f6sungen. Die 7. Achse der Kassow-Cobots erm\u00f6glicht eine Vielzahl von Anwendungen f\u00fcr die smarte, intelligente Automatisierung und erweitert unser Portfolio im Bereich Mensch-Maschine-Kollaboration wesentlich.<\/p>\n<p>Wir freuen uns sehr \u00fcber die d\u00e4nisch-\u00f6sterreichische Zusammenarbeit![\/vc_column_text][\/vc_column][vc_column width=&#8220;1\/3&#8243;][vc_column_text]Kassow-Leichtbau-Cobots bieten die M\u00f6glichkeit zur Umsetzung kosteneffizienter, smarter Roboterl\u00f6sungen f\u00fcr flexible Produktionsabl\u00e4ufe als Antwort auf den Trend der steigenden Automatisierung und Verf\u00fcgbarkeit.<\/p>\n<p>Performance und Flexibilit\u00e4t der kompakten 7-Achs-Cobots \u00fcberzeugen und begeistern!<\/p>\n<p><a href=\"https:\/\/www.kassowrobots.com\/\" target=\"_blank\" rel=\"noopener\">Kassow RobotsStrong. Fast. Simple.<\/a>[\/vc_column_text][\/vc_column][\/vc_row][vc_row][vc_column width=&#8220;1\/3&#8243;][vc_single_image image=&#8220;5381&#8243; img_size=&#8220;full&#8220;][\/vc_column][vc_column width=&#8220;1\/3&#8243;][vc_single_image image=&#8220;5655&#8243; img_size=&#8220;full&#8220;][\/vc_column][vc_column width=&#8220;1\/3&#8243;][vc_single_image image=&#8220;5665&#8243; img_size=&#8220;full&#8220;][\/vc_column][\/vc_row]<\/p>\n<\/div>","protected":false},"excerpt":{"rendered":"<p>Kassow Robots Partner[vc_row el_class=&#8220;full-width&#8220;][vc_column][vc_single_image image=&#8220;5662&#8243; img_size=&#8220;full&#8220;][\/vc_column][\/vc_row][vc_row el_class=&#8220;card&#8220;][vc_column width=&#8220;1\/3&#8243;][vc_column_text] Kassow Robots Partner [\/vc_column_text][\/vc_column][vc_column width=&#8220;1\/3&#8243;][vc_column_text] Eberle Automatische Systeme erster \u00f6sterreichischer Partner im Netzwerk von Kassow Robots Als innovativer Systemintegrator bieten wir unseren Kunden ma\u00dfgeschneiderte und technologisch au\u00dferordentliche L\u00f6sungen. Die 7. Achse der Kassow-Cobots erm\u00f6glicht eine Vielzahl von Anwendungen f\u00fcr die smarte, intelligente Automatisierung und erweitert unser Portfolio [&hellip;]<\/p>\n","protected":false},"author":1,"featured_media":0,"parent":233,"menu_order":53,"comment_status":"closed","ping_status":"closed","template":"","meta":{"footnotes":""},"class_list":["post-5649","page","type-page","status-publish","hentry"],"_links":{"self":[{"href":"https:\/\/www.eberle.at\/de\/wp-json\/wp\/v2\/pages\/5649","targetHints":{"allow":["GET"]}}],"collection":[{"href":"https:\/\/www.eberle.at\/de\/wp-json\/wp\/v2\/pages"}],"about":[{"href":"https:\/\/www.eberle.at\/de\/wp-json\/wp\/v2\/types\/page"}],"author":[{"embeddable":true,"href":"https:\/\/www.eberle.at\/de\/wp-json\/wp\/v2\/users\/1"}],"replies":[{"embeddable":true,"href":"https:\/\/www.eberle.at\/de\/wp-json\/wp\/v2\/comments?post=5649"}],"version-history":[{"count":12,"href":"https:\/\/www.eberle.at\/de\/wp-json\/wp\/v2\/pages\/5649\/revisions"}],"predecessor-version":[{"id":16736,"href":"https:\/\/www.eberle.at\/de\/wp-json\/wp\/v2\/pages\/5649\/revisions\/16736"}],"up":[{"embeddable":true,"href":"https:\/\/www.eberle.at\/de\/wp-json\/wp\/v2\/pages\/233"}],"wp:attachment":[{"href":"https:\/\/www.eberle.at\/de\/wp-json\/wp\/v2\/media?parent=5649"}],"curies":[{"name":"wp","href":"https:\/\/api.w.org\/{rel}","templated":true}]}}