{"id":6035,"date":"2020-02-19T09:46:20","date_gmt":"2020-02-19T08:46:20","guid":{"rendered":"https:\/\/www.eberle.at\/unternehmen\/mvtec-certified-integration-partner-2-2\/"},"modified":"2023-01-30T08:29:58","modified_gmt":"2023-01-30T07:29:58","slug":"kuka_systempartner","status":"publish","type":"page","link":"https:\/\/www.eberle.at\/de\/unternehmen\/kuka_systempartner\/","title":{"rendered":"KUKA Systempartner"},"content":{"rendered":"<div class=\"wpb-content-wrapper\"><h1 class=\"seo-page-title\">KUKA Systempartner<\/h1><p>[vc_row el_class=&#8220;full-width&#8220;][vc_column][vc_single_image image=&#8220;6039&#8243; img_size=&#8220;full&#8220;][\/vc_column][\/vc_row][vc_row el_class=&#8220;card&#8220;][vc_column width=&#8220;1\/3&#8243;][vc_column_text]<\/p>\n<h2>KUKA Systempartner<\/h2>\n<p>[\/vc_column_text][\/vc_column][vc_column width=&#8220;1\/3&#8243;][vc_column_text]<\/p>\n<h3>KUKA und Eberle \u2013 eine starke Partnerschaft f\u00fcr High-End-Automatisierungsl\u00f6sungen!<\/h3>\n<p>KUKA steht f\u00fcr Ideen und Innovationen made in Germany. Das international t\u00e4tige Unternehmen mit \u00fcber 120-j\u00e4hriger Geschichte ist eines der weltweit f\u00fchrenden Anbieter intelligenter Robotikl\u00f6sungen.<\/p>\n<p>Den Kunden den entscheidenden Vorsprung zu verschaffen &#8211; mit diesem Anspruch setzt KUKA globale Standards.<\/p>\n<p><a href=\"https:\/\/www.kuka.com\/\" target=\"_blank\" rel=\"noopener\">KUKA<\/a>[\/vc_column_text][\/vc_column][vc_column width=&#8220;1\/3&#8243;][vc_column_text]<strong>Erfolgsfaktor Vielfalt.<\/strong> KUKA bietet die gr\u00f6\u00dfte Auswahl an Robotern f\u00fcr jegliche Industriebereiche und erm\u00f6glicht es uns damit, kundenspezifische roboterbasierte Automatisierungsl\u00f6sungen f\u00fcr effiziente Fertigungsprozesse anzubieten.<\/p>\n<p>Vom Leichtbauroboter \u00fcber leistungsstarke Multifunktionsroboter, Industrieroboter aller Traglastklassen bis hin zum Titan, dem ersten sechsachsigen Schwerlast-Roboter mit offener Kinematik &#8211; die Produktpalette l\u00e4sst keine W\u00fcnsche offen![\/vc_column_text][\/vc_column][\/vc_row][vc_row][vc_column width=&#8220;1\/3&#8243;][vc_single_image image=&#8220;6043&#8243; img_size=&#8220;full&#8220;][\/vc_column][vc_column width=&#8220;1\/3&#8243;][vc_single_image image=&#8220;6049&#8243; img_size=&#8220;full&#8220;][\/vc_column][vc_column width=&#8220;1\/3&#8243;][vc_single_image image=&#8220;6046&#8243; img_size=&#8220;full&#8220;][\/vc_column][\/vc_row]<\/p>\n<\/div>","protected":false},"excerpt":{"rendered":"<p>KUKA Systempartner[vc_row el_class=&#8220;full-width&#8220;][vc_column][vc_single_image image=&#8220;6039&#8243; img_size=&#8220;full&#8220;][\/vc_column][\/vc_row][vc_row el_class=&#8220;card&#8220;][vc_column width=&#8220;1\/3&#8243;][vc_column_text] KUKA Systempartner [\/vc_column_text][\/vc_column][vc_column width=&#8220;1\/3&#8243;][vc_column_text] KUKA und Eberle \u2013 eine starke Partnerschaft f\u00fcr High-End-Automatisierungsl\u00f6sungen! KUKA steht f\u00fcr Ideen und Innovationen made in Germany. Das international t\u00e4tige Unternehmen mit \u00fcber 120-j\u00e4hriger Geschichte ist eines der weltweit f\u00fchrenden Anbieter intelligenter Robotikl\u00f6sungen. Den Kunden den entscheidenden Vorsprung zu verschaffen &#8211; mit diesem [&hellip;]<\/p>\n","protected":false},"author":1,"featured_media":0,"parent":233,"menu_order":53,"comment_status":"closed","ping_status":"closed","template":"","meta":{"footnotes":""},"class_list":["post-6035","page","type-page","status-publish","hentry"],"_links":{"self":[{"href":"https:\/\/www.eberle.at\/de\/wp-json\/wp\/v2\/pages\/6035","targetHints":{"allow":["GET"]}}],"collection":[{"href":"https:\/\/www.eberle.at\/de\/wp-json\/wp\/v2\/pages"}],"about":[{"href":"https:\/\/www.eberle.at\/de\/wp-json\/wp\/v2\/types\/page"}],"author":[{"embeddable":true,"href":"https:\/\/www.eberle.at\/de\/wp-json\/wp\/v2\/users\/1"}],"replies":[{"embeddable":true,"href":"https:\/\/www.eberle.at\/de\/wp-json\/wp\/v2\/comments?post=6035"}],"version-history":[{"count":13,"href":"https:\/\/www.eberle.at\/de\/wp-json\/wp\/v2\/pages\/6035\/revisions"}],"predecessor-version":[{"id":12425,"href":"https:\/\/www.eberle.at\/de\/wp-json\/wp\/v2\/pages\/6035\/revisions\/12425"}],"up":[{"embeddable":true,"href":"https:\/\/www.eberle.at\/de\/wp-json\/wp\/v2\/pages\/233"}],"wp:attachment":[{"href":"https:\/\/www.eberle.at\/de\/wp-json\/wp\/v2\/media?parent=6035"}],"curies":[{"name":"wp","href":"https:\/\/api.w.org\/{rel}","templated":true}]}}