{"id":5650,"date":"2019-10-02T08:49:07","date_gmt":"2019-10-02T07:49:07","guid":{"rendered":"https:\/\/www.eberle.at\/company\/mvtec-certified-integration-partner\/"},"modified":"2026-02-19T11:03:49","modified_gmt":"2026-02-19T10:03:49","slug":"kassow-robots-partner","status":"publish","type":"page","link":"https:\/\/www.eberle.at\/en\/company\/kassow-robots-partner\/","title":{"rendered":"Kassow Robots Partner"},"content":{"rendered":"<div class=\"wpb-content-wrapper\"><h1 class=\"seo-page-title\">Kassow Robots Partner<\/h1><p>[vc_row el_class=&#8221;full-width&#8221;][vc_column][vc_single_image image=&#8221;5663&#8243; img_size=&#8221;full&#8221;][\/vc_column][\/vc_row][vc_row el_class=&#8221;card&#8221;][vc_column width=&#8221;1\/3&#8243;][vc_column_text]<\/p>\n<h2>Kassow Robots Partner<\/h2>\n<p>[\/vc_column_text][\/vc_column][vc_column width=&#8221;1\/3&#8243;][vc_column_text]<\/p>\n<h3><strong>Eberle Automatische Systeme as first Austrian partner in the Kassow Robots network<\/strong><\/h3>\n<p>As an innovative system integrator, we offer our customers customized and technologically extraordinary solutions. The 7th axis of Kassow cobots enables a wide range of applications for smart, intelligent automation and significantly expands our portfolio in the area of human-machine collaboration.<\/p>\n<p>We are very happy about the Danish-Austrian cooperation![\/vc_column_text][\/vc_column][vc_column width=&#8221;1\/3&#8243;][vc_column_text]Kassow-Leichtbau-Cobots bieten die M\u00f6glichkeit zur Umsetzung kosteneffizienter, smarter Roboterl\u00f6sungen f\u00fcr flexible Produktionsabl\u00e4ufe als Antwort auf den Trend der steigenden Automatisierung und Verf\u00fcgbarkeit.<\/p>\n<p>Performance und Flexibilit\u00e4t der kompakten 7-Achs-Cobots \u00fcberzeugen und begeistern!<\/p>\n<p><a href=\"https:\/\/www.kassowrobots.com\/\" target=\"_blank\" rel=\"noopener\">Kassow RobotsStrong. Fast. Simple.<\/a>[\/vc_column_text][\/vc_column][\/vc_row][vc_row][vc_column width=&#8221;1\/3&#8243;][vc_single_image image=&#8221;5382&#8243; img_size=&#8221;full&#8221;][\/vc_column][vc_column width=&#8221;1\/3&#8243;][vc_single_image image=&#8221;5656&#8243; img_size=&#8221;full&#8221;][\/vc_column][vc_column width=&#8221;1\/3&#8243;][vc_single_image image=&#8221;5666&#8243; img_size=&#8221;full&#8221;][\/vc_column][\/vc_row]<\/p>\n<\/div>","protected":false},"excerpt":{"rendered":"<p>Kassow Robots Partner[vc_row el_class=&#8221;full-width&#8221;][vc_column][vc_single_image image=&#8221;5663&#8243; img_size=&#8221;full&#8221;][\/vc_column][\/vc_row][vc_row el_class=&#8221;card&#8221;][vc_column width=&#8221;1\/3&#8243;][vc_column_text] Kassow Robots Partner [\/vc_column_text][\/vc_column][vc_column width=&#8221;1\/3&#8243;][vc_column_text] Eberle Automatische Systeme as first Austrian partner in the Kassow Robots network As an innovative system integrator, we offer our customers customized and technologically extraordinary solutions. The 7th axis of Kassow cobots enables a wide range of applications for smart, intelligent automation [&hellip;]<\/p>\n","protected":false},"author":1,"featured_media":0,"parent":602,"menu_order":53,"comment_status":"closed","ping_status":"closed","template":"","meta":{"footnotes":""},"class_list":["post-5650","page","type-page","status-publish","hentry"],"_links":{"self":[{"href":"https:\/\/www.eberle.at\/en\/wp-json\/wp\/v2\/pages\/5650","targetHints":{"allow":["GET"]}}],"collection":[{"href":"https:\/\/www.eberle.at\/en\/wp-json\/wp\/v2\/pages"}],"about":[{"href":"https:\/\/www.eberle.at\/en\/wp-json\/wp\/v2\/types\/page"}],"author":[{"embeddable":true,"href":"https:\/\/www.eberle.at\/en\/wp-json\/wp\/v2\/users\/1"}],"replies":[{"embeddable":true,"href":"https:\/\/www.eberle.at\/en\/wp-json\/wp\/v2\/comments?post=5650"}],"version-history":[{"count":8,"href":"https:\/\/www.eberle.at\/en\/wp-json\/wp\/v2\/pages\/5650\/revisions"}],"predecessor-version":[{"id":18403,"href":"https:\/\/www.eberle.at\/en\/wp-json\/wp\/v2\/pages\/5650\/revisions\/18403"}],"up":[{"embeddable":true,"href":"https:\/\/www.eberle.at\/en\/wp-json\/wp\/v2\/pages\/602"}],"wp:attachment":[{"href":"https:\/\/www.eberle.at\/en\/wp-json\/wp\/v2\/media?parent=5650"}],"curies":[{"name":"wp","href":"https:\/\/api.w.org\/{rel}","templated":true}]}}